{"id":63119,"date":"2024-07-04T10:20:32","date_gmt":"2024-07-04T08:20:32","guid":{"rendered":"https:\/\/www.dynatos.com\/company\/open-application\/"},"modified":"2026-04-07T13:45:33","modified_gmt":"2026-04-07T11:45:33","slug":"open-application","status":"publish","type":"page","link":"https:\/\/www.dynatos.com\/no\/company\/open-application\/","title":{"rendered":"\u00c5pen s\u00f8knad"},"content":{"rendered":"<section class=\"l-section wpb_row us_custom_9490d1b6 has_text_color height_medium\"><div class=\"l-section-h i-cf\"><div class=\"g-cols vc_row via_flex valign_top type_default stacking_default\"><div class=\"vc_col-sm-12 wpb_column vc_column_container\"><div class=\"vc_column-inner\"><div class=\"wpb_wrapper\"><div id=\"breadcrumbs\"><\/div><div class=\"wpb_text_column us_custom_cdd035e8\"><div class=\"wpb_wrapper\">\n<\/div><\/div><div class=\"g-cols wpb_row via_flex valign_middle type_default stacking_default\"><div class=\"vc_col-sm-6 wpb_column vc_column_container\"><div class=\"vc_column-inner\"><div class=\"wpb_wrapper\"><div class=\"w-separator size_small\"><\/div><div class=\"wpb_text_column us_custom_9de87d4e\"><div class=\"wpb_wrapper\"><h1>\u00c5pen s\u00f8knad<\/h1>\n<\/div><\/div><div class=\"wpb_text_column us_custom_60ba3dc7\"><div class=\"wpb_wrapper\"><p>Vi er alltid p\u00e5 jakt etter talenter.<\/p>\n<\/div><\/div><div class=\"w-separator size_small\"><\/div><div class=\"w-popup w-btn-wrapper align_none\"><button class=\"w-popup-trigger type_btn w-btn us-btn-style_1\" aria-label=\"F\u00e5 beskjed og v\u00e6r f\u00f8rst\" type=\"button\"><span class=\"w-btn-label\">F\u00e5 beskjed og v\u00e6r f\u00f8rst<\/span><\/button><div class=\"w-popup-overlay\" style=\"background:rgba(0,0,0,0.85);\"><\/div><div class=\"w-popup-wrap layout_default\" role=\"dialog\" aria-modal=\"true\" aria-label=\"Popup\" style=\"--title-color:var(--color-content-heading);--title-bg-color:#ffffff;--content-color:var(--color-content-text);--content-bg-color:var(--color-content-bg-grad, var(--color-content-bg) );--popup-border-radius:20px;--popup-width:600px;--popup-padding:5%;\"><button aria-label=\"Lukk\" class=\"w-popup-closer\" type=\"button\"><\/button><div class=\"w-popup-box animation_fadeIn closerpos_outside with_title\"><div class=\"w-popup-box-h\"><div class=\"w-popup-box-title\">Motta v\u00e5re nyeste blogginnlegg og oppdateringer<\/div><div class=\"w-popup-box-content\"><p>\n\t\t\t\t\t\t<script>\n\t\t\t\t\t\t\twindow.hsFormsOnReady = window.hsFormsOnReady || [];\n\t\t\t\t\t\t\twindow.hsFormsOnReady.push(()=>{\n\t\t\t\t\t\t\t\thbspt.forms.create({\n\t\t\t\t\t\t\t\t\tportalId: 25303047,\n\t\t\t\t\t\t\t\t\tformId: \"8f849b51-4c36-4325-ac30-2dc872d0cf3e\",\n\t\t\t\t\t\t\t\t\ttarget: \"#hbspt-form-1775565792000-8916579826\",\n\t\t\t\t\t\t\t\t\tregion: \"eu1\",\n\t\t\t\t\t\t\t\t\t\n\t\t\t\t\t\t\t})});\n\t\t\t\t\t\t<\/script>\n\t\t\t\t\t\t<div class=\"hbspt-form\" id=\"hbspt-form-1775565792000-8916579826\"><\/div>\n<\/div><\/div><\/div><\/div><\/div><div class=\"w-separator hide_on_default hide_on_laptops hide_on_tablets size_large\"><\/div><div class=\"w-image us_custom_efc52fc9 hide_on_mobiles has_height align_none\"><div class=\"w-image-h\"><img decoding=\"async\" width=\"600\" height=\"400\" src=\"https:\/\/www.dynatos.com\/wp-content\/uploads\/2024\/04\/pattern-secondary-base-dots.svg\" class=\"attachment-medium size-medium\" alt=\"\" loading=\"lazy\" \/><\/div><\/div><\/div><\/div><\/div><div class=\"vc_col-sm-6 wpb_column vc_column_container\"><div class=\"vc_column-inner\"><div class=\"wpb_wrapper\"><div class=\"w-image us_custom_5e8a7298 has_ratio align_none\"><div class=\"w-image-h\"><div style=\"padding-bottom:36%\"><\/div><img decoding=\"async\" width=\"600\" height=\"400\" src=\"https:\/\/www.dynatos.com\/wp-content\/uploads\/2024\/07\/Dynatos-Kick-off-24-RVM-_FVV3339-small-600x400.jpg\" class=\"attachment-medium size-medium\" alt=\"\" loading=\"lazy\" \/><\/div><\/div><div class=\"w-image us_custom_a1fbe832 has_height align_none\"><div class=\"w-image-h\"><img decoding=\"async\" width=\"1024\" height=\"1024\" src=\"https:\/\/www.dynatos.com\/wp-content\/uploads\/2024\/04\/pattern-left-top.svg\" class=\"attachment-large size-large\" alt=\"\" loading=\"lazy\" \/><\/div><\/div><\/div><\/div><\/div><\/div><\/div><\/div><\/div><\/div><\/div><\/section><section class=\"l-section wpb_row height_medium\"><div class=\"l-section-h i-cf\"><div class=\"g-cols vc_row via_flex valign_top type_default stacking_default\"><div class=\"vc_col-sm-12 wpb_column vc_column_container\"><div class=\"vc_column-inner\"><div class=\"wpb_wrapper\"><div class=\"w-vwrapper us_custom_1c329240 align_none valign_top\" id=\"register\"><div class=\"wpb_text_column\"><div class=\"wpb_wrapper\"><h2>Fortell oss mer om deg selv<\/h2>\n<\/div><\/div><div class=\"w-separator size_custom\" style=\"height:1rem\"><\/div><div class=\"wpb_text_column\"><div class=\"wpb_wrapper\">\n\t\t\t\t\t\t<script>\n\t\t\t\t\t\t\twindow.hsFormsOnReady = window.hsFormsOnReady || [];\n\t\t\t\t\t\t\twindow.hsFormsOnReady.push(()=>{\n\t\t\t\t\t\t\t\thbspt.forms.create({\n\t\t\t\t\t\t\t\t\tportalId: 25303047,\n\t\t\t\t\t\t\t\t\tformId: \"a66d5f5a-83cc-453d-9998-4eb7b599ddbd\",\n\t\t\t\t\t\t\t\t\ttarget: \"#hbspt-form-1775565792000-8810996817\",\n\t\t\t\t\t\t\t\t\tregion: \"eu1\",\n\t\t\t\t\t\t\t\t\t\n\t\t\t\t\t\t\t})});\n\t\t\t\t\t\t<\/script>\n\t\t\t\t\t\t<div class=\"hbspt-form\" id=\"hbspt-form-1775565792000-8810996817\"><\/div>\n<\/div><\/div><\/div><\/div><\/div><\/div><\/div><\/div><\/section>\n","protected":false},"excerpt":{"rendered":"\u00c5pen s\u00f8knad Vi er alltid p\u00e5 jakt etter talenter. F\u00e5 beskjed og v\u00e6r f\u00f8rstMotta v\u00e5re nyeste blogginnlegg og oppdateringer Fortell...","protected":false},"author":13,"featured_media":0,"parent":59427,"menu_order":1,"comment_status":"closed","ping_status":"closed","template":"","meta":{"_acf_changed":false,"content-type":"","inline_featured_image":false,"footnotes":""},"class_list":["post-63119","page","type-page","status-publish","hentry"],"acf":[],"yoast_head":"<!-- This site is optimized with the Yoast SEO Premium plugin v27.3 (Yoast SEO v27.3) - https:\/\/yoast.com\/product\/yoast-seo-premium-wordpress\/ -->\n<title>\u00c5pen s\u00f8knad - Dynatos<\/title>\n<meta name=\"description\" content=\"Vi er alltid p\u00e5 jakt etter talenter. Fortell oss mer om deg selv, s\u00e5 kontakter vi deg snart.\" \/>\n<meta name=\"robots\" content=\"index, follow, max-snippet:-1, max-image-preview:large, max-video-preview:-1\" \/>\n<link rel=\"canonical\" href=\"https:\/\/www.dynatos.com\/no\/company\/open-application\/\" \/>\n<meta property=\"og:locale\" content=\"nb_NO\" \/>\n<meta property=\"og:type\" content=\"article\" \/>\n<meta property=\"og:title\" content=\"\u00c5pen s\u00f8knad\" \/>\n<meta property=\"og:description\" content=\"Vi er alltid p\u00e5 jakt etter talenter. Fortell oss mer om deg selv, s\u00e5 kontakter vi deg snart.\" \/>\n<meta property=\"og:url\" content=\"https:\/\/www.dynatos.com\/no\/company\/open-application\/\" \/>\n<meta property=\"og:site_name\" content=\"Dynatos\" \/>\n<meta property=\"article:modified_time\" content=\"2026-04-07T11:45:33+00:00\" \/>\n<meta name=\"twitter:card\" content=\"summary_large_image\" \/>\n<script type=\"application\/ld+json\" class=\"yoast-schema-graph\">{\"@context\":\"https:\\\/\\\/schema.org\",\"@graph\":[{\"@type\":\"WebPage\",\"@id\":\"https:\\\/\\\/www.dynatos.com\\\/no\\\/company\\\/open-application\\\/\",\"url\":\"https:\\\/\\\/www.dynatos.com\\\/no\\\/company\\\/open-application\\\/\",\"name\":\"\u00c5pen s\u00f8knad - Dynatos\",\"isPartOf\":{\"@id\":\"https:\\\/\\\/www.dynatos.com\\\/no\\\/#website\"},\"datePublished\":\"2024-07-04T08:20:32+00:00\",\"dateModified\":\"2026-04-07T11:45:33+00:00\",\"description\":\"Vi er alltid p\u00e5 jakt etter talenter. Fortell oss mer om deg selv, s\u00e5 kontakter vi deg snart.\",\"breadcrumb\":{\"@id\":\"https:\\\/\\\/www.dynatos.com\\\/no\\\/company\\\/open-application\\\/#breadcrumb\"},\"inLanguage\":\"nb-NO\",\"potentialAction\":[{\"@type\":\"ReadAction\",\"target\":[\"https:\\\/\\\/www.dynatos.com\\\/no\\\/company\\\/open-application\\\/\"]}]},{\"@type\":\"BreadcrumbList\",\"@id\":\"https:\\\/\\\/www.dynatos.com\\\/no\\\/company\\\/open-application\\\/#breadcrumb\",\"itemListElement\":[{\"@type\":\"ListItem\",\"position\":1,\"name\":\"Selskap\",\"item\":\"https:\\\/\\\/www.dynatos.com\\\/no\\\/company\\\/\"},{\"@type\":\"ListItem\",\"position\":2,\"name\":\"\u00c5pen s\u00f8knad\"}]},{\"@type\":\"WebSite\",\"@id\":\"https:\\\/\\\/www.dynatos.com\\\/no\\\/#website\",\"url\":\"https:\\\/\\\/www.dynatos.com\\\/no\\\/\",\"name\":\"Dynatos\",\"description\":\"Intelligent Finance Automation\",\"potentialAction\":[{\"@type\":\"SearchAction\",\"target\":{\"@type\":\"EntryPoint\",\"urlTemplate\":\"https:\\\/\\\/www.dynatos.com\\\/no\\\/?s={search_term_string}\"},\"query-input\":{\"@type\":\"PropertyValueSpecification\",\"valueRequired\":true,\"valueName\":\"search_term_string\"}}],\"inLanguage\":\"nb-NO\"}]}<\/script>\n<!-- \/ Yoast SEO Premium plugin. -->","yoast_head_json":{"title":"\u00c5pen s\u00f8knad - Dynatos","description":"Vi er alltid p\u00e5 jakt etter talenter. Fortell oss mer om deg selv, s\u00e5 kontakter vi deg snart.","robots":{"index":"index","follow":"follow","max-snippet":"max-snippet:-1","max-image-preview":"max-image-preview:large","max-video-preview":"max-video-preview:-1"},"canonical":"https:\/\/www.dynatos.com\/no\/company\/open-application\/","og_locale":"nb_NO","og_type":"article","og_title":"\u00c5pen s\u00f8knad","og_description":"Vi er alltid p\u00e5 jakt etter talenter. Fortell oss mer om deg selv, s\u00e5 kontakter vi deg snart.","og_url":"https:\/\/www.dynatos.com\/no\/company\/open-application\/","og_site_name":"Dynatos","article_modified_time":"2026-04-07T11:45:33+00:00","twitter_card":"summary_large_image","schema":{"@context":"https:\/\/schema.org","@graph":[{"@type":"WebPage","@id":"https:\/\/www.dynatos.com\/no\/company\/open-application\/","url":"https:\/\/www.dynatos.com\/no\/company\/open-application\/","name":"\u00c5pen s\u00f8knad - Dynatos","isPartOf":{"@id":"https:\/\/www.dynatos.com\/no\/#website"},"datePublished":"2024-07-04T08:20:32+00:00","dateModified":"2026-04-07T11:45:33+00:00","description":"Vi er alltid p\u00e5 jakt etter talenter. Fortell oss mer om deg selv, s\u00e5 kontakter vi deg snart.","breadcrumb":{"@id":"https:\/\/www.dynatos.com\/no\/company\/open-application\/#breadcrumb"},"inLanguage":"nb-NO","potentialAction":[{"@type":"ReadAction","target":["https:\/\/www.dynatos.com\/no\/company\/open-application\/"]}]},{"@type":"BreadcrumbList","@id":"https:\/\/www.dynatos.com\/no\/company\/open-application\/#breadcrumb","itemListElement":[{"@type":"ListItem","position":1,"name":"Selskap","item":"https:\/\/www.dynatos.com\/no\/company\/"},{"@type":"ListItem","position":2,"name":"\u00c5pen s\u00f8knad"}]},{"@type":"WebSite","@id":"https:\/\/www.dynatos.com\/no\/#website","url":"https:\/\/www.dynatos.com\/no\/","name":"Dynatos","description":"Intelligent Finance Automation","potentialAction":[{"@type":"SearchAction","target":{"@type":"EntryPoint","urlTemplate":"https:\/\/www.dynatos.com\/no\/?s={search_term_string}"},"query-input":{"@type":"PropertyValueSpecification","valueRequired":true,"valueName":"search_term_string"}}],"inLanguage":"nb-NO"}]}},"jetpack_sharing_enabled":true,"_links":{"self":[{"href":"https:\/\/www.dynatos.com\/no\/wp-json\/wp\/v2\/pages\/63119","targetHints":{"allow":["GET"]}}],"collection":[{"href":"https:\/\/www.dynatos.com\/no\/wp-json\/wp\/v2\/pages"}],"about":[{"href":"https:\/\/www.dynatos.com\/no\/wp-json\/wp\/v2\/types\/page"}],"author":[{"embeddable":true,"href":"https:\/\/www.dynatos.com\/no\/wp-json\/wp\/v2\/users\/13"}],"replies":[{"embeddable":true,"href":"https:\/\/www.dynatos.com\/no\/wp-json\/wp\/v2\/comments?post=63119"}],"version-history":[{"count":1,"href":"https:\/\/www.dynatos.com\/no\/wp-json\/wp\/v2\/pages\/63119\/revisions"}],"predecessor-version":[{"id":65432,"href":"https:\/\/www.dynatos.com\/no\/wp-json\/wp\/v2\/pages\/63119\/revisions\/65432"}],"up":[{"embeddable":true,"href":"https:\/\/www.dynatos.com\/no\/wp-json\/wp\/v2\/pages\/59427"}],"wp:attachment":[{"href":"https:\/\/www.dynatos.com\/no\/wp-json\/wp\/v2\/media?parent=63119"}],"curies":[{"name":"wp","href":"https:\/\/api.w.org\/{rel}","templated":true}]}}