{"id":62859,"date":"2024-09-17T08:14:40","date_gmt":"2024-09-17T06:14:40","guid":{"rendered":"https:\/\/www.dynatos.com\/?page_id=62859"},"modified":"2026-04-07T13:45:17","modified_gmt":"2026-04-07T11:45:17","slug":"karriere","status":"publish","type":"page","link":"https:\/\/www.dynatos.com\/no\/company\/karriere\/","title":{"rendered":"Karriere"},"content":{"rendered":"<section class=\"l-section wpb_row us_custom_9490d1b6 has_text_color height_medium\"><div class=\"l-section-h i-cf\"><div class=\"g-cols vc_row via_flex valign_top type_default stacking_default\"><div class=\"vc_col-sm-12 wpb_column vc_column_container\"><div class=\"vc_column-inner\"><div class=\"wpb_wrapper\"><div id=\"breadcrumbs\"><\/div><div class=\"wpb_text_column us_custom_cdd035e8\"><div class=\"wpb_wrapper\">\n<\/div><\/div><div class=\"g-cols wpb_row via_flex valign_middle type_default stacking_default\"><div class=\"vc_col-sm-6 wpb_column vc_column_container\"><div class=\"vc_column-inner\"><div class=\"wpb_wrapper\"><div class=\"w-separator size_small\"><\/div><div class=\"wpb_text_column us_custom_9de87d4e\"><div class=\"wpb_wrapper\"><h1>Jobb hos Dynatos<\/h1>\n<\/div><\/div><div class=\"wpb_text_column us_custom_60ba3dc7\"><div class=\"wpb_wrapper\"><p>V\u00e5r kultur kan beskrives som jordn\u00e6r og direkte, der engasjement og kundeopplevelse er sentrale elementer.<\/p>\n<\/div><\/div><div class=\"w-separator size_small\"><\/div><div class=\"w-popup w-btn-wrapper align_none\"><button class=\"w-popup-trigger type_btn w-btn us-btn-style_1\" aria-label=\"F\u00e5 beskjed og v\u00e6r f\u00f8rst\" type=\"button\"><span class=\"w-btn-label\">F\u00e5 beskjed og v\u00e6r f\u00f8rst<\/span><\/button><div class=\"w-popup-overlay\" style=\"background:rgba(0,0,0,0.85);\"><\/div><div class=\"w-popup-wrap layout_default\" role=\"dialog\" aria-modal=\"true\" aria-label=\"Popup\" style=\"--title-color:var(--color-content-heading);--title-bg-color:#ffffff;--content-color:var(--color-content-text);--content-bg-color:var(--color-content-bg-grad, var(--color-content-bg) );--popup-border-radius:20px;--popup-width:600px;--popup-padding:5%;\"><button aria-label=\"Lukk\" class=\"w-popup-closer\" type=\"button\"><\/button><div class=\"w-popup-box animation_fadeIn closerpos_outside with_title\"><div class=\"w-popup-box-h\"><div class=\"w-popup-box-title\">Motta v\u00e5re nyeste blogginnlegg og oppdateringer<\/div><div class=\"w-popup-box-content\"><p>\n\t\t\t\t\t\t<script>\n\t\t\t\t\t\t\twindow.hsFormsOnReady = window.hsFormsOnReady || [];\n\t\t\t\t\t\t\twindow.hsFormsOnReady.push(()=>{\n\t\t\t\t\t\t\t\thbspt.forms.create({\n\t\t\t\t\t\t\t\t\tportalId: 25303047,\n\t\t\t\t\t\t\t\t\tformId: \"8f849b51-4c36-4325-ac30-2dc872d0cf3e\",\n\t\t\t\t\t\t\t\t\ttarget: \"#hbspt-form-1775565737000-3101099802\",\n\t\t\t\t\t\t\t\t\tregion: \"eu1\",\n\t\t\t\t\t\t\t\t\t\n\t\t\t\t\t\t\t})});\n\t\t\t\t\t\t<\/script>\n\t\t\t\t\t\t<div class=\"hbspt-form\" id=\"hbspt-form-1775565737000-3101099802\"><\/div>\n<\/div><\/div><\/div><\/div><\/div><div class=\"w-separator hide_on_default hide_on_laptops hide_on_tablets size_large\"><\/div><div class=\"w-image us_custom_efc52fc9 hide_on_mobiles has_height align_none\"><div class=\"w-image-h\"><img decoding=\"async\" width=\"600\" height=\"400\" src=\"https:\/\/www.dynatos.com\/wp-content\/uploads\/2024\/04\/pattern-secondary-base-dots.svg\" class=\"attachment-medium size-medium\" alt=\"\" loading=\"lazy\" \/><\/div><\/div><\/div><\/div><\/div><div class=\"vc_col-sm-6 wpb_column vc_column_container\"><div class=\"vc_column-inner\"><div class=\"wpb_wrapper\"><div class=\"w-image us_custom_5e8a7298 has_ratio align_none\"><div class=\"w-image-h\"><div style=\"padding-bottom:36%\"><\/div><img decoding=\"async\" width=\"600\" height=\"350\" src=\"https:\/\/www.dynatos.com\/wp-content\/uploads\/2024\/06\/jobs-header-600x350.jpg\" class=\"attachment-medium size-medium\" alt=\"\" loading=\"lazy\" \/><\/div><\/div><div class=\"w-image us_custom_a1fbe832 has_height align_none\"><div class=\"w-image-h\"><img decoding=\"async\" width=\"1024\" height=\"1024\" src=\"https:\/\/www.dynatos.com\/wp-content\/uploads\/2024\/04\/pattern-left-top.svg\" class=\"attachment-large size-large\" alt=\"\" loading=\"lazy\" \/><\/div><\/div><\/div><\/div><\/div><\/div><\/div><\/div><\/div><\/div><\/div><\/section><section class=\"l-section wpb_row us_custom_887a049b height_medium\"><div class=\"l-section-h i-cf\"><div class=\"g-cols vc_row via_flex valign_top type_default stacking_default\"><div class=\"vc_col-sm-12 wpb_column vc_column_container\"><div class=\"vc_column-inner\"><div class=\"wpb_wrapper\"><div class=\"w-separator size_medium\"><\/div><div class=\"wpb_text_column\"><div class=\"wpb_wrapper\"><h2>Karrieren din starter her<\/h2>\n<\/div><\/div><div class=\"w-separator size_custom\" style=\"height:1rem\"><\/div><div class=\"wpb_text_column\"><div class=\"wpb_wrapper\"><p class=\"expertise-list\">Ledige stillinger innen:<\/p>\n<\/div><\/div><div class=\"w-separator size_custom\" style=\"height:1rem\"><\/div><div class=\"wpb_text_column\"><div class=\"wpb_wrapper\"><form id=\"career-filter\" action=\"#us_custom_grid\" method=\"get\"><div class=\"post-filters\"><div class=\"post-filters-wrap\"><input type=\"hidden\" name=\"post_type_slug\" value=\"career\">\n\t\t\t\t\t\t\t\t<input type=\"hidden\" name=\"postperpage\" value=\"12\">\n\t\t\t\t\t\t\t\t<input type=\"hidden\" name=\"filter_1\" value=\"contract-type\">\n\t\t\t\t\t\t\t\t<input type=\"hidden\" name=\"filter_1_type\" value=\"checkbox\">\n\t\t\t\t\t\t\t\t<input type=\"hidden\" name=\"filter_2\" value=\"\">\n\t\t\t\t\t\t\t\t<input type=\"hidden\" name=\"filter_2_type\" value=\"dropdown\">\n\t\t\t\t\t\t\t\t<input type=\"hidden\" name=\"archive_url\" value=\"https:\/\/www.dynatos.com\/no\/company\/karriere\/\"><div class=\"filter-item filter-item-contract-type filter-checkbox-buttons\" data-filter=\"filter-contract-type\"><div class=\"filter-checkbox-wrap\"><div class=\"filter-checkbox\"><label for=\"heltid\"><input class=\"checkbox\" type=\"checkbox\" name=\"filter-contract-type[]\" id=\"heltid\" value=\"heltid\"  \/>Heltid<\/label><\/div><\/div><\/div><\/div><div class=\"postperpage-wrap\"><label for=\"postperpage\">Resultater<\/label><select name=\"postperpage\" id=\"postperpage\" class=\"w-dropdown-list-h\"><option value=\"12\" selected>12<\/option><option value=\"24\" >24<\/option><option value=\"36\" >36<\/option><option value=\"48\" >48<\/option><option value=\"144\" >144<\/option><\/select><\/div><\/div><div class=\"w-separator size_medium\"><\/div><\/form><style>:root{ --columns:2;} @media (max-width:768px){:root{ --columns:1;} }<\/style><div id=\"ajax-grid-results\"><div class=\"w-grid type_grid post-type-archive--career layout_42210 cols_3 with_pagination overflow_hidden\" id=\"us_custom_grid\" style=\"--gap:0.5rem;\" data-filterable=\"true\"><style>@media (max-width:1024px){#us_grid_1 .w-grid-item{width:33.3333%}}@media (max-width:768px){#us_grid_1 .w-grid-item{width:50%}}@media (max-width:600px){#us_grid_1 .w-grid-list{margin:0}#us_grid_1 .w-grid-item{width:100%;padding:0;margin-bottom:var(--gap,0px)}}.layout_42210 .w-grid-item-h{}.layout_42210 .usg_post_image_1{transition-duration:0.3s;transform-origin:50% 50%;transform:scale(1) translate(0%,0%)}.layout_42210 .w-grid-item-h:hover .usg_post_image_1{transform:scale(1.05) translate(0%,0%);opacity:1}.layout_42210 .usg_post_title_1{transition-duration:0.3s;transform-origin:50% 50%;transform:scale(1) translate(0%,0%)}.layout_42210 .w-grid-item-h:hover .usg_post_title_1{transform:scale(1) translate(0%,0%);opacity:1;color:#33A5E0!important}.layout_42210 .usg_vwrapper_1{border-radius:0.5rem!important;overflow:hidden!important;background:#FFFFFF!important;padding:.5rem .5rem 1.5rem .5rem!important}.layout_42210 .usg_post_image_1{border-radius:0.25rem!important}.layout_42210 .usg_vwrapper_2{padding-left:.5rem!important;padding-right:.5rem!important;overflow:hidden!important}.layout_42210 .usg_post_title_1{color:#003C5B!important;font-size:1.125rem!important;line-height:1.5!important;font-family:var(--h1-font-family)!important;font-weight:700!important}.layout_42210 .usg_post_taxonomy_1{font-size:.875rem!important;position:absolute!important;left:.5rem!important;bottom:.5rem!important}.layout_42210 .usg_hwrapper_1{position:relative!important;overflow:hidden!important}.layout_42210 .usg_html_1{margin-top:auto!important}<\/style><div class=\"w-grid-list\"><article class=\"w-grid-item size_1x1 post- career type-career status-publish hentry contract-type-heltid location-dynatos-international-no\" data-id=\"\">\n\t\t\t\t\t<div class=\"w-grid-item-h\">\n\t\t\t\t\t\t<div class=\"w-vwrapper usg_vwrapper_1 align_none valign_top\" style=\"--vwrapper-gap:1rem\">\n\t\t\t\t\t\t\t<div class=\"w-hwrapper usg_hwrapper_1 align_center valign_top\" style=\"--hwrapper-gap:0rem\">\n\t\t\t\t\t\t\t\t<div class=\"w-post-elm post_image usg_post_image_1 has_ratio with_placeholder\">\n\t\t\t\t\t\t\t\t\t<a href=\"https:\/\/www.dynatos.com\/no\/company\/careers\/routty-implementation-consultant\/\" aria-label=\"Routty Konsulent Dokumentbehandling\">\n\t\t\t\t\t\t\t\t\t\t<img decoding=\"async\" width=\"484\" height=\"400\" src=\"https:\/\/www.dynatos.com\/wp-content\/uploads\/2026\/04\/Dynatos-Global-Kickoff-25-RVM_6221-Verbeterd-NR-1-small-2-edit-484x400.jpg\" class=\"attachment-medium size-medium\" alt=\"\" srcset=\"https:\/\/www.dynatos.com\/wp-content\/uploads\/2026\/04\/Dynatos-Global-Kickoff-25-RVM_6221-Verbeterd-NR-1-small-2-edit-484x400.jpg 484w, https:\/\/www.dynatos.com\/wp-content\/uploads\/2026\/04\/Dynatos-Global-Kickoff-25-RVM_6221-Verbeterd-NR-1-small-2-edit-1024x846.jpg 1024w, https:\/\/www.dynatos.com\/wp-content\/uploads\/2026\/04\/Dynatos-Global-Kickoff-25-RVM_6221-Verbeterd-NR-1-small-2-edit-600x496.jpg 600w, https:\/\/www.dynatos.com\/wp-content\/uploads\/2026\/04\/Dynatos-Global-Kickoff-25-RVM_6221-Verbeterd-NR-1-small-2-edit.jpg 1250w\" sizes=\"(max-width: 484px) 100vw, 484px\" \/>\n\t\t\t\t\t\t\t\t\t<\/a>\n\t\t\t\t\t\t\t\t\t<div style=\"padding-bottom:36%\"><\/div>\n\t\t\t\t\t\t\t\t<\/div>\n\t\t\t\t\t\t\t\t<div class=\"w-post-elm post_taxonomy usg_post_taxonomy_1 style_badge color_link_inherit\">\n\t\t\t\t\t\t\t\t\t<span class=\"w-btn us-btn-style_4 term-531 term-heltid\">\n\t\t\t\t\t\t\t\t<span class=\"w-btn-label\">Heltid<\/span>\n\t\t\t\t\t\t  <\/span>\n\t\t\t\t\t\t\t\t<\/div>\n\t\t\t\t\t\t\t<\/div>\n\t\t\t\t\t\t\t<div class=\"w-vwrapper usg_vwrapper_2 align_none valign_top\" style=\"--vwrapper-gap:1rem\">\n\t\t\t\t\t\t\t\t<h2 class=\"w-post-elm post_title usg_post_title_1 has_text_color entry-title color_link_inherit\">Routty Konsulent Dokumentbehandling<\/h2>\n\t\t\t\t\t\t\t\t<div class=\"w-html usg_html_1\">\n\t\t\t\t\t\t\t\t\t<div class=\"w-hwrapper usg_hwrapper_3 align_none valign_middle\" style=\"--hwrapper-gap:0.5rem\">\n\t\t\t\t\t\t<div class=\"w-text usg_text_1 has_text_color\" style=\"font-size: .875rem;\">\n\t\t\t\t\t\t\t<span class=\"w-text-h\">\n\t\t\t\t\t\t\t\t<span class=\"w-text-value\">Avhengig av prosjektet<\/span>\n\t\t\t\t\t\t\t<\/span>\n\t\t\t\t\t\t<\/div>\n\t\t\t\t\t\t<div class=\"w-image usg_image_1\" style=\"width: 0.375rem; height: 0.375rem;\">\n\t\t\t\t\t\t\t<div class=\"w-image-h\">\n\t\t\t\t\t\t\t\t<img width=\"150\" height=\"150\" src=\"https:\/\/www.dynatos.com\/wp-content\/themes\/SideKick\/images\/icon-drop-full.svg\" class=\"attachment-thumbnail size-thumbnail\" alt=\"\" loading=\"lazy\" decoding=\"async\">\n\t\t\t\t\t\t\t<\/div>\n\t\t\t\t\t\t<\/div>\n\t\t\t\t\t\t<div class=\"w-text usg_text_2 has_text_color\" style=\"font-size: .875rem;\">\n\t\t\t\t\t\t\t<span class=\"w-text-h\">\n\t\t\t\t\t\t\t\t<span class=\"w-text-value\">Internasjonalt<\/span>\n\t\t\t\t\t\t\t<\/span>\n\t\t\t\t\t\t<\/div>\n\t\t\t\t\t<\/div>\n\t\t\t\t\t\t\t\t<\/div>\n\t\t\t\t\t\t\t\t<div class=\"w-hwrapper usg_hwrapper_2 align_justify valign_middle wrap\">\n\t\t\t\t\t\t\t\t\t<a class=\"w-btn us-btn-style_11 usg_btn_1\" href=\"https:\/\/www.dynatos.com\/company\/open-application\/\">\n\t\t\t\t\t\t\t\t\t\t<span class=\"w-btn-label\">S\u00f8k n\u00e5<\/span>\n\t\t\t\t\t\t\t\t\t<\/a>\n\t\t\t\t\t\t\t\t\t<a class=\"w-btn us-btn-style_13 arrow-right-after usg_btn_2\" href=\"https:\/\/www.dynatos.com\/no\/company\/careers\/routty-implementation-consultant\/\">\n\t\t\t\t\t\t\t\t\t\t<span class=\"w-btn-label\">Se stilling<\/span>\n\t\t\t\t\t\t\t\t\t<\/a>\n\t\t\t\t\t\t\t\t<\/div>\n\t\t\t\t\t\t<\/div>\n\t\t\t\t\t<\/div>\n\t\t\t\t<\/div>\n\t\t\t<\/article><article class=\"w-grid-item size_1x1 post- career type-career status-publish hentry contract-type-heltid location-dynatos-international-no\" data-id=\"\">\n\t\t\t\t\t<div class=\"w-grid-item-h\">\n\t\t\t\t\t\t<div class=\"w-vwrapper usg_vwrapper_1 align_none valign_top\" style=\"--vwrapper-gap:1rem\">\n\t\t\t\t\t\t\t<div class=\"w-hwrapper usg_hwrapper_1 align_center valign_top\" style=\"--hwrapper-gap:0rem\">\n\t\t\t\t\t\t\t\t<div class=\"w-post-elm post_image usg_post_image_1 has_ratio with_placeholder\">\n\t\t\t\t\t\t\t\t\t<a href=\"https:\/\/www.dynatos.com\/no\/company\/careers\/coupa-consultant\/\" aria-label=\"Coupa-konsulent\">\n\t\t\t\t\t\t\t\t\t\t<img decoding=\"async\" width=\"600\" height=\"400\" src=\"https:\/\/www.dynatos.com\/wp-content\/uploads\/2024\/07\/Dynatos-Kick-off-24-RVM-RVM_3615-small-600x400.jpg\" class=\"attachment-medium size-medium\" alt=\"\" srcset=\"https:\/\/www.dynatos.com\/wp-content\/uploads\/2024\/07\/Dynatos-Kick-off-24-RVM-RVM_3615-small-600x400.jpg 600w, https:\/\/www.dynatos.com\/wp-content\/uploads\/2024\/07\/Dynatos-Kick-off-24-RVM-RVM_3615-small-1024x683.jpg 1024w, https:\/\/www.dynatos.com\/wp-content\/uploads\/2024\/07\/Dynatos-Kick-off-24-RVM-RVM_3615-small-350x233.jpg 350w, https:\/\/www.dynatos.com\/wp-content\/uploads\/2024\/07\/Dynatos-Kick-off-24-RVM-RVM_3615-small.jpg 1500w\" sizes=\"(max-width: 600px) 100vw, 600px\" \/>\n\t\t\t\t\t\t\t\t\t<\/a>\n\t\t\t\t\t\t\t\t\t<div style=\"padding-bottom:36%\"><\/div>\n\t\t\t\t\t\t\t\t<\/div>\n\t\t\t\t\t\t\t\t<div class=\"w-post-elm post_taxonomy usg_post_taxonomy_1 style_badge color_link_inherit\">\n\t\t\t\t\t\t\t\t\t<span class=\"w-btn us-btn-style_4 term-531 term-heltid\">\n\t\t\t\t\t\t\t\t<span class=\"w-btn-label\">Heltid<\/span>\n\t\t\t\t\t\t  <\/span>\n\t\t\t\t\t\t\t\t<\/div>\n\t\t\t\t\t\t\t<\/div>\n\t\t\t\t\t\t\t<div class=\"w-vwrapper usg_vwrapper_2 align_none valign_top\" style=\"--vwrapper-gap:1rem\">\n\t\t\t\t\t\t\t\t<h2 class=\"w-post-elm post_title usg_post_title_1 has_text_color entry-title color_link_inherit\">Coupa-konsulent<\/h2>\n\t\t\t\t\t\t\t\t<div class=\"w-html usg_html_1\">\n\t\t\t\t\t\t\t\t\t<div class=\"w-hwrapper usg_hwrapper_3 align_none valign_middle\" style=\"--hwrapper-gap:0.5rem\">\n\t\t\t\t\t\t<div class=\"w-text usg_text_1 has_text_color\" style=\"font-size: .875rem;\">\n\t\t\t\t\t\t\t<span class=\"w-text-h\">\n\t\t\t\t\t\t\t\t<span class=\"w-text-value\">Avhengig av prosjektet<\/span>\n\t\t\t\t\t\t\t<\/span>\n\t\t\t\t\t\t<\/div>\n\t\t\t\t\t\t<div class=\"w-image usg_image_1\" style=\"width: 0.375rem; height: 0.375rem;\">\n\t\t\t\t\t\t\t<div class=\"w-image-h\">\n\t\t\t\t\t\t\t\t<img width=\"150\" height=\"150\" src=\"https:\/\/www.dynatos.com\/wp-content\/themes\/SideKick\/images\/icon-drop-full.svg\" class=\"attachment-thumbnail size-thumbnail\" alt=\"\" loading=\"lazy\" decoding=\"async\">\n\t\t\t\t\t\t\t<\/div>\n\t\t\t\t\t\t<\/div>\n\t\t\t\t\t\t<div class=\"w-text usg_text_2 has_text_color\" style=\"font-size: .875rem;\">\n\t\t\t\t\t\t\t<span class=\"w-text-h\">\n\t\t\t\t\t\t\t\t<span class=\"w-text-value\">Internasjonalt<\/span>\n\t\t\t\t\t\t\t<\/span>\n\t\t\t\t\t\t<\/div>\n\t\t\t\t\t<\/div>\n\t\t\t\t\t\t\t\t<\/div>\n\t\t\t\t\t\t\t\t<div class=\"w-hwrapper usg_hwrapper_2 align_justify valign_middle wrap\">\n\t\t\t\t\t\t\t\t\t<a class=\"w-btn us-btn-style_11 usg_btn_1\" href=\"https:\/\/www.dynatos.com\/company\/open-application\/\">\n\t\t\t\t\t\t\t\t\t\t<span class=\"w-btn-label\">S\u00f8k n\u00e5<\/span>\n\t\t\t\t\t\t\t\t\t<\/a>\n\t\t\t\t\t\t\t\t\t<a class=\"w-btn us-btn-style_13 arrow-right-after usg_btn_2\" href=\"https:\/\/www.dynatos.com\/no\/company\/careers\/coupa-consultant\/\">\n\t\t\t\t\t\t\t\t\t\t<span class=\"w-btn-label\">Se stilling<\/span>\n\t\t\t\t\t\t\t\t\t<\/a>\n\t\t\t\t\t\t\t\t<\/div>\n\t\t\t\t\t\t<\/div>\n\t\t\t\t\t<\/div>\n\t\t\t\t<\/div>\n\t\t\t<\/article>\t<\/div> <!-- END .w-grid-list --><div class=\"w-grid-preloader\">\t<div class=\"g-preloader type_1\"><div><\/div><\/div><\/div><nav class=\"pagination navigation\" role=\"navigation\"><div class=\"nav-links\"><\/div><\/nav><\/div><\/div>\n<\/div><\/div><\/div><\/div><\/div><\/div><\/div><\/section><section class=\"l-section wpb_row height_medium\"><div class=\"l-section-h i-cf\"><div class=\"g-cols vc_row via_flex valign_top type_default stacking_default\"><div class=\"vc_col-sm-5 wpb_column vc_column_container\"><div class=\"vc_column-inner\"><div class=\"wpb_wrapper\"><div class=\"wpb_text_column\"><div class=\"wpb_wrapper\"><h2>Fant du ikke en perfekt match?<\/h2>\n<p>Vi er alltid p\u00e5 jakt etter dyktige talenter som \u00f8nsker \u00e5 bli en del av teamet v\u00e5rt. Hvis du ikke fant en passende stilling blant v\u00e5re n\u00e5v\u00e6rende utlysninger, oppfordrer vi deg likevel til \u00e5 sende oss CV-en din. Vi \u00f8nsker \u00e5 komme i kontakt med personer som kan tilf\u00f8re organisasjonen v\u00e5r nye perspektiver og kompetanse. Ta gjerne kontakt \u2013 din dr\u00f8mmejobb kan v\u00e6re n\u00e6rmere enn du tror.<\/p>\n<h3>Klar for en spennende karriere hos Dynatos?<\/h3>\n<\/div><\/div><div class=\"w-separator size_small\"><\/div><div class=\"w-btn-wrapper align_none\"><a class=\"w-btn us-btn-style_1 us_custom_39b66fa1 icon_atright\" target=\"_blank\" rel=\"nofollow\" href=\"https:\/\/www.linkedin.com\/company\/1988936\/\"><span class=\"w-btn-label\">S\u00f8k via LinkedIn<\/span><i class=\"fab fa-linkedin-in\"><\/i><\/a><\/div><\/div><\/div><\/div><div class=\"vc_col-sm-7 wpb_column vc_column_container\"><div class=\"vc_column-inner\"><div class=\"wpb_wrapper\"><div class=\"w-vwrapper us_custom_a8d41bb3 align_none valign_top\"><div class=\"wpb_text_column\"><div class=\"wpb_wrapper\"><h2>Har du lyst til \u00e5 bli med oss?<\/h2>\n<p>Send din s\u00f8knad og CV til <a href=\"mailto:info@dynatos.com\" rel=\"noreferrer\">info@dynatos.com<\/a>.<\/p>\n<\/div><\/div><\/div><\/div><\/div><\/div><\/div><\/div><\/section>\n","protected":false},"excerpt":{"rendered":"Stillingen: Som Coupa-konsulent i Dynatos vil ditt fokus v\u00e6re p\u00e5 Coupa sin Source-to-Pay-plattform. Du vil installere og konfigurere Coupa for...","protected":false},"author":4,"featured_media":0,"parent":59427,"menu_order":0,"comment_status":"closed","ping_status":"closed","template":"","meta":{"_acf_changed":false,"content-type":"","inline_featured_image":false,"footnotes":""},"class_list":["post-62859","page","type-page","status-publish","hentry"],"acf":[],"yoast_head":"<!-- This site is optimized with the Yoast SEO Premium plugin v27.3 (Yoast SEO v27.3) - https:\/\/yoast.com\/product\/yoast-seo-premium-wordpress\/ -->\n<title>Karriere - Dynatos<\/title>\n<meta name=\"description\" content=\"Karrieren din starter her. V\u00e5r kultur kan beskrives som jordn\u00e6r og direkte, der engasjement og kundeopplevelse er sentrale elementer.\" \/>\n<meta name=\"robots\" content=\"index, follow, max-snippet:-1, max-image-preview:large, max-video-preview:-1\" \/>\n<link rel=\"canonical\" href=\"https:\/\/www.dynatos.com\/no\/company\/karriere\/\" \/>\n<meta property=\"og:locale\" content=\"nb_NO\" \/>\n<meta property=\"og:type\" content=\"article\" \/>\n<meta property=\"og:title\" content=\"Karriere\" \/>\n<meta property=\"og:description\" content=\"Karrieren din starter her. V\u00e5r kultur kan beskrives som jordn\u00e6r og direkte, der engasjement og kundeopplevelse er sentrale elementer.\" \/>\n<meta property=\"og:url\" content=\"https:\/\/www.dynatos.com\/no\/company\/karriere\/\" \/>\n<meta property=\"og:site_name\" content=\"Dynatos\" \/>\n<meta property=\"article:modified_time\" content=\"2026-04-07T11:45:17+00:00\" \/>\n<meta name=\"twitter:card\" content=\"summary_large_image\" \/>\n<script type=\"application\/ld+json\" class=\"yoast-schema-graph\">{\"@context\":\"https:\\\/\\\/schema.org\",\"@graph\":[{\"@type\":\"WebPage\",\"@id\":\"https:\\\/\\\/www.dynatos.com\\\/no\\\/company\\\/karriere\\\/\",\"url\":\"https:\\\/\\\/www.dynatos.com\\\/no\\\/company\\\/karriere\\\/\",\"name\":\"Karriere - Dynatos\",\"isPartOf\":{\"@id\":\"https:\\\/\\\/www.dynatos.com\\\/no\\\/#website\"},\"datePublished\":\"2024-09-17T06:14:40+00:00\",\"dateModified\":\"2026-04-07T11:45:17+00:00\",\"description\":\"Karrieren din starter her. V\u00e5r kultur kan beskrives som jordn\u00e6r og direkte, der engasjement og kundeopplevelse er sentrale elementer.\",\"breadcrumb\":{\"@id\":\"https:\\\/\\\/www.dynatos.com\\\/no\\\/company\\\/karriere\\\/#breadcrumb\"},\"inLanguage\":\"nb-NO\",\"potentialAction\":[{\"@type\":\"ReadAction\",\"target\":[\"https:\\\/\\\/www.dynatos.com\\\/no\\\/company\\\/karriere\\\/\"]}]},{\"@type\":\"BreadcrumbList\",\"@id\":\"https:\\\/\\\/www.dynatos.com\\\/no\\\/company\\\/karriere\\\/#breadcrumb\",\"itemListElement\":[{\"@type\":\"ListItem\",\"position\":1,\"name\":\"Selskap\",\"item\":\"https:\\\/\\\/www.dynatos.com\\\/no\\\/company\\\/\"},{\"@type\":\"ListItem\",\"position\":2,\"name\":\"Karriere\"}]},{\"@type\":\"WebSite\",\"@id\":\"https:\\\/\\\/www.dynatos.com\\\/no\\\/#website\",\"url\":\"https:\\\/\\\/www.dynatos.com\\\/no\\\/\",\"name\":\"Dynatos\",\"description\":\"Intelligent Finance Automation\",\"potentialAction\":[{\"@type\":\"SearchAction\",\"target\":{\"@type\":\"EntryPoint\",\"urlTemplate\":\"https:\\\/\\\/www.dynatos.com\\\/no\\\/?s={search_term_string}\"},\"query-input\":{\"@type\":\"PropertyValueSpecification\",\"valueRequired\":true,\"valueName\":\"search_term_string\"}}],\"inLanguage\":\"nb-NO\"}]}<\/script>\n<!-- \/ Yoast SEO Premium plugin. -->","yoast_head_json":{"title":"Karriere - Dynatos","description":"Karrieren din starter her. V\u00e5r kultur kan beskrives som jordn\u00e6r og direkte, der engasjement og kundeopplevelse er sentrale elementer.","robots":{"index":"index","follow":"follow","max-snippet":"max-snippet:-1","max-image-preview":"max-image-preview:large","max-video-preview":"max-video-preview:-1"},"canonical":"https:\/\/www.dynatos.com\/no\/company\/karriere\/","og_locale":"nb_NO","og_type":"article","og_title":"Karriere","og_description":"Karrieren din starter her. V\u00e5r kultur kan beskrives som jordn\u00e6r og direkte, der engasjement og kundeopplevelse er sentrale elementer.","og_url":"https:\/\/www.dynatos.com\/no\/company\/karriere\/","og_site_name":"Dynatos","article_modified_time":"2026-04-07T11:45:17+00:00","twitter_card":"summary_large_image","schema":{"@context":"https:\/\/schema.org","@graph":[{"@type":"WebPage","@id":"https:\/\/www.dynatos.com\/no\/company\/karriere\/","url":"https:\/\/www.dynatos.com\/no\/company\/karriere\/","name":"Karriere - Dynatos","isPartOf":{"@id":"https:\/\/www.dynatos.com\/no\/#website"},"datePublished":"2024-09-17T06:14:40+00:00","dateModified":"2026-04-07T11:45:17+00:00","description":"Karrieren din starter her. V\u00e5r kultur kan beskrives som jordn\u00e6r og direkte, der engasjement og kundeopplevelse er sentrale elementer.","breadcrumb":{"@id":"https:\/\/www.dynatos.com\/no\/company\/karriere\/#breadcrumb"},"inLanguage":"nb-NO","potentialAction":[{"@type":"ReadAction","target":["https:\/\/www.dynatos.com\/no\/company\/karriere\/"]}]},{"@type":"BreadcrumbList","@id":"https:\/\/www.dynatos.com\/no\/company\/karriere\/#breadcrumb","itemListElement":[{"@type":"ListItem","position":1,"name":"Selskap","item":"https:\/\/www.dynatos.com\/no\/company\/"},{"@type":"ListItem","position":2,"name":"Karriere"}]},{"@type":"WebSite","@id":"https:\/\/www.dynatos.com\/no\/#website","url":"https:\/\/www.dynatos.com\/no\/","name":"Dynatos","description":"Intelligent Finance Automation","potentialAction":[{"@type":"SearchAction","target":{"@type":"EntryPoint","urlTemplate":"https:\/\/www.dynatos.com\/no\/?s={search_term_string}"},"query-input":{"@type":"PropertyValueSpecification","valueRequired":true,"valueName":"search_term_string"}}],"inLanguage":"nb-NO"}]}},"jetpack_sharing_enabled":true,"_links":{"self":[{"href":"https:\/\/www.dynatos.com\/no\/wp-json\/wp\/v2\/pages\/62859","targetHints":{"allow":["GET"]}}],"collection":[{"href":"https:\/\/www.dynatos.com\/no\/wp-json\/wp\/v2\/pages"}],"about":[{"href":"https:\/\/www.dynatos.com\/no\/wp-json\/wp\/v2\/types\/page"}],"author":[{"embeddable":true,"href":"https:\/\/www.dynatos.com\/no\/wp-json\/wp\/v2\/users\/4"}],"replies":[{"embeddable":true,"href":"https:\/\/www.dynatos.com\/no\/wp-json\/wp\/v2\/comments?post=62859"}],"version-history":[{"count":1,"href":"https:\/\/www.dynatos.com\/no\/wp-json\/wp\/v2\/pages\/62859\/revisions"}],"predecessor-version":[{"id":65429,"href":"https:\/\/www.dynatos.com\/no\/wp-json\/wp\/v2\/pages\/62859\/revisions\/65429"}],"up":[{"embeddable":true,"href":"https:\/\/www.dynatos.com\/no\/wp-json\/wp\/v2\/pages\/59427"}],"wp:attachment":[{"href":"https:\/\/www.dynatos.com\/no\/wp-json\/wp\/v2\/media?parent=62859"}],"curies":[{"name":"wp","href":"https:\/\/api.w.org\/{rel}","templated":true}]}}