{"id":62772,"date":"2024-09-24T12:09:54","date_gmt":"2024-09-24T10:09:54","guid":{"rendered":"https:\/\/www.dynatos.com\/?page_id=62772"},"modified":"2026-04-07T13:41:18","modified_gmt":"2026-04-07T11:41:18","slug":"on-demand","status":"publish","type":"page","link":"https:\/\/www.dynatos.com\/no\/resources\/on-demand\/","title":{"rendered":"On-demand"},"content":{"rendered":"<section class=\"l-section wpb_row us_custom_9490d1b6 has_text_color height_medium\"><div class=\"l-section-h i-cf\"><div class=\"g-cols vc_row via_flex valign_top type_default stacking_default\"><div class=\"vc_col-sm-12 wpb_column vc_column_container\"><div class=\"vc_column-inner\"><div class=\"wpb_wrapper\"><div id=\"breadcrumbs\"><\/div><div class=\"wpb_text_column us_custom_cdd035e8\"><div class=\"wpb_wrapper\">\n<\/div><\/div><div class=\"g-cols wpb_row via_flex valign_middle type_default stacking_default\"><div class=\"vc_col-sm-6 wpb_column vc_column_container\"><div class=\"vc_column-inner\"><div class=\"wpb_wrapper\"><div class=\"w-separator size_small\"><\/div><h1 class=\"w-text us_custom_9de87d4e\"><span class=\"w-text-h\"><span class=\"w-text-value\">On-demand<\/span><\/span><\/h1><div class=\"wpb_text_column us_custom_60ba3dc7\"><div class=\"wpb_wrapper\"><p>Oppdag Dynatos on-demand arrangementer, kurs, webinarer og mer. V\u00e5re arrangementer er utviklet for \u00e5 dele v\u00e5r produkt- og prosesskompetanse med deg. Her finner du alle v\u00e5re kommende arrangementer.<\/p>\n<\/div><\/div><div class=\"w-separator size_small\"><\/div><div class=\"w-popup w-btn-wrapper align_none\"><button class=\"w-popup-trigger type_btn w-btn us-btn-style_1\" aria-label=\"F\u00e5 beskjed og v\u00e6r f\u00f8rst ute\" type=\"button\"><span class=\"w-btn-label\">F\u00e5 beskjed og v\u00e6r f\u00f8rst ute<\/span><\/button><div class=\"w-popup-overlay\" style=\"background:rgba(0,0,0,0.85);\"><\/div><div class=\"w-popup-wrap layout_default\" role=\"dialog\" aria-modal=\"true\" aria-label=\"Popup\" style=\"--title-color:var(--color-content-heading);--title-bg-color:#ffffff;--content-color:var(--color-content-text);--content-bg-color:var(--color-content-bg-grad, var(--color-content-bg) );--popup-border-radius:20px;--popup-width:600px;--popup-padding:5%;\"><button aria-label=\"Lukk\" class=\"w-popup-closer\" type=\"button\"><\/button><div class=\"w-popup-box animation_fadeIn closerpos_outside with_title\"><div class=\"w-popup-box-h\"><div class=\"w-popup-box-title\">Motta v\u00e5re nyeste blogginnlegg og oppdateringer<\/div><div class=\"w-popup-box-content\"><p>\n\t\t\t\t\t\t<script>\n\t\t\t\t\t\t\twindow.hsFormsOnReady = window.hsFormsOnReady || [];\n\t\t\t\t\t\t\twindow.hsFormsOnReady.push(()=>{\n\t\t\t\t\t\t\t\thbspt.forms.create({\n\t\t\t\t\t\t\t\t\tportalId: 25303047,\n\t\t\t\t\t\t\t\t\tformId: \"8f849b51-4c36-4325-ac30-2dc872d0cf3e\",\n\t\t\t\t\t\t\t\t\ttarget: \"#hbspt-form-1775565742000-7081112629\",\n\t\t\t\t\t\t\t\t\tregion: \"eu1\",\n\t\t\t\t\t\t\t\t\t\n\t\t\t\t\t\t\t})});\n\t\t\t\t\t\t<\/script>\n\t\t\t\t\t\t<div class=\"hbspt-form\" id=\"hbspt-form-1775565742000-7081112629\"><\/div>\n<\/div><\/div><\/div><\/div><\/div><div class=\"w-separator hide_on_default hide_on_laptops hide_on_tablets size_large\"><\/div><div class=\"w-image us_custom_efc52fc9 hide_on_mobiles has_height align_none\"><div class=\"w-image-h\"><img decoding=\"async\" width=\"600\" height=\"400\" src=\"https:\/\/www.dynatos.com\/wp-content\/uploads\/2024\/04\/pattern-secondary-base-dots.svg\" class=\"attachment-medium size-medium\" alt=\"\" loading=\"lazy\" \/><\/div><\/div><\/div><\/div><\/div><div class=\"vc_col-sm-6 wpb_column vc_column_container\"><div class=\"vc_column-inner\"><div class=\"wpb_wrapper\"><div class=\"w-post-elm post_image us_custom_5e8a7298 has_ratio\"><img decoding=\"async\" width=\"600\" height=\"400\" src=\"https:\/\/www.dynatos.com\/wp-content\/uploads\/2024\/07\/076-Dynatos_Customer_Care_Event_MeginZondervan-edit-600x400.jpg\" class=\"attachment-medium size-medium wp-post-image\" alt=\"\" \/><div style=\"padding-bottom:47.3684%\"><\/div><\/div><div class=\"w-image us_custom_a1fbe832 has_height align_none\"><div class=\"w-image-h\"><img decoding=\"async\" width=\"1024\" height=\"1024\" src=\"https:\/\/www.dynatos.com\/wp-content\/uploads\/2024\/04\/pattern-left-top.svg\" class=\"attachment-large size-large\" alt=\"\" loading=\"lazy\" \/><\/div><\/div><\/div><\/div><\/div><\/div><\/div><\/div><\/div><\/div><\/div><\/section><section class=\"l-section wpb_row us_custom_887a049b height_medium\"><div class=\"l-section-h i-cf\"><div class=\"g-cols vc_row via_flex valign_top type_default stacking_default\"><div class=\"vc_col-sm-12 wpb_column vc_column_container\"><div class=\"vc_column-inner\"><div class=\"wpb_wrapper\"><div class=\"w-separator size_medium\"><\/div><div class=\"wpb_text_column\"><div class=\"wpb_wrapper\"><h2>Kommende og on-demand virtuelle arrangementer<\/h2>\n<\/div><\/div><div class=\"w-separator size_small\"><\/div><div class=\"wpb_text_column\"><div class=\"wpb_wrapper\"><form id=\"on-demand-filter\" action=\"#us_custom_grid\" method=\"get\"><div class=\"post-filters\"><div class=\"post-filters-wrap\"><input type=\"hidden\" name=\"post_type_slug\" value=\"on-demand\">\n\t\t\t\t\t\t\t\t<input type=\"hidden\" name=\"postperpage\" value=\"8\">\n\t\t\t\t\t\t\t\t<input type=\"hidden\" name=\"filter_1\" value=\"on-demand-type\">\n\t\t\t\t\t\t\t\t<input type=\"hidden\" name=\"filter_1_type\" value=\"checkbox\">\n\t\t\t\t\t\t\t\t<input type=\"hidden\" name=\"filter_2\" value=\"solution\">\n\t\t\t\t\t\t\t\t<input type=\"hidden\" name=\"filter_2_type\" value=\"dropdown\">\n\t\t\t\t\t\t\t\t<input type=\"hidden\" name=\"archive_url\" value=\"https:\/\/www.dynatos.com\/no\/resources\/on-demand\/\"><div class=\"filter-item filter-item-on-demand-type filter-checkbox-buttons\" data-filter=\"filter-on-demand-type\"><div class=\"filter-checkbox-wrap\"><div class=\"filter-checkbox\"><label for=\"ekspertforedrag\"><input class=\"checkbox\" type=\"checkbox\" name=\"filter-on-demand-type[]\" id=\"ekspertforedrag\" value=\"ekspertforedrag\"  \/>Ekspertforedrag<\/label><\/div><div class=\"filter-checkbox\"><label for=\"webinar\"><input class=\"checkbox\" type=\"checkbox\" name=\"filter-on-demand-type[]\" id=\"webinar\" value=\"webinar\"  \/>Webinar<\/label><\/div><\/div><\/div><div class=\"filter-item filter-item-solution filter-checkbox-dropdown\" data-filter=\"filter-solution\"><select name=\"filter-solution[]\" id=filter-solution\"><option value=\"\" selected>Alle Solutions<\/option><option id=\"solution-60373\" value=\"60373\" >SAP-prosessautomatisering for ordrebekreftelser<\/option><option id=\"solution-61548\" value=\"61548\" >Kontraktsstyring<\/option><option id=\"solution-60345\" value=\"60345\" >Source-to-Pay<\/option><option id=\"solution-60261\" value=\"60261\" >Automatisering av Accounts Payable<\/option><option id=\"solution-60297\" value=\"60297\" >Automatisering av Accounts Receivable<\/option><option id=\"solution-60313\" value=\"60313\" >Intelligent dokumentbehandling<\/option><option id=\"solution-60307\" value=\"60307\" >E-fakturering<\/option><option id=\"solution-60354\" value=\"60354\" >SAP-prosessautomatisering<\/option><option id=\"solution-60363\" value=\"60363\" >SAP-prosessautomatisering for leverand\u00f8rreskontro<\/option><option id=\"solution-60379\" value=\"60379\" >SAP-prosessautomatisering for innkj\u00f8psrekvisisjoner<\/option><option id=\"solution-60368\" value=\"60368\" >SAP-prosessautomatisering for f\u00f8lgesedler<\/option><option id=\"solution-60386\" value=\"60386\" >SAP-prosessautomatisering for salgsordre<\/option><\/select><\/div><\/div><div class=\"postperpage-wrap\"><label for=\"postperpage\">Resultater<\/label><select name=\"postperpage\" id=\"postperpage\" class=\"w-dropdown-list-h\"><option value=\"8\" selected>8<\/option><option value=\"16\" >16<\/option><option value=\"24\" >24<\/option><option value=\"32\" >32<\/option><option value=\"64\" >64<\/option><\/select><\/div><\/div><div class=\"w-separator size_medium\"><\/div><\/form><style>:root{ --columns:2;} @media (max-width:768px){:root{ --columns:1;} }<\/style><div id=\"ajax-grid-results\"><div class=\"w-grid type_grid post-type-archive--blog cols_2\" id=\"us_custom_grid\" style=\"--gap:0.5rem;\" data-filterable=\"true\"><div class=\"w-grid-list\"><article class=\"w-grid-item size_1x1 post- on-demand type-on-demand status-publish format-standard has-post-thumbnail hentry category-\" data-id=\"\">\n\t\t\t\t<div class=\"w-grid-item-h\">\n\t\t\t\t\t<a href=\"https:\/\/www.dynatos.com\/no\/on-demand\/ai-in-procurement\/\" class=\"w-grid-item-anchor\" aria-label=\"AI i innkj\u00f8p\"><\/a>\n\t\t\t\t\t<div class=\"w-vwrapper usg_vwrapper_1 align_none valign_top\" style=\"--vwrapper-gap:1rem\">\n\t\t\t\t\t\t<div class=\"w-hwrapper usg_hwrapper_1 align_center valign_top\" style=\"--hwrapper-gap:0rem\">\n\t\t\t\t\t\t\t<div class=\"w-post-elm post_image usg_post_image_1 has_ratio\">\n\t\t\t\t\t\t\t\t<div style=\"padding-bottom:36%\"><\/div>\n\t\t\t\t\t\t\t\t<a href=\"https:\/\/www.dynatos.com\/no\/on-demand\/ai-in-procurement\/\" aria-label=\"AI i innkj\u00f8p\">\n\t\t\t\t\t\t\t\t\t<img decoding=\"async\" width=\"600\" height=\"217\" src=\"https:\/\/www.dynatos.com\/wp-content\/uploads\/2024\/07\/webinar-AI-procurement-NL-600x217.jpg\" class=\"attachment-medium size-medium\" alt=\"\" srcset=\"https:\/\/www.dynatos.com\/wp-content\/uploads\/2024\/07\/webinar-AI-procurement-NL-600x217.jpg 600w, https:\/\/www.dynatos.com\/wp-content\/uploads\/2024\/07\/webinar-AI-procurement-NL-1024x370.jpg 1024w, https:\/\/www.dynatos.com\/wp-content\/uploads\/2024\/07\/webinar-AI-procurement-NL-350x127.jpg 350w, https:\/\/www.dynatos.com\/wp-content\/uploads\/2024\/07\/webinar-AI-procurement-NL.jpg 1920w\" sizes=\"(max-width: 600px) 100vw, 600px\" \/>\n\t\t\t\t\t\t\t\t<\/a>\n\t\t\t\t\t\t\t<\/div>\n\t\t\t\t\t\t\t<div class=\"w-post-elm post_taxonomy usg_post_taxonomy_1 style_badge color_link_inherit\">\n\t\t\t\t\t\t\t\t<div class=\"w-post-elm-list\">\n\t\t\t\t\t\t\t\t\t<span class=\"w-btn us-btn-style_4 term-483 term-webinar\">\n\t\t\t\t\t\t\t\t\t<span class=\"w-btn-label\">Webinar<\/span>\n\t\t\t\t\t\t\t  <\/span>\n\t\t\t\t\t\t\t\t<\/div>\n\t\t\t\t\t\t\t<\/div>\n\t\t\t\t\t\t<\/div>\n\t\t\t\t\t\t<div class=\"w-vwrapper usg_vwrapper_2 align_none valign_top\" style=\"--vwrapper-gap:1rem\">\n\t\t\t\t\t\t\t<time class=\"w-post-elm post_date event-date usg_post_date_1 has_text_color entry-date published\" datetime=\"2024-05-21 00:00:00\">Tue, May 21<\/time>\n\t\t\t\t\t\t\t<h2 class=\"w-post-elm post_title usg_post_title_1 has_text_color entry-title color_link_inherit\">\n\t\t\t\t\t\t\t\t<a href=\"https:\/\/www.dynatos.com\/no\/on-demand\/ai-in-procurement\/\">AI i innkj\u00f8p<\/a>\n\t\t\t\t\t\t\t<\/h2>\n\t\t\t\t\t\t\t<div class=\"w-post-elm post_content usg_post_content_1 has_text_color\">\n\t\t\t\t\t\t\t\t<div class=\"w-post-elm post_content\" itemprop=\"text\">Kunstig intelligens (AI) endrer hvordan virksomheter opererer, med innkj\u00f8p i front av denne utviklingen. AI&hellip;<\/div>\n\t\t\t\t\t\t\t<\/div>\n\t\t\t\t\t\t\t<a class=\"w-btn us-btn-style_13 arrow-right-after usg_btn_1\" href=\"https:\/\/www.dynatos.com\/no\/on-demand\/ai-in-procurement\/\">\n\t\t\t\t\t\t\t\t<span class=\"w-btn-label\">Les mer<\/span>\n\t\t\t\t\t\t\t<\/a>\n\t\t\t\t\t\t<\/div>\n\t\t\t\t\t<\/div>\n\t\t\t\t<\/div>\n\t\t\t<\/article><article class=\"w-grid-item size_1x1 post- on-demand type-on-demand status-publish format-standard has-post-thumbnail hentry category-\" data-id=\"\">\n\t\t\t\t<div class=\"w-grid-item-h\">\n\t\t\t\t\t<a href=\"https:\/\/www.dynatos.com\/no\/on-demand\/coupa-business-spend-management-suite\/\" class=\"w-grid-item-anchor\" aria-label=\"Coupa Business Spend Management suite\"><\/a>\n\t\t\t\t\t<div class=\"w-vwrapper usg_vwrapper_1 align_none valign_top\" style=\"--vwrapper-gap:1rem\">\n\t\t\t\t\t\t<div class=\"w-hwrapper usg_hwrapper_1 align_center valign_top\" style=\"--hwrapper-gap:0rem\">\n\t\t\t\t\t\t\t<div class=\"w-post-elm post_image usg_post_image_1 has_ratio\">\n\t\t\t\t\t\t\t\t<div style=\"padding-bottom:36%\"><\/div>\n\t\t\t\t\t\t\t\t<a href=\"https:\/\/www.dynatos.com\/no\/on-demand\/coupa-business-spend-management-suite\/\" aria-label=\"Coupa Business Spend Management suite\">\n\t\t\t\t\t\t\t\t\t<img decoding=\"async\" width=\"600\" height=\"338\" src=\"https:\/\/www.dynatos.com\/wp-content\/uploads\/2024\/07\/Coupa-BSM-DE-600x338.jpg\" class=\"attachment-medium size-medium\" alt=\"\" srcset=\"https:\/\/www.dynatos.com\/wp-content\/uploads\/2024\/07\/Coupa-BSM-DE-600x338.jpg 600w, https:\/\/www.dynatos.com\/wp-content\/uploads\/2024\/07\/Coupa-BSM-DE-1024x576.jpg 1024w, https:\/\/www.dynatos.com\/wp-content\/uploads\/2024\/07\/Coupa-BSM-DE-350x197.jpg 350w, https:\/\/www.dynatos.com\/wp-content\/uploads\/2024\/07\/Coupa-BSM-DE.jpg 1920w\" sizes=\"(max-width: 600px) 100vw, 600px\" \/>\n\t\t\t\t\t\t\t\t<\/a>\n\t\t\t\t\t\t\t<\/div>\n\t\t\t\t\t\t\t<div class=\"w-post-elm post_taxonomy usg_post_taxonomy_1 style_badge color_link_inherit\">\n\t\t\t\t\t\t\t\t<div class=\"w-post-elm-list\">\n\t\t\t\t\t\t\t\t\t<span class=\"w-btn us-btn-style_4 term-483 term-webinar\">\n\t\t\t\t\t\t\t\t\t<span class=\"w-btn-label\">Webinar<\/span>\n\t\t\t\t\t\t\t  <\/span>\n\t\t\t\t\t\t\t\t<\/div>\n\t\t\t\t\t\t\t<\/div>\n\t\t\t\t\t\t<\/div>\n\t\t\t\t\t\t<div class=\"w-vwrapper usg_vwrapper_2 align_none valign_top\" style=\"--vwrapper-gap:1rem\">\n\t\t\t\t\t\t\t<time class=\"w-post-elm post_date event-date usg_post_date_1 has_text_color entry-date published\" datetime=\"2022-05-26 10:00:00\">Thu, May 26<\/time>\n\t\t\t\t\t\t\t<h2 class=\"w-post-elm post_title usg_post_title_1 has_text_color entry-title color_link_inherit\">\n\t\t\t\t\t\t\t\t<a href=\"https:\/\/www.dynatos.com\/no\/on-demand\/coupa-business-spend-management-suite\/\">Coupa Business Spend Management suite<\/a>\n\t\t\t\t\t\t\t<\/h2>\n\t\t\t\t\t\t\t<div class=\"w-post-elm post_content usg_post_content_1 has_text_color\">\n\t\t\t\t\t\t\t\t<div class=\"w-post-elm post_content\" itemprop=\"text\">Er du klar til \u00e5 revolusjonere organisasjonens finans- og innkj\u00f8psprosesser? I dette webinaret om Coupa&hellip;<\/div>\n\t\t\t\t\t\t\t<\/div>\n\t\t\t\t\t\t\t<a class=\"w-btn us-btn-style_13 arrow-right-after usg_btn_1\" href=\"https:\/\/www.dynatos.com\/no\/on-demand\/coupa-business-spend-management-suite\/\">\n\t\t\t\t\t\t\t\t<span class=\"w-btn-label\">Les mer<\/span>\n\t\t\t\t\t\t\t<\/a>\n\t\t\t\t\t\t<\/div>\n\t\t\t\t\t<\/div>\n\t\t\t\t<\/div>\n\t\t\t<\/article>\t<\/div> <!-- END .w-grid-list --><div class=\"w-grid-preloader\">\t<div class=\"g-preloader type_1\"><div><\/div><\/div><\/div><nav class=\"pagination navigation\" role=\"navigation\"><div class=\"nav-links\"><\/div><\/nav><\/div><\/div>\n<\/div><\/div><\/div><\/div><\/div><\/div><\/div><\/section>\n","protected":false},"excerpt":{"rendered":"Er du klar til \u00e5 revolusjonere organisasjonens finans- og innkj\u00f8psprosesser? I dette webinaret om Coupa Business Spend Management Suite vil...","protected":false},"author":4,"featured_media":60308,"parent":60944,"menu_order":4,"comment_status":"closed","ping_status":"closed","template":"","meta":{"_acf_changed":false,"content-type":"","inline_featured_image":false,"footnotes":""},"class_list":["post-62772","page","type-page","status-publish","has-post-thumbnail","hentry"],"acf":[],"yoast_head":"<!-- This site is optimized with the Yoast SEO Premium plugin v27.3 (Yoast SEO v27.3) - https:\/\/yoast.com\/product\/yoast-seo-premium-wordpress\/ -->\n<title>Dynatos on-demand arrangementer og webinarer - Dynatos<\/title>\n<meta name=\"description\" content=\"Discover Dynatos on-demand events, trainings, webinars and more. Our events are designed to share our product and process knowledge with you.\" \/>\n<meta name=\"robots\" content=\"index, follow, max-snippet:-1, max-image-preview:large, max-video-preview:-1\" \/>\n<link rel=\"canonical\" href=\"https:\/\/www.dynatos.com\/no\/resources\/on-demand\/\" \/>\n<meta property=\"og:locale\" content=\"nb_NO\" \/>\n<meta property=\"og:type\" content=\"article\" \/>\n<meta property=\"og:title\" content=\"On-demand\" \/>\n<meta property=\"og:description\" content=\"Discover Dynatos on-demand events, trainings, webinars and more. Our events are designed to share our product and process knowledge with you.\" \/>\n<meta property=\"og:url\" content=\"https:\/\/www.dynatos.com\/no\/resources\/on-demand\/\" \/>\n<meta property=\"og:site_name\" content=\"Dynatos\" \/>\n<meta property=\"article:modified_time\" content=\"2026-04-07T11:41:18+00:00\" \/>\n<meta property=\"og:image\" content=\"https:\/\/www.dynatos.com\/wp-content\/uploads\/2024\/07\/076-Dynatos_Customer_Care_Event_MeginZondervan-edit.jpg\" \/>\n\t<meta property=\"og:image:width\" content=\"1920\" \/>\n\t<meta property=\"og:image:height\" content=\"1278\" \/>\n\t<meta property=\"og:image:type\" content=\"image\/jpeg\" \/>\n<meta name=\"twitter:card\" content=\"summary_large_image\" \/>\n<script type=\"application\/ld+json\" class=\"yoast-schema-graph\">{\"@context\":\"https:\\\/\\\/schema.org\",\"@graph\":[{\"@type\":\"WebPage\",\"@id\":\"https:\\\/\\\/www.dynatos.com\\\/no\\\/resources\\\/on-demand\\\/\",\"url\":\"https:\\\/\\\/www.dynatos.com\\\/no\\\/resources\\\/on-demand\\\/\",\"name\":\"Dynatos on-demand arrangementer og webinarer - Dynatos\",\"isPartOf\":{\"@id\":\"https:\\\/\\\/www.dynatos.com\\\/no\\\/#website\"},\"primaryImageOfPage\":{\"@id\":\"https:\\\/\\\/www.dynatos.com\\\/no\\\/resources\\\/on-demand\\\/#primaryimage\"},\"image\":{\"@id\":\"https:\\\/\\\/www.dynatos.com\\\/no\\\/resources\\\/on-demand\\\/#primaryimage\"},\"thumbnailUrl\":\"https:\\\/\\\/www.dynatos.com\\\/wp-content\\\/uploads\\\/2024\\\/07\\\/076-Dynatos_Customer_Care_Event_MeginZondervan-edit.jpg\",\"datePublished\":\"2024-09-24T10:09:54+00:00\",\"dateModified\":\"2026-04-07T11:41:18+00:00\",\"description\":\"Discover Dynatos on-demand events, trainings, webinars and more. Our events are designed to share our product and process knowledge with you.\",\"breadcrumb\":{\"@id\":\"https:\\\/\\\/www.dynatos.com\\\/no\\\/resources\\\/on-demand\\\/#breadcrumb\"},\"inLanguage\":\"nb-NO\",\"potentialAction\":[{\"@type\":\"ReadAction\",\"target\":[\"https:\\\/\\\/www.dynatos.com\\\/no\\\/resources\\\/on-demand\\\/\"]}]},{\"@type\":\"ImageObject\",\"inLanguage\":\"nb-NO\",\"@id\":\"https:\\\/\\\/www.dynatos.com\\\/no\\\/resources\\\/on-demand\\\/#primaryimage\",\"url\":\"https:\\\/\\\/www.dynatos.com\\\/wp-content\\\/uploads\\\/2024\\\/07\\\/076-Dynatos_Customer_Care_Event_MeginZondervan-edit.jpg\",\"contentUrl\":\"https:\\\/\\\/www.dynatos.com\\\/wp-content\\\/uploads\\\/2024\\\/07\\\/076-Dynatos_Customer_Care_Event_MeginZondervan-edit.jpg\",\"width\":1920,\"height\":1278},{\"@type\":\"BreadcrumbList\",\"@id\":\"https:\\\/\\\/www.dynatos.com\\\/no\\\/resources\\\/on-demand\\\/#breadcrumb\",\"itemListElement\":[{\"@type\":\"ListItem\",\"position\":1,\"name\":\"Ressurser\",\"item\":\"https:\\\/\\\/www.dynatos.com\\\/no\\\/resources\\\/\"},{\"@type\":\"ListItem\",\"position\":2,\"name\":\"On-demand\"}]},{\"@type\":\"WebSite\",\"@id\":\"https:\\\/\\\/www.dynatos.com\\\/no\\\/#website\",\"url\":\"https:\\\/\\\/www.dynatos.com\\\/no\\\/\",\"name\":\"Dynatos\",\"description\":\"Intelligent Finance Automation\",\"potentialAction\":[{\"@type\":\"SearchAction\",\"target\":{\"@type\":\"EntryPoint\",\"urlTemplate\":\"https:\\\/\\\/www.dynatos.com\\\/no\\\/?s={search_term_string}\"},\"query-input\":{\"@type\":\"PropertyValueSpecification\",\"valueRequired\":true,\"valueName\":\"search_term_string\"}}],\"inLanguage\":\"nb-NO\"}]}<\/script>\n<!-- \/ Yoast SEO Premium plugin. -->","yoast_head_json":{"title":"Dynatos on-demand arrangementer og webinarer - Dynatos","description":"Discover Dynatos on-demand events, trainings, webinars and more. Our events are designed to share our product and process knowledge with you.","robots":{"index":"index","follow":"follow","max-snippet":"max-snippet:-1","max-image-preview":"max-image-preview:large","max-video-preview":"max-video-preview:-1"},"canonical":"https:\/\/www.dynatos.com\/no\/resources\/on-demand\/","og_locale":"nb_NO","og_type":"article","og_title":"On-demand","og_description":"Discover Dynatos on-demand events, trainings, webinars and more. Our events are designed to share our product and process knowledge with you.","og_url":"https:\/\/www.dynatos.com\/no\/resources\/on-demand\/","og_site_name":"Dynatos","article_modified_time":"2026-04-07T11:41:18+00:00","og_image":[{"width":1920,"height":1278,"url":"https:\/\/www.dynatos.com\/wp-content\/uploads\/2024\/07\/076-Dynatos_Customer_Care_Event_MeginZondervan-edit.jpg","type":"image\/jpeg"}],"twitter_card":"summary_large_image","schema":{"@context":"https:\/\/schema.org","@graph":[{"@type":"WebPage","@id":"https:\/\/www.dynatos.com\/no\/resources\/on-demand\/","url":"https:\/\/www.dynatos.com\/no\/resources\/on-demand\/","name":"Dynatos on-demand arrangementer og webinarer - Dynatos","isPartOf":{"@id":"https:\/\/www.dynatos.com\/no\/#website"},"primaryImageOfPage":{"@id":"https:\/\/www.dynatos.com\/no\/resources\/on-demand\/#primaryimage"},"image":{"@id":"https:\/\/www.dynatos.com\/no\/resources\/on-demand\/#primaryimage"},"thumbnailUrl":"https:\/\/www.dynatos.com\/wp-content\/uploads\/2024\/07\/076-Dynatos_Customer_Care_Event_MeginZondervan-edit.jpg","datePublished":"2024-09-24T10:09:54+00:00","dateModified":"2026-04-07T11:41:18+00:00","description":"Discover Dynatos on-demand events, trainings, webinars and more. Our events are designed to share our product and process knowledge with you.","breadcrumb":{"@id":"https:\/\/www.dynatos.com\/no\/resources\/on-demand\/#breadcrumb"},"inLanguage":"nb-NO","potentialAction":[{"@type":"ReadAction","target":["https:\/\/www.dynatos.com\/no\/resources\/on-demand\/"]}]},{"@type":"ImageObject","inLanguage":"nb-NO","@id":"https:\/\/www.dynatos.com\/no\/resources\/on-demand\/#primaryimage","url":"https:\/\/www.dynatos.com\/wp-content\/uploads\/2024\/07\/076-Dynatos_Customer_Care_Event_MeginZondervan-edit.jpg","contentUrl":"https:\/\/www.dynatos.com\/wp-content\/uploads\/2024\/07\/076-Dynatos_Customer_Care_Event_MeginZondervan-edit.jpg","width":1920,"height":1278},{"@type":"BreadcrumbList","@id":"https:\/\/www.dynatos.com\/no\/resources\/on-demand\/#breadcrumb","itemListElement":[{"@type":"ListItem","position":1,"name":"Ressurser","item":"https:\/\/www.dynatos.com\/no\/resources\/"},{"@type":"ListItem","position":2,"name":"On-demand"}]},{"@type":"WebSite","@id":"https:\/\/www.dynatos.com\/no\/#website","url":"https:\/\/www.dynatos.com\/no\/","name":"Dynatos","description":"Intelligent Finance Automation","potentialAction":[{"@type":"SearchAction","target":{"@type":"EntryPoint","urlTemplate":"https:\/\/www.dynatos.com\/no\/?s={search_term_string}"},"query-input":{"@type":"PropertyValueSpecification","valueRequired":true,"valueName":"search_term_string"}}],"inLanguage":"nb-NO"}]}},"jetpack_sharing_enabled":true,"_links":{"self":[{"href":"https:\/\/www.dynatos.com\/no\/wp-json\/wp\/v2\/pages\/62772","targetHints":{"allow":["GET"]}}],"collection":[{"href":"https:\/\/www.dynatos.com\/no\/wp-json\/wp\/v2\/pages"}],"about":[{"href":"https:\/\/www.dynatos.com\/no\/wp-json\/wp\/v2\/types\/page"}],"author":[{"embeddable":true,"href":"https:\/\/www.dynatos.com\/no\/wp-json\/wp\/v2\/users\/4"}],"replies":[{"embeddable":true,"href":"https:\/\/www.dynatos.com\/no\/wp-json\/wp\/v2\/comments?post=62772"}],"version-history":[{"count":1,"href":"https:\/\/www.dynatos.com\/no\/wp-json\/wp\/v2\/pages\/62772\/revisions"}],"predecessor-version":[{"id":65428,"href":"https:\/\/www.dynatos.com\/no\/wp-json\/wp\/v2\/pages\/62772\/revisions\/65428"}],"up":[{"embeddable":true,"href":"https:\/\/www.dynatos.com\/no\/wp-json\/wp\/v2\/pages\/60944"}],"wp:featuredmedia":[{"embeddable":true,"href":"https:\/\/www.dynatos.com\/no\/wp-json\/wp\/v2\/media\/60308"}],"wp:attachment":[{"href":"https:\/\/www.dynatos.com\/no\/wp-json\/wp\/v2\/media?parent=62772"}],"curies":[{"name":"wp","href":"https:\/\/api.w.org\/{rel}","templated":true}]}}