{"id":62766,"date":"2024-09-24T12:08:35","date_gmt":"2024-09-24T10:08:35","guid":{"rendered":"https:\/\/www.dynatos.com\/?page_id=62766"},"modified":"2026-04-07T13:40:19","modified_gmt":"2026-04-07T11:40:19","slug":"arrangementer","status":"publish","type":"page","link":"https:\/\/www.dynatos.com\/no\/resources\/arrangementer\/","title":{"rendered":"Arrangementer"},"content":{"rendered":"<section class=\"l-section wpb_row us_custom_9490d1b6 has_text_color height_medium\"><div class=\"l-section-h i-cf\"><div class=\"g-cols vc_row via_flex valign_top type_default stacking_default\"><div class=\"vc_col-sm-12 wpb_column vc_column_container\"><div class=\"vc_column-inner\"><div class=\"wpb_wrapper\"><div id=\"breadcrumbs\"><\/div><div class=\"wpb_text_column us_custom_cdd035e8\"><div class=\"wpb_wrapper\">\n<\/div><\/div><div class=\"g-cols wpb_row via_flex valign_middle type_default stacking_default\"><div class=\"vc_col-sm-6 wpb_column vc_column_container\"><div class=\"vc_column-inner\"><div class=\"wpb_wrapper\"><div class=\"w-separator size_small\"><\/div><h1 class=\"w-text us_custom_9de87d4e\"><span class=\"w-text-h\"><span class=\"w-text-value\">Arrangementer<\/span><\/span><\/h1><div class=\"wpb_text_column us_custom_112cb6e6\"><div class=\"wpb_wrapper\"><p>Oppdag Dynatos sine arrangementer, kurs, webinarer og mer. V\u00e5re arrangementer er utviklet for \u00e5 dele v\u00e5r produkt- og prosesskunnskap med deg. Her finner du alle v\u00e5re kommende arrangementer.<\/p>\n<\/div><\/div><div class=\"w-separator size_small\"><\/div><div class=\"w-popup w-btn-wrapper align_none\"><button class=\"w-popup-trigger type_btn w-btn us-btn-style_1\" aria-label=\"F\u00e5 varsler og v\u00e6r f\u00f8rst\" type=\"button\"><span class=\"w-btn-label\">F\u00e5 varsler og v\u00e6r f\u00f8rst<\/span><\/button><div class=\"w-popup-overlay\" style=\"background:rgba(0,0,0,0.85);\"><\/div><div class=\"w-popup-wrap layout_default\" role=\"dialog\" aria-modal=\"true\" aria-label=\"Popup\" style=\"--title-color:var(--color-content-heading);--title-bg-color:#ffffff;--content-color:var(--color-content-text);--content-bg-color:var(--color-content-bg-grad, var(--color-content-bg) );--popup-border-radius:20px;--popup-width:600px;--popup-padding:5%;\"><button aria-label=\"Lukk\" class=\"w-popup-closer\" type=\"button\"><\/button><div class=\"w-popup-box animation_fadeIn closerpos_outside with_title\"><div class=\"w-popup-box-h\"><div class=\"w-popup-box-title\">Motta v\u00e5re nyeste blogginnlegg og oppdateringer<\/div><div class=\"w-popup-box-content\"><p>\n\t\t\t\t\t\t<script>\n\t\t\t\t\t\t\twindow.hsFormsOnReady = window.hsFormsOnReady || [];\n\t\t\t\t\t\t\twindow.hsFormsOnReady.push(()=>{\n\t\t\t\t\t\t\t\thbspt.forms.create({\n\t\t\t\t\t\t\t\t\tportalId: 25303047,\n\t\t\t\t\t\t\t\t\tformId: \"8f849b51-4c36-4325-ac30-2dc872d0cf3e\",\n\t\t\t\t\t\t\t\t\ttarget: \"#hbspt-form-1775565741000-4307926733\",\n\t\t\t\t\t\t\t\t\tregion: \"eu1\",\n\t\t\t\t\t\t\t\t\t\n\t\t\t\t\t\t\t})});\n\t\t\t\t\t\t<\/script>\n\t\t\t\t\t\t<div class=\"hbspt-form\" id=\"hbspt-form-1775565741000-4307926733\"><\/div>\n<\/div><\/div><\/div><\/div><\/div><div class=\"w-separator hide_on_default hide_on_laptops hide_on_tablets size_large\"><\/div><div class=\"w-image us_custom_efc52fc9 hide_on_mobiles has_height align_none\"><div class=\"w-image-h\"><img decoding=\"async\" width=\"600\" height=\"400\" src=\"https:\/\/www.dynatos.com\/wp-content\/uploads\/2024\/04\/pattern-secondary-base-dots.svg\" class=\"attachment-medium size-medium\" alt=\"\" loading=\"lazy\" \/><\/div><\/div><\/div><\/div><\/div><div class=\"vc_col-sm-6 wpb_column vc_column_container\"><div class=\"vc_column-inner\"><div class=\"wpb_wrapper\"><div class=\"w-post-elm post_image us_custom_5e8a7298 has_ratio\"><img decoding=\"async\" width=\"600\" height=\"400\" src=\"https:\/\/www.dynatos.com\/wp-content\/uploads\/2024\/10\/Dynatos-accelerate2024-RVM_3612-Verbeterd-NRlogo-600x400.jpg\" class=\"attachment-medium size-medium wp-post-image\" alt=\"\" \/><div style=\"padding-bottom:47.3684%\"><\/div><\/div><div class=\"w-image us_custom_a1fbe832 has_height align_none\"><div class=\"w-image-h\"><img decoding=\"async\" width=\"1024\" height=\"1024\" src=\"https:\/\/www.dynatos.com\/wp-content\/uploads\/2024\/04\/pattern-left-top.svg\" class=\"attachment-large size-large\" alt=\"\" loading=\"lazy\" \/><\/div><\/div><\/div><\/div><\/div><\/div><\/div><\/div><\/div><\/div><\/div><\/section><section class=\"l-section wpb_row us_custom_887a049b height_medium\"><div class=\"l-section-h i-cf\"><div class=\"g-cols vc_row via_flex valign_top type_default stacking_default\"><div class=\"vc_col-sm-12 wpb_column vc_column_container\"><div class=\"vc_column-inner\"><div class=\"wpb_wrapper\"><div class=\"w-separator size_medium\"><\/div><div class=\"wpb_text_column\"><div class=\"wpb_wrapper\"><h2>Kommende og on-demand virtuelle arrangementer<\/h2>\n<\/div><\/div><div class=\"w-separator size_small\"><\/div><div class=\"wpb_text_column\"><div class=\"wpb_wrapper\"><style>:root{ --columns:2;} @media (max-width:768px){:root{ --columns:1;} }<\/style><div id=\"ajax-grid-results\"><div class=\"w-grid type_grid post-type-archive--blog cols_2\" id=\"us_custom_grid\" style=\"--gap:0.5rem;\" data-filterable=\"true\"><div class=\"w-grid-list\"><article class=\"w-grid-item size_1x1 post- event type-event status-publish format-standard has-post-thumbnail hentry category-\" data-id=\"\">\n\t\t\t\t<div class=\"w-grid-item-h\">\n\t\t\t\t\t<a href=\"https:\/\/www.dynatos.com\/no\/event\/france-2026-e-invoicing-webinar\/\" class=\"w-grid-item-anchor\" aria-label=\"Den franske e-invoicing og e-reporting forpliktelsen\"><\/a>\n\t\t\t\t\t<div class=\"w-vwrapper usg_vwrapper_1 align_none valign_top\" style=\"--vwrapper-gap:1rem\">\n\t\t\t\t\t\t<div class=\"w-hwrapper usg_hwrapper_1 align_center valign_top\" style=\"--hwrapper-gap:0rem\">\n\t\t\t\t\t\t\t<div class=\"w-post-elm post_image usg_post_image_1 has_ratio\">\n\t\t\t\t\t\t\t\t<div style=\"padding-bottom:36%\"><\/div>\n\t\t\t\t\t\t\t\t<a href=\"https:\/\/www.dynatos.com\/no\/event\/france-2026-e-invoicing-webinar\/\" aria-label=\"Den franske e-invoicing og e-reporting forpliktelsen\">\n\t\t\t\t\t\t\t\t\t<img decoding=\"async\" width=\"600\" height=\"400\" src=\"https:\/\/www.dynatos.com\/wp-content\/uploads\/2025\/01\/Dynatos-DSC_6833-Verbeterd-NR-small-600x400.jpg\" class=\"attachment-medium size-medium\" alt=\"\" srcset=\"https:\/\/www.dynatos.com\/wp-content\/uploads\/2025\/01\/Dynatos-DSC_6833-Verbeterd-NR-small-600x400.jpg 600w, https:\/\/www.dynatos.com\/wp-content\/uploads\/2025\/01\/Dynatos-DSC_6833-Verbeterd-NR-small-1024x683.jpg 1024w, https:\/\/www.dynatos.com\/wp-content\/uploads\/2025\/01\/Dynatos-DSC_6833-Verbeterd-NR-small.jpg 1500w\" sizes=\"(max-width: 600px) 100vw, 600px\" \/>\n\t\t\t\t\t\t\t\t<\/a>\n\t\t\t\t\t\t\t<\/div>\n\t\t\t\t\t\t\t<div class=\"w-post-elm post_taxonomy usg_post_taxonomy_1 style_badge color_link_inherit\">\n\t\t\t\t\t\t\t\t<div class=\"w-post-elm-list\">\n\t\t\t\t\t\t\t\t\t<span class=\"w-btn us-btn-style_4 term-462 term-webinar\">\n\t\t\t\t\t\t\t\t\t<span class=\"w-btn-label\">Webinar<\/span>\n\t\t\t\t\t\t\t  <\/span>\n\t\t\t\t\t\t\t\t<\/div>\n\t\t\t\t\t\t\t<\/div>\n\t\t\t\t\t\t<\/div>\n\t\t\t\t\t\t<div class=\"w-vwrapper usg_vwrapper_2 align_none valign_top\" style=\"--vwrapper-gap:1rem\">\n\t\t\t\t\t\t\t<time class=\"w-post-elm post_date event-date usg_post_date_1 has_text_color entry-date published\" datetime=\"2026-04-21 11:00:00\">Tue, Apr 21<\/time>\n\t\t\t\t\t\t\t<h2 class=\"w-post-elm post_title usg_post_title_1 has_text_color entry-title color_link_inherit\">\n\t\t\t\t\t\t\t\t<a href=\"https:\/\/www.dynatos.com\/no\/event\/france-2026-e-invoicing-webinar\/\">Den franske e-invoicing og e-reporting forpliktelsen<\/a>\n\t\t\t\t\t\t\t<\/h2>\n\t\t\t\t\t\t\t<div class=\"w-post-elm post_content usg_post_content_1 has_text_color\">\n\t\t\t\t\t\t\t\t<div class=\"w-post-elm post_content\" itemprop=\"text\"><p>Forst\u00e5 den franske e-invoicing og e-reporting forpliktelsen og forbered virksomheten din p\u00e5 september 2026.<\/p>\n<\/div>\n\t\t\t\t\t\t\t<\/div>\n\t\t\t\t\t\t\t<a class=\"w-btn us-btn-style_13 arrow-right-after usg_btn_1\" href=\"https:\/\/www.dynatos.com\/no\/event\/france-2026-e-invoicing-webinar\/\">\n\t\t\t\t\t\t\t\t<span class=\"w-btn-label\">Les mer<\/span>\n\t\t\t\t\t\t\t<\/a>\n\t\t\t\t\t\t<\/div>\n\t\t\t\t\t<\/div>\n\t\t\t\t<\/div>\n\t\t\t<\/article>\t<\/div> <!-- END .w-grid-list --><div class=\"w-grid-preloader\">\t<div class=\"g-preloader type_1\"><div><\/div><\/div><\/div><nav class=\"pagination navigation\" role=\"navigation\"><div class=\"nav-links\"><\/div><\/nav><\/div><\/div>\n<\/div><\/div><div class=\"w-separator size_small\"><\/div><div class=\"w-btn-wrapper align_center\"><a class=\"w-btn us-btn-style_1\" href=\"https:\/\/dynatos.com\/on-demand\/\"><span class=\"w-btn-label\">Se tidligere on-demand arrangementer<\/span><\/a><\/div><\/div><\/div><\/div><\/div><\/div><\/section>\n","protected":false},"excerpt":{"rendered":"Frankrike 2026: Den franske e-invoicing og e-reporting forpliktelsen Hva den franske e-invoicing og e-reporting forpliktelsen betyr i praksis. Fra 1....","protected":false},"author":4,"featured_media":62770,"parent":60944,"menu_order":3,"comment_status":"closed","ping_status":"closed","template":"","meta":{"_acf_changed":false,"content-type":"","inline_featured_image":false,"footnotes":""},"class_list":["post-62766","page","type-page","status-publish","has-post-thumbnail","hentry"],"acf":[],"yoast_head":"<!-- This site is optimized with the Yoast SEO Premium plugin v27.3 (Yoast SEO v27.3) - https:\/\/yoast.com\/product\/yoast-seo-premium-wordpress\/ -->\n<title>Arrangementer - Dynatos<\/title>\n<meta name=\"description\" content=\"Oppdag Dynatos sine arrangementer, kurs, webinarer og mer. V\u00e5re arrangementer er utviklet for \u00e5 dele v\u00e5r produkt- og prosesskunnskap med deg.\" \/>\n<meta name=\"robots\" content=\"index, follow, max-snippet:-1, max-image-preview:large, max-video-preview:-1\" \/>\n<link rel=\"canonical\" href=\"https:\/\/www.dynatos.com\/no\/resources\/arrangementer\/\" \/>\n<meta property=\"og:locale\" content=\"nb_NO\" \/>\n<meta property=\"og:type\" content=\"article\" \/>\n<meta property=\"og:title\" content=\"Arrangementer\" \/>\n<meta property=\"og:description\" content=\"Oppdag Dynatos sine arrangementer, kurs, webinarer og mer. V\u00e5re arrangementer er utviklet for \u00e5 dele v\u00e5r produkt- og prosesskunnskap med deg.\" \/>\n<meta property=\"og:url\" content=\"https:\/\/www.dynatos.com\/no\/resources\/arrangementer\/\" \/>\n<meta property=\"og:site_name\" content=\"Dynatos\" \/>\n<meta property=\"article:modified_time\" content=\"2026-04-07T11:40:19+00:00\" \/>\n<meta property=\"og:image\" content=\"https:\/\/www.dynatos.com\/wp-content\/uploads\/2024\/10\/Dynatos-accelerate2024-RVM_3612-Verbeterd-NRlogo.jpg\" \/>\n\t<meta property=\"og:image:width\" content=\"2048\" \/>\n\t<meta property=\"og:image:height\" content=\"1365\" \/>\n\t<meta property=\"og:image:type\" content=\"image\/jpeg\" \/>\n<meta name=\"twitter:card\" content=\"summary_large_image\" \/>\n<script type=\"application\/ld+json\" class=\"yoast-schema-graph\">{\"@context\":\"https:\\\/\\\/schema.org\",\"@graph\":[{\"@type\":\"WebPage\",\"@id\":\"https:\\\/\\\/www.dynatos.com\\\/no\\\/resources\\\/arrangementer\\\/\",\"url\":\"https:\\\/\\\/www.dynatos.com\\\/no\\\/resources\\\/arrangementer\\\/\",\"name\":\"Arrangementer - Dynatos\",\"isPartOf\":{\"@id\":\"https:\\\/\\\/www.dynatos.com\\\/no\\\/#website\"},\"primaryImageOfPage\":{\"@id\":\"https:\\\/\\\/www.dynatos.com\\\/no\\\/resources\\\/arrangementer\\\/#primaryimage\"},\"image\":{\"@id\":\"https:\\\/\\\/www.dynatos.com\\\/no\\\/resources\\\/arrangementer\\\/#primaryimage\"},\"thumbnailUrl\":\"https:\\\/\\\/www.dynatos.com\\\/wp-content\\\/uploads\\\/2024\\\/10\\\/Dynatos-accelerate2024-RVM_3612-Verbeterd-NRlogo.jpg\",\"datePublished\":\"2024-09-24T10:08:35+00:00\",\"dateModified\":\"2026-04-07T11:40:19+00:00\",\"description\":\"Oppdag Dynatos sine arrangementer, kurs, webinarer og mer. V\u00e5re arrangementer er utviklet for \u00e5 dele v\u00e5r produkt- og prosesskunnskap med deg.\",\"breadcrumb\":{\"@id\":\"https:\\\/\\\/www.dynatos.com\\\/no\\\/resources\\\/arrangementer\\\/#breadcrumb\"},\"inLanguage\":\"nb-NO\",\"potentialAction\":[{\"@type\":\"ReadAction\",\"target\":[\"https:\\\/\\\/www.dynatos.com\\\/no\\\/resources\\\/arrangementer\\\/\"]}]},{\"@type\":\"ImageObject\",\"inLanguage\":\"nb-NO\",\"@id\":\"https:\\\/\\\/www.dynatos.com\\\/no\\\/resources\\\/arrangementer\\\/#primaryimage\",\"url\":\"https:\\\/\\\/www.dynatos.com\\\/wp-content\\\/uploads\\\/2024\\\/10\\\/Dynatos-accelerate2024-RVM_3612-Verbeterd-NRlogo.jpg\",\"contentUrl\":\"https:\\\/\\\/www.dynatos.com\\\/wp-content\\\/uploads\\\/2024\\\/10\\\/Dynatos-accelerate2024-RVM_3612-Verbeterd-NRlogo.jpg\",\"width\":2048,\"height\":1365},{\"@type\":\"BreadcrumbList\",\"@id\":\"https:\\\/\\\/www.dynatos.com\\\/no\\\/resources\\\/arrangementer\\\/#breadcrumb\",\"itemListElement\":[{\"@type\":\"ListItem\",\"position\":1,\"name\":\"Ressurser\",\"item\":\"https:\\\/\\\/www.dynatos.com\\\/no\\\/resources\\\/\"},{\"@type\":\"ListItem\",\"position\":2,\"name\":\"Arrangementer\"}]},{\"@type\":\"WebSite\",\"@id\":\"https:\\\/\\\/www.dynatos.com\\\/no\\\/#website\",\"url\":\"https:\\\/\\\/www.dynatos.com\\\/no\\\/\",\"name\":\"Dynatos\",\"description\":\"Intelligent Finance Automation\",\"potentialAction\":[{\"@type\":\"SearchAction\",\"target\":{\"@type\":\"EntryPoint\",\"urlTemplate\":\"https:\\\/\\\/www.dynatos.com\\\/no\\\/?s={search_term_string}\"},\"query-input\":{\"@type\":\"PropertyValueSpecification\",\"valueRequired\":true,\"valueName\":\"search_term_string\"}}],\"inLanguage\":\"nb-NO\"}]}<\/script>\n<!-- \/ Yoast SEO Premium plugin. -->","yoast_head_json":{"title":"Arrangementer - Dynatos","description":"Oppdag Dynatos sine arrangementer, kurs, webinarer og mer. V\u00e5re arrangementer er utviklet for \u00e5 dele v\u00e5r produkt- og prosesskunnskap med deg.","robots":{"index":"index","follow":"follow","max-snippet":"max-snippet:-1","max-image-preview":"max-image-preview:large","max-video-preview":"max-video-preview:-1"},"canonical":"https:\/\/www.dynatos.com\/no\/resources\/arrangementer\/","og_locale":"nb_NO","og_type":"article","og_title":"Arrangementer","og_description":"Oppdag Dynatos sine arrangementer, kurs, webinarer og mer. V\u00e5re arrangementer er utviklet for \u00e5 dele v\u00e5r produkt- og prosesskunnskap med deg.","og_url":"https:\/\/www.dynatos.com\/no\/resources\/arrangementer\/","og_site_name":"Dynatos","article_modified_time":"2026-04-07T11:40:19+00:00","og_image":[{"width":2048,"height":1365,"url":"https:\/\/www.dynatos.com\/wp-content\/uploads\/2024\/10\/Dynatos-accelerate2024-RVM_3612-Verbeterd-NRlogo.jpg","type":"image\/jpeg"}],"twitter_card":"summary_large_image","schema":{"@context":"https:\/\/schema.org","@graph":[{"@type":"WebPage","@id":"https:\/\/www.dynatos.com\/no\/resources\/arrangementer\/","url":"https:\/\/www.dynatos.com\/no\/resources\/arrangementer\/","name":"Arrangementer - Dynatos","isPartOf":{"@id":"https:\/\/www.dynatos.com\/no\/#website"},"primaryImageOfPage":{"@id":"https:\/\/www.dynatos.com\/no\/resources\/arrangementer\/#primaryimage"},"image":{"@id":"https:\/\/www.dynatos.com\/no\/resources\/arrangementer\/#primaryimage"},"thumbnailUrl":"https:\/\/www.dynatos.com\/wp-content\/uploads\/2024\/10\/Dynatos-accelerate2024-RVM_3612-Verbeterd-NRlogo.jpg","datePublished":"2024-09-24T10:08:35+00:00","dateModified":"2026-04-07T11:40:19+00:00","description":"Oppdag Dynatos sine arrangementer, kurs, webinarer og mer. V\u00e5re arrangementer er utviklet for \u00e5 dele v\u00e5r produkt- og prosesskunnskap med deg.","breadcrumb":{"@id":"https:\/\/www.dynatos.com\/no\/resources\/arrangementer\/#breadcrumb"},"inLanguage":"nb-NO","potentialAction":[{"@type":"ReadAction","target":["https:\/\/www.dynatos.com\/no\/resources\/arrangementer\/"]}]},{"@type":"ImageObject","inLanguage":"nb-NO","@id":"https:\/\/www.dynatos.com\/no\/resources\/arrangementer\/#primaryimage","url":"https:\/\/www.dynatos.com\/wp-content\/uploads\/2024\/10\/Dynatos-accelerate2024-RVM_3612-Verbeterd-NRlogo.jpg","contentUrl":"https:\/\/www.dynatos.com\/wp-content\/uploads\/2024\/10\/Dynatos-accelerate2024-RVM_3612-Verbeterd-NRlogo.jpg","width":2048,"height":1365},{"@type":"BreadcrumbList","@id":"https:\/\/www.dynatos.com\/no\/resources\/arrangementer\/#breadcrumb","itemListElement":[{"@type":"ListItem","position":1,"name":"Ressurser","item":"https:\/\/www.dynatos.com\/no\/resources\/"},{"@type":"ListItem","position":2,"name":"Arrangementer"}]},{"@type":"WebSite","@id":"https:\/\/www.dynatos.com\/no\/#website","url":"https:\/\/www.dynatos.com\/no\/","name":"Dynatos","description":"Intelligent Finance Automation","potentialAction":[{"@type":"SearchAction","target":{"@type":"EntryPoint","urlTemplate":"https:\/\/www.dynatos.com\/no\/?s={search_term_string}"},"query-input":{"@type":"PropertyValueSpecification","valueRequired":true,"valueName":"search_term_string"}}],"inLanguage":"nb-NO"}]}},"jetpack_sharing_enabled":true,"_links":{"self":[{"href":"https:\/\/www.dynatos.com\/no\/wp-json\/wp\/v2\/pages\/62766","targetHints":{"allow":["GET"]}}],"collection":[{"href":"https:\/\/www.dynatos.com\/no\/wp-json\/wp\/v2\/pages"}],"about":[{"href":"https:\/\/www.dynatos.com\/no\/wp-json\/wp\/v2\/types\/page"}],"author":[{"embeddable":true,"href":"https:\/\/www.dynatos.com\/no\/wp-json\/wp\/v2\/users\/4"}],"replies":[{"embeddable":true,"href":"https:\/\/www.dynatos.com\/no\/wp-json\/wp\/v2\/comments?post=62766"}],"version-history":[{"count":1,"href":"https:\/\/www.dynatos.com\/no\/wp-json\/wp\/v2\/pages\/62766\/revisions"}],"predecessor-version":[{"id":65423,"href":"https:\/\/www.dynatos.com\/no\/wp-json\/wp\/v2\/pages\/62766\/revisions\/65423"}],"up":[{"embeddable":true,"href":"https:\/\/www.dynatos.com\/no\/wp-json\/wp\/v2\/pages\/60944"}],"wp:featuredmedia":[{"embeddable":true,"href":"https:\/\/www.dynatos.com\/no\/wp-json\/wp\/v2\/media\/62770"}],"wp:attachment":[{"href":"https:\/\/www.dynatos.com\/no\/wp-json\/wp\/v2\/media?parent=62766"}],"curies":[{"name":"wp","href":"https:\/\/api.w.org\/{rel}","templated":true}]}}