{"id":60982,"date":"2024-04-20T11:32:54","date_gmt":"2024-04-20T09:32:54","guid":{"rendered":"https:\/\/www.dynatos.com\/contact\/"},"modified":"2026-04-07T13:46:01","modified_gmt":"2026-04-07T11:46:01","slug":"contact","status":"publish","type":"page","link":"https:\/\/www.dynatos.com\/no\/contact\/","title":{"rendered":"Kontakt"},"content":{"rendered":"<section class=\"l-section wpb_row us_custom_9490d1b6 has_text_color height_medium\"><div class=\"l-section-h i-cf\"><div class=\"g-cols vc_row via_flex valign_top type_default stacking_default\"><div class=\"vc_col-sm-12 wpb_column vc_column_container\"><div class=\"vc_column-inner\"><div class=\"wpb_wrapper\"><div id=\"breadcrumbs\"><\/div><div class=\"wpb_text_column us_custom_cdd035e8\"><div class=\"wpb_wrapper\">\n<\/div><\/div><div class=\"w-separator size_small\"><\/div><div class=\"g-cols wpb_row via_flex valign_top type_default stacking_default\"><div class=\"vc_col-sm-6 wpb_column vc_column_container\"><div class=\"vc_column-inner\"><div class=\"wpb_wrapper\"><h1 class=\"w-text\"><span class=\"w-text-h\"><span class=\"w-text-value\">Get in touch<\/span><\/span><\/h1><div class=\"wpb_text_column us_custom_60ba3dc7\"><div class=\"wpb_wrapper\"><p>Vi er her for \u00e5 hjelpe deg og svare p\u00e5 alle sp\u00f8rsm\u00e5l du m\u00e5tte ha.<\/p>\n<\/div><\/div><div class=\"w-image us_custom_efc52fc9 has_height align_none\"><div class=\"w-image-h\"><img decoding=\"async\" width=\"600\" height=\"400\" src=\"https:\/\/www.dynatos.com\/wp-content\/uploads\/2024\/04\/pattern-secondary-base-dots.svg\" class=\"attachment-medium size-medium\" alt=\"\" loading=\"lazy\" \/><\/div><\/div><\/div><\/div><\/div><div class=\"vc_col-sm-6 wpb_column vc_column_container\"><div class=\"vc_column-inner\"><div class=\"wpb_wrapper\"><div class=\"w-post-elm post_image us_custom_dad4fece has_ratio\"><img decoding=\"async\" width=\"600\" height=\"400\" src=\"https:\/\/www.dynatos.com\/wp-content\/uploads\/2024\/11\/Dynatos-DSC_6608-Verbeterd-NR-small-600x400.jpg\" class=\"attachment-medium size-medium wp-post-image\" alt=\"Contact Dynatos\" \/><div style=\"padding-bottom:42.8571%\"><\/div><\/div><div class=\"w-image us_custom_a1fbe832 has_height align_none\"><div class=\"w-image-h\"><img decoding=\"async\" width=\"1024\" height=\"1024\" src=\"https:\/\/www.dynatos.com\/wp-content\/uploads\/2024\/04\/pattern-left-top.svg\" class=\"attachment-large size-large\" alt=\"\" loading=\"lazy\" \/><\/div><\/div><\/div><\/div><\/div><\/div><\/div><\/div><\/div><\/div><\/div><\/section><section class=\"l-section wpb_row height_medium\"><div class=\"l-section-h i-cf\"><div class=\"g-cols vc_row via_flex valign_top type_default stacking_default\"><div class=\"vc_col-sm-6 wpb_column vc_column_container\"><div class=\"vc_column-inner\"><div class=\"wpb_wrapper\"><div class=\"wpb_text_column\"><div class=\"wpb_wrapper\"><h2>Kontakt oss<\/h2>\n<\/div><\/div><div class=\"w-separator size_medium\"><\/div><div class=\"wpb_text_column us_custom_b04946f4\"><div class=\"wpb_wrapper\">\n\t\t\t\t\t\t<script>\n\t\t\t\t\t\t\twindow.hsFormsOnReady = window.hsFormsOnReady || [];\n\t\t\t\t\t\t\twindow.hsFormsOnReady.push(()=>{\n\t\t\t\t\t\t\t\thbspt.forms.create({\n\t\t\t\t\t\t\t\t\tportalId: 25303047,\n\t\t\t\t\t\t\t\t\tformId: \"99e9fa43-e3e8-4eb2-b65d-5ad72d923524\",\n\t\t\t\t\t\t\t\t\ttarget: \"#hbspt-form-1775565737000-0352405746\",\n\t\t\t\t\t\t\t\t\tregion: \"eu1\",\n\t\t\t\t\t\t\t\t\t\n\t\t\t\t\t\t\t})});\n\t\t\t\t\t\t<\/script>\n\t\t\t\t\t\t<div class=\"hbspt-form\" id=\"hbspt-form-1775565737000-0352405746\"><\/div>\n<\/div><\/div><\/div><\/div><\/div><div class=\"vc_col-sm-6 wpb_column vc_column_container\"><div class=\"vc_column-inner\"><div class=\"wpb_wrapper\"><div class=\"wpb_text_column\"><div class=\"wpb_wrapper\"><h2>V\u00e5re kontorer<\/h2>\n<\/div><\/div><div class=\"w-separator size_medium\"><\/div><div class=\"g-cols wpb_row us_custom_ec01907a via_flex valign_top type_default stacking_default\"><div class=\"vc_col-sm-6 wpb_column vc_column_container\"><div class=\"vc_column-inner us_custom_4e250dfa\"><div class=\"wpb_wrapper\"><div class=\"w-vwrapper us_custom_f70afa2e align_none valign_top\" style=\"--vwrapper-gap:0rem\"><div class=\"wpb_text_column\"><div class=\"wpb_wrapper\"><h3>BE<\/h3>\n<\/div><\/div><div class=\"wpb_text_column\"><div class=\"wpb_wrapper\"><p>Belgia<br \/>\nVeldkant 35D, 2550<br \/>\nKontich<br \/>\n<a href=\"tel:+3234431200\">+32 34 43 12 00<\/a><\/p>\n<\/div><\/div><div class=\"w-separator size_custom\" style=\"height:1rem\"><\/div><div class=\"w-hwrapper valign_top align_none\" style=\"--hwrapper-gap:1rem\"><div class=\"ult-just-icon-wrapper  \"><div class=\"align-icon\" style=\"text-align:center;\">\n<a class=\"aio-tooltip 69d4fba954b24\" href=\"mailto:info@dynatos.be\" target=\"_blank\" rel=\"nofollow noopener\"  data-toggle=\"tooltip\" data-placement=\"\"><div class=\"aio-icon-img  uavc-circle \" style=\"font-size:19px;background:#33e6dc;display:inline-block;\" data-animation=\"fadeIn\" data-animation-delay=\"03\">\n\t<img decoding=\"async\" class=\"img-icon\" alt=\"null\" src=\"https:\/\/www.dynatos.com\/wp-content\/uploads\/2024\/07\/icon-envelope.svg\"\/>\n<\/div><\/a><\/div><\/div><div class=\"ult-just-icon-wrapper  \"><div class=\"align-icon\" style=\"text-align:center;\">\n<a class=\"aio-tooltip 69d4fba954c7a\" href=\"https:\/\/goo.gl\/maps\/STbjrWu8ms68JvvSA\" target=\"_blank\" rel=\"nofollow noopener\"  data-toggle=\"tooltip\" data-placement=\"\"><div class=\"aio-icon-img  uavc-circle \" style=\"font-size:19px;background:#33e6dc;display:inline-block;\" data-animation=\"fadeIn\" data-animation-delay=\"03\">\n\t<img decoding=\"async\" class=\"img-icon\" alt=\"null\" src=\"https:\/\/www.dynatos.com\/wp-content\/uploads\/2024\/07\/icon-map.svg\"\/>\n<\/div><\/a><\/div><\/div><\/div><\/div><\/div><\/div><\/div><div class=\"vc_col-sm-6 wpb_column vc_column_container\"><div class=\"vc_column-inner us_custom_4a1ea9d0\"><div class=\"wpb_wrapper\"><div class=\"w-vwrapper us_custom_f70afa2e align_none valign_top\" style=\"--vwrapper-gap:0rem\"><div class=\"wpb_text_column\"><div class=\"wpb_wrapper\"><h3>NO<\/h3>\n<\/div><\/div><div class=\"wpb_text_column\"><div class=\"wpb_wrapper\"><p>Norge<br \/>\nFridtjof Nansens vei 19, 0369 Oslo<br \/>\n<a href=\"tel:+4722110900\">+47 22 11 09 00<\/a><\/p>\n<\/div><\/div><div class=\"w-separator size_custom\" style=\"height:1rem\"><\/div><div class=\"w-hwrapper valign_top align_none\" style=\"--hwrapper-gap:1rem\"><div class=\"ult-just-icon-wrapper  \"><div class=\"align-icon\" style=\"text-align:center;\">\n<a class=\"aio-tooltip 69d4fba955119\" href=\"mailto:info@dynatos.no\" target=\"_blank\" rel=\"nofollow noopener\"  data-toggle=\"tooltip\" data-placement=\"\"><div class=\"aio-icon-img  uavc-circle \" style=\"font-size:19px;background:#33e6dc;display:inline-block;\" data-animation=\"fadeIn\" data-animation-delay=\"03\">\n\t<img decoding=\"async\" class=\"img-icon\" alt=\"null\" src=\"https:\/\/www.dynatos.com\/wp-content\/uploads\/2024\/07\/icon-envelope.svg\"\/>\n<\/div><\/a><\/div><\/div><div class=\"ult-just-icon-wrapper  \"><div class=\"align-icon\" style=\"text-align:center;\">\n<a class=\"aio-tooltip 69d4fba95516c\" href=\"https:\/\/maps.app.goo.gl\/iFM5oQEy5T58kEYv7\" target=\"_blank\" rel=\"nofollow noopener\"  data-toggle=\"tooltip\" data-placement=\"\"><div class=\"aio-icon-img  uavc-circle \" style=\"font-size:19px;background:#33e6dc;display:inline-block;\" data-animation=\"fadeIn\" data-animation-delay=\"03\">\n\t<img decoding=\"async\" class=\"img-icon\" alt=\"null\" src=\"https:\/\/www.dynatos.com\/wp-content\/uploads\/2024\/07\/icon-map.svg\"\/>\n<\/div><\/a><\/div><\/div><\/div><\/div><\/div><\/div><\/div><\/div><div class=\"w-separator size_custom\" style=\"height:1rem\"><\/div><div class=\"g-cols wpb_row us_custom_ec01907a via_flex valign_top type_default stacking_default\"><div class=\"vc_col-sm-6 wpb_column vc_column_container\"><div class=\"vc_column-inner us_custom_4e250dfa\"><div class=\"wpb_wrapper\"><div class=\"w-vwrapper us_custom_f70afa2e align_none valign_top\" style=\"--vwrapper-gap:0rem\"><div class=\"wpb_text_column\"><div class=\"wpb_wrapper\"><h3>NL<\/h3>\n<\/div><\/div><div class=\"wpb_text_column\"><div class=\"wpb_wrapper\"><p>Nederland<br \/>\nAstronaut 22G, 3824 MJ<br \/>\nAmersfoort<br \/>\n<a href=\"tel:+31303074327\">+31 30 30 74 32 7<\/a><\/p>\n<\/div><\/div><div class=\"w-separator size_custom\" style=\"height:1rem\"><\/div><div class=\"w-hwrapper valign_top align_none\" style=\"--hwrapper-gap:1rem\"><div class=\"ult-just-icon-wrapper  \"><div class=\"align-icon\" style=\"text-align:center;\">\n<a class=\"aio-tooltip 69d4fba9555f2\" href=\"mailto:info@dynatos.com\" target=\"_blank\" rel=\"nofollow noopener\"  data-toggle=\"tooltip\" data-placement=\"\"><div class=\"aio-icon-img  uavc-circle \" style=\"font-size:19px;background:#33e6dc;display:inline-block;\" data-animation=\"fadeIn\" data-animation-delay=\"03\">\n\t<img decoding=\"async\" class=\"img-icon\" alt=\"null\" src=\"https:\/\/www.dynatos.com\/wp-content\/uploads\/2024\/07\/icon-envelope.svg\"\/>\n<\/div><\/a><\/div><\/div><div class=\"ult-just-icon-wrapper  \"><div class=\"align-icon\" style=\"text-align:center;\">\n<a class=\"aio-tooltip 69d4fba955644\" href=\"https:\/\/maps.app.goo.gl\/dYVcdxmP5Ffo8ty46\" target=\"_blank\" rel=\"nofollow noopener\"  data-toggle=\"tooltip\" data-placement=\"\"><div class=\"aio-icon-img  uavc-circle \" style=\"font-size:19px;background:#33e6dc;display:inline-block;\" data-animation=\"fadeIn\" data-animation-delay=\"03\">\n\t<img decoding=\"async\" class=\"img-icon\" alt=\"null\" src=\"https:\/\/www.dynatos.com\/wp-content\/uploads\/2024\/07\/icon-map.svg\"\/>\n<\/div><\/a><\/div><\/div><\/div><\/div><\/div><\/div><\/div><div class=\"vc_col-sm-6 wpb_column vc_column_container\"><div class=\"vc_column-inner us_custom_4a1ea9d0\"><div class=\"wpb_wrapper\"><div class=\"w-vwrapper us_custom_f70afa2e align_none valign_top\" style=\"--vwrapper-gap:0rem\"><div class=\"wpb_text_column\"><div class=\"wpb_wrapper\"><h3>DE<\/h3>\n<\/div><\/div><div class=\"wpb_text_column\"><div class=\"wpb_wrapper\"><p>Tyskland<br \/>\nSebastian-Kneipp-Stra\u00dfe 41, 60439 Frankfurt am Main<br \/>\n<a href=\"tel:+4969505064410\">+49 69 50 50 64 410<\/a><\/p>\n<\/div><\/div><div class=\"w-separator size_custom\" style=\"height:1rem\"><\/div><div class=\"w-hwrapper valign_top align_none\" style=\"--hwrapper-gap:1rem\"><div class=\"ult-just-icon-wrapper  \"><div class=\"align-icon\" style=\"text-align:center;\">\n<a class=\"aio-tooltip 69d4fba9559a5\" href=\"mailto:info@dynatos.de\" target=\"_blank\" rel=\"nofollow noopener\"  data-toggle=\"tooltip\" data-placement=\"\"><div class=\"aio-icon-img  uavc-circle \" style=\"font-size:19px;background:#33e6dc;display:inline-block;\" data-animation=\"fadeIn\" data-animation-delay=\"03\">\n\t<img decoding=\"async\" class=\"img-icon\" alt=\"null\" src=\"https:\/\/www.dynatos.com\/wp-content\/uploads\/2024\/07\/icon-envelope.svg\"\/>\n<\/div><\/a><\/div><\/div><div class=\"ult-just-icon-wrapper  \"><div class=\"align-icon\" style=\"text-align:center;\">\n<a class=\"aio-tooltip 69d4fba9559f6\" href=\"https:\/\/goo.gl\/maps\/VJTR9k5pwLribYxa8\" target=\"_blank\" rel=\"nofollow noopener\"  data-toggle=\"tooltip\" data-placement=\"\"><div class=\"aio-icon-img  uavc-circle \" style=\"font-size:19px;background:#33e6dc;display:inline-block;\" data-animation=\"fadeIn\" data-animation-delay=\"03\">\n\t<img decoding=\"async\" class=\"img-icon\" alt=\"null\" src=\"https:\/\/www.dynatos.com\/wp-content\/uploads\/2024\/07\/icon-map.svg\"\/>\n<\/div><\/a><\/div><\/div><\/div><\/div><\/div><\/div><\/div><\/div><div class=\"w-separator size_custom\" style=\"height:1rem\"><\/div><div class=\"g-cols wpb_row via_flex valign_top type_default stacking_default\"><div class=\"vc_col-sm-6 wpb_column vc_column_container\"><div class=\"vc_column-inner us_custom_4e250dfa\"><div class=\"wpb_wrapper\"><div class=\"w-vwrapper us_custom_f70afa2e align_none valign_top\" style=\"--vwrapper-gap:0rem\"><div class=\"wpb_text_column\"><div class=\"wpb_wrapper\"><h3>DK<\/h3>\n<\/div><\/div><div class=\"wpb_text_column\"><div class=\"wpb_wrapper\"><p>Danmark<br \/>\nLautruph\u00f8j 5, DK-2750<br \/>\nBallerup<br \/>\n<a href=\"tel:+4577771001\">+45 77 77 10 01<\/a><\/p>\n<\/div><\/div><div class=\"w-separator size_custom\" style=\"height:1rem\"><\/div><div class=\"w-hwrapper valign_top align_none\" style=\"--hwrapper-gap:1rem\"><div class=\"ult-just-icon-wrapper  \"><div class=\"align-icon\" style=\"text-align:center;\">\n<a class=\"aio-tooltip 69d4fba955e63\" href=\"mailto:info@dynatos.dk\" target=\"_blank\" rel=\"nofollow noopener\"  data-toggle=\"tooltip\" data-placement=\"\"><div class=\"aio-icon-img  uavc-circle \" style=\"font-size:19px;background:#33e6dc;display:inline-block;\" data-animation=\"fadeIn\" data-animation-delay=\"03\">\n\t<img decoding=\"async\" class=\"img-icon\" alt=\"null\" src=\"https:\/\/www.dynatos.com\/wp-content\/uploads\/2024\/07\/icon-envelope.svg\"\/>\n<\/div><\/a><\/div><\/div><div class=\"ult-just-icon-wrapper  \"><div class=\"align-icon\" style=\"text-align:center;\">\n<a class=\"aio-tooltip 69d4fba955eb4\" href=\"https:\/\/goo.gl\/maps\/2hvdkz64dtZVTRd7A\" target=\"_blank\" rel=\"nofollow noopener\"  data-toggle=\"tooltip\" data-placement=\"\"><div class=\"aio-icon-img  uavc-circle \" style=\"font-size:19px;background:#33e6dc;display:inline-block;\" data-animation=\"fadeIn\" data-animation-delay=\"03\">\n\t<img decoding=\"async\" class=\"img-icon\" alt=\"null\" src=\"https:\/\/www.dynatos.com\/wp-content\/uploads\/2024\/07\/icon-map.svg\"\/>\n<\/div><\/a><\/div><\/div><\/div><\/div><\/div><\/div><\/div><div class=\"vc_col-sm-6 wpb_column vc_column_container\"><div class=\"vc_column-inner us_custom_4a1ea9d0\"><div class=\"wpb_wrapper\"><div class=\"w-vwrapper us_custom_f70afa2e align_none valign_top\" style=\"--vwrapper-gap:0rem\"><div class=\"wpb_text_column\"><div class=\"wpb_wrapper\"><h3>ES<\/h3>\n<\/div><\/div><div class=\"wpb_text_column\"><div class=\"wpb_wrapper\"><p>Spania<br \/>\nCalle Poeta Joan Maragall, 23 28020 Madrid<br \/>\n<a href=\"tel:+34916138822\">+34 91 61 38 82 2<\/a><\/p>\n<\/div><\/div><div class=\"w-separator size_custom\" style=\"height:1rem\"><\/div><div class=\"w-hwrapper valign_top align_none\" style=\"--hwrapper-gap:1rem\"><div class=\"ult-just-icon-wrapper  \"><div class=\"align-icon\" style=\"text-align:center;\">\n<a class=\"aio-tooltip 69d4fba956216\" href=\"mailto:info@dynatos.es\" target=\"_blank\" rel=\"nofollow noopener\"  data-toggle=\"tooltip\" data-placement=\"\"><div class=\"aio-icon-img  uavc-circle \" style=\"font-size:19px;background:#33e6dc;display:inline-block;\" data-animation=\"fadeIn\" data-animation-delay=\"03\">\n\t<img decoding=\"async\" class=\"img-icon\" alt=\"null\" src=\"https:\/\/www.dynatos.com\/wp-content\/uploads\/2024\/07\/icon-envelope.svg\"\/>\n<\/div><\/a><\/div><\/div><div class=\"ult-just-icon-wrapper  \"><div class=\"align-icon\" style=\"text-align:center;\">\n<a class=\"aio-tooltip 69d4fba956267\" href=\"https:\/\/maps.app.goo.gl\/cecM62zaRE13TLNJA\" target=\"_blank\" rel=\"nofollow noopener\"  data-toggle=\"tooltip\" data-placement=\"\"><div class=\"aio-icon-img  uavc-circle \" style=\"font-size:19px;background:#33e6dc;display:inline-block;\" data-animation=\"fadeIn\" data-animation-delay=\"03\">\n\t<img decoding=\"async\" class=\"img-icon\" alt=\"null\" src=\"https:\/\/www.dynatos.com\/wp-content\/uploads\/2024\/07\/icon-map.svg\"\/>\n<\/div><\/a><\/div><\/div><\/div><\/div><\/div><\/div><\/div><\/div><\/div><\/div><\/div><\/div><\/div><\/section>\n","protected":false},"excerpt":{"rendered":"Get in touchVi er her for \u00e5 hjelpe deg og svare p\u00e5 alle sp\u00f8rsm\u00e5l du m\u00e5tte ha. Kontakt oss V\u00e5re...","protected":false},"author":13,"featured_media":60984,"parent":0,"menu_order":7,"comment_status":"closed","ping_status":"closed","template":"","meta":{"_acf_changed":false,"content-type":"","inline_featured_image":false,"footnotes":""},"class_list":["post-60982","page","type-page","status-publish","has-post-thumbnail","hentry"],"acf":[],"yoast_head":"<!-- This site is optimized with the Yoast SEO Premium plugin v27.3 (Yoast SEO v27.3) - https:\/\/yoast.com\/product\/yoast-seo-premium-wordpress\/ -->\n<title>Ta kontakt for sp\u00f8rsm\u00e5l eller demoforesp\u00f8rsler \u2013 Dynatos<\/title>\n<meta name=\"description\" content=\"Har du et sp\u00f8rsm\u00e5l eller \u00f8nsker du en demo? Ta kontakt med oss, s\u00e5 hjelper vi deg s\u00e5 raskt som mulig.\" \/>\n<meta name=\"robots\" content=\"index, follow, max-snippet:-1, max-image-preview:large, max-video-preview:-1\" \/>\n<link rel=\"canonical\" href=\"https:\/\/www.dynatos.com\/no\/contact\/\" \/>\n<meta property=\"og:locale\" content=\"nb_NO\" \/>\n<meta property=\"og:type\" content=\"article\" \/>\n<meta property=\"og:title\" content=\"Kontakt\" \/>\n<meta property=\"og:description\" content=\"Har du et sp\u00f8rsm\u00e5l eller \u00f8nsker du en demo? Ta kontakt med oss, s\u00e5 hjelper vi deg s\u00e5 raskt som mulig.\" \/>\n<meta property=\"og:url\" content=\"https:\/\/www.dynatos.com\/no\/contact\/\" \/>\n<meta property=\"og:site_name\" content=\"Dynatos\" \/>\n<meta property=\"article:modified_time\" content=\"2026-04-07T11:46:01+00:00\" \/>\n<meta property=\"og:image\" content=\"https:\/\/www.dynatos.com\/wp-content\/uploads\/2024\/11\/Dynatos-DSC_6608-Verbeterd-NR-small.jpg\" \/>\n\t<meta property=\"og:image:width\" content=\"1500\" \/>\n\t<meta property=\"og:image:height\" content=\"1000\" \/>\n\t<meta property=\"og:image:type\" content=\"image\/jpeg\" \/>\n<meta name=\"twitter:card\" content=\"summary_large_image\" \/>\n<script type=\"application\/ld+json\" class=\"yoast-schema-graph\">{\"@context\":\"https:\\\/\\\/schema.org\",\"@graph\":[{\"@type\":\"WebPage\",\"@id\":\"https:\\\/\\\/www.dynatos.com\\\/no\\\/contact\\\/\",\"url\":\"https:\\\/\\\/www.dynatos.com\\\/no\\\/contact\\\/\",\"name\":\"Ta kontakt for sp\u00f8rsm\u00e5l eller demoforesp\u00f8rsler \u2013 Dynatos\",\"isPartOf\":{\"@id\":\"https:\\\/\\\/www.dynatos.com\\\/no\\\/#website\"},\"primaryImageOfPage\":{\"@id\":\"https:\\\/\\\/www.dynatos.com\\\/no\\\/contact\\\/#primaryimage\"},\"image\":{\"@id\":\"https:\\\/\\\/www.dynatos.com\\\/no\\\/contact\\\/#primaryimage\"},\"thumbnailUrl\":\"https:\\\/\\\/www.dynatos.com\\\/wp-content\\\/uploads\\\/2024\\\/11\\\/Dynatos-DSC_6608-Verbeterd-NR-small.jpg\",\"datePublished\":\"2024-04-20T09:32:54+00:00\",\"dateModified\":\"2026-04-07T11:46:01+00:00\",\"description\":\"Har du et sp\u00f8rsm\u00e5l eller \u00f8nsker du en demo? Ta kontakt med oss, s\u00e5 hjelper vi deg s\u00e5 raskt som mulig.\",\"inLanguage\":\"nb-NO\",\"potentialAction\":[{\"@type\":\"ReadAction\",\"target\":[\"https:\\\/\\\/www.dynatos.com\\\/no\\\/contact\\\/\"]}]},{\"@type\":\"ImageObject\",\"inLanguage\":\"nb-NO\",\"@id\":\"https:\\\/\\\/www.dynatos.com\\\/no\\\/contact\\\/#primaryimage\",\"url\":\"https:\\\/\\\/www.dynatos.com\\\/wp-content\\\/uploads\\\/2024\\\/11\\\/Dynatos-DSC_6608-Verbeterd-NR-small.jpg\",\"contentUrl\":\"https:\\\/\\\/www.dynatos.com\\\/wp-content\\\/uploads\\\/2024\\\/11\\\/Dynatos-DSC_6608-Verbeterd-NR-small.jpg\",\"width\":1500,\"height\":1000,\"caption\":\"Contact Dynatos\"},{\"@type\":\"WebSite\",\"@id\":\"https:\\\/\\\/www.dynatos.com\\\/no\\\/#website\",\"url\":\"https:\\\/\\\/www.dynatos.com\\\/no\\\/\",\"name\":\"Dynatos\",\"description\":\"Intelligent Finance Automation\",\"potentialAction\":[{\"@type\":\"SearchAction\",\"target\":{\"@type\":\"EntryPoint\",\"urlTemplate\":\"https:\\\/\\\/www.dynatos.com\\\/no\\\/?s={search_term_string}\"},\"query-input\":{\"@type\":\"PropertyValueSpecification\",\"valueRequired\":true,\"valueName\":\"search_term_string\"}}],\"inLanguage\":\"nb-NO\"}]}<\/script>\n<!-- \/ Yoast SEO Premium plugin. -->","yoast_head_json":{"title":"Ta kontakt for sp\u00f8rsm\u00e5l eller demoforesp\u00f8rsler \u2013 Dynatos","description":"Har du et sp\u00f8rsm\u00e5l eller \u00f8nsker du en demo? Ta kontakt med oss, s\u00e5 hjelper vi deg s\u00e5 raskt som mulig.","robots":{"index":"index","follow":"follow","max-snippet":"max-snippet:-1","max-image-preview":"max-image-preview:large","max-video-preview":"max-video-preview:-1"},"canonical":"https:\/\/www.dynatos.com\/no\/contact\/","og_locale":"nb_NO","og_type":"article","og_title":"Kontakt","og_description":"Har du et sp\u00f8rsm\u00e5l eller \u00f8nsker du en demo? Ta kontakt med oss, s\u00e5 hjelper vi deg s\u00e5 raskt som mulig.","og_url":"https:\/\/www.dynatos.com\/no\/contact\/","og_site_name":"Dynatos","article_modified_time":"2026-04-07T11:46:01+00:00","og_image":[{"width":1500,"height":1000,"url":"https:\/\/www.dynatos.com\/wp-content\/uploads\/2024\/11\/Dynatos-DSC_6608-Verbeterd-NR-small.jpg","type":"image\/jpeg"}],"twitter_card":"summary_large_image","schema":{"@context":"https:\/\/schema.org","@graph":[{"@type":"WebPage","@id":"https:\/\/www.dynatos.com\/no\/contact\/","url":"https:\/\/www.dynatos.com\/no\/contact\/","name":"Ta kontakt for sp\u00f8rsm\u00e5l eller demoforesp\u00f8rsler \u2013 Dynatos","isPartOf":{"@id":"https:\/\/www.dynatos.com\/no\/#website"},"primaryImageOfPage":{"@id":"https:\/\/www.dynatos.com\/no\/contact\/#primaryimage"},"image":{"@id":"https:\/\/www.dynatos.com\/no\/contact\/#primaryimage"},"thumbnailUrl":"https:\/\/www.dynatos.com\/wp-content\/uploads\/2024\/11\/Dynatos-DSC_6608-Verbeterd-NR-small.jpg","datePublished":"2024-04-20T09:32:54+00:00","dateModified":"2026-04-07T11:46:01+00:00","description":"Har du et sp\u00f8rsm\u00e5l eller \u00f8nsker du en demo? Ta kontakt med oss, s\u00e5 hjelper vi deg s\u00e5 raskt som mulig.","inLanguage":"nb-NO","potentialAction":[{"@type":"ReadAction","target":["https:\/\/www.dynatos.com\/no\/contact\/"]}]},{"@type":"ImageObject","inLanguage":"nb-NO","@id":"https:\/\/www.dynatos.com\/no\/contact\/#primaryimage","url":"https:\/\/www.dynatos.com\/wp-content\/uploads\/2024\/11\/Dynatos-DSC_6608-Verbeterd-NR-small.jpg","contentUrl":"https:\/\/www.dynatos.com\/wp-content\/uploads\/2024\/11\/Dynatos-DSC_6608-Verbeterd-NR-small.jpg","width":1500,"height":1000,"caption":"Contact Dynatos"},{"@type":"WebSite","@id":"https:\/\/www.dynatos.com\/no\/#website","url":"https:\/\/www.dynatos.com\/no\/","name":"Dynatos","description":"Intelligent Finance Automation","potentialAction":[{"@type":"SearchAction","target":{"@type":"EntryPoint","urlTemplate":"https:\/\/www.dynatos.com\/no\/?s={search_term_string}"},"query-input":{"@type":"PropertyValueSpecification","valueRequired":true,"valueName":"search_term_string"}}],"inLanguage":"nb-NO"}]}},"jetpack_sharing_enabled":true,"_links":{"self":[{"href":"https:\/\/www.dynatos.com\/no\/wp-json\/wp\/v2\/pages\/60982","targetHints":{"allow":["GET"]}}],"collection":[{"href":"https:\/\/www.dynatos.com\/no\/wp-json\/wp\/v2\/pages"}],"about":[{"href":"https:\/\/www.dynatos.com\/no\/wp-json\/wp\/v2\/types\/page"}],"author":[{"embeddable":true,"href":"https:\/\/www.dynatos.com\/no\/wp-json\/wp\/v2\/users\/13"}],"replies":[{"embeddable":true,"href":"https:\/\/www.dynatos.com\/no\/wp-json\/wp\/v2\/comments?post=60982"}],"version-history":[{"count":1,"href":"https:\/\/www.dynatos.com\/no\/wp-json\/wp\/v2\/pages\/60982\/revisions"}],"predecessor-version":[{"id":65436,"href":"https:\/\/www.dynatos.com\/no\/wp-json\/wp\/v2\/pages\/60982\/revisions\/65436"}],"wp:featuredmedia":[{"embeddable":true,"href":"https:\/\/www.dynatos.com\/no\/wp-json\/wp\/v2\/media\/60984"}],"wp:attachment":[{"href":"https:\/\/www.dynatos.com\/no\/wp-json\/wp\/v2\/media?parent=60982"}],"curies":[{"name":"wp","href":"https:\/\/api.w.org\/{rel}","templated":true}]}}