{"id":59461,"date":"2024-09-10T12:44:15","date_gmt":"2024-09-10T10:44:15","guid":{"rendered":"https:\/\/www.dynatos.com\/cookie-policy\/"},"modified":"2026-04-07T11:15:02","modified_gmt":"2026-04-07T09:15:02","slug":"cookie-policy","status":"publish","type":"page","link":"https:\/\/www.dynatos.com\/no\/cookie-policy\/","title":{"rendered":"Informasjonskapsler"},"content":{"rendered":"<section class=\"l-section wpb_row height_medium\"><div class=\"l-section-h i-cf\"><div class=\"g-cols vc_row via_flex valign_top type_default stacking_default\"><div class=\"vc_col-sm-12 wpb_column vc_column_container\"><div class=\"vc_column-inner\"><div class=\"wpb_wrapper\"><div class=\"g-cols wpb_row via_flex valign_top type_default stacking_default\"><div class=\"vc_col-sm-12 wpb_column vc_column_container\"><div class=\"vc_column-inner\"><div class=\"wpb_wrapper\"><div class=\"wpb_text_column\"><div class=\"wpb_wrapper\"><h1>Retningslinjer for informasjonskapsler<\/h1>\n<\/div><\/div><\/div><\/div><\/div><\/div><div class=\"w-separator size_small\"><\/div>[vc_raw_html]JTNDc2NyaXB0JTIwaWQlM0QlMjJDb29raWVEZWNsYXJhdGlvbiUyMiUyMHNyYyUzRCUyMmh0dHBzJTNBJTJGJTJGY29uc2VudC5jb29raWVib3QuY29tJTJGNTkwZTlmNTUtM2NiNS00ZmVlLTgwZTctMTRiODg0ZmIwNWQ0JTJGY2QuanMlMjIlMjB0eXBlJTNEJTIydGV4dCUyRmphdmFzY3JpcHQlMjIlMjBhc3luYyUzRSUzQyUyRnNjcmlwdCUzRQ==[\/vc_raw_html]<\/div><\/div><\/div><\/div><\/div><\/section>\n","protected":false},"excerpt":{"rendered":"Retningslinjer for informasjonskapsler [vc_raw_html]JTNDc2NyaXB0JTIwaWQlM0QlMjJDb29raWVEZWNsYXJhdGlvbiUyMiUyMHNyYyUzRCUyMmh0dHBzJTNBJTJGJTJGY29uc2VudC5jb29raWVib3QuY29tJTJGNTkwZTlmNTUtM2NiNS00ZmVlLTgwZTctMTRiODg0ZmIwNWQ0JTJGY2QuanMlMjIlMjB0eXBlJTNEJTIydGV4dCUyRmphdmFzY3JpcHQlMjIlMjBhc3luYyUzRSUzQyUyRnNjcmlwdCUzRQ==[\/vc_raw_html]","protected":false},"author":13,"featured_media":0,"parent":0,"menu_order":101,"comment_status":"closed","ping_status":"closed","template":"","meta":{"_acf_changed":false,"content-type":"","inline_featured_image":false,"footnotes":""},"class_list":["post-59461","page","type-page","status-publish","hentry"],"acf":[],"yoast_head":"<!-- This site is optimized with the Yoast SEO Premium plugin v27.3 (Yoast SEO v27.3) - https:\/\/yoast.com\/product\/yoast-seo-premium-wordpress\/ -->\n<title>Informasjonskapsler - Dynatos<\/title>\n<meta name=\"description\" content=\"Vi bruker ulike typer informasjonskapsler p\u00e5 nettstedet v\u00e5rt. Vi mener det er viktig at du har kontroll over personvernet ditt p\u00e5 nettet.\" \/>\n<meta name=\"robots\" content=\"noindex, follow\" \/>\n<meta property=\"og:locale\" content=\"nb_NO\" \/>\n<meta property=\"og:type\" content=\"article\" \/>\n<meta property=\"og:title\" content=\"Informasjonskapsler\" \/>\n<meta property=\"og:description\" content=\"Vi bruker ulike typer informasjonskapsler p\u00e5 nettstedet v\u00e5rt. Vi mener det er viktig at du har kontroll over personvernet ditt p\u00e5 nettet.\" \/>\n<meta property=\"og:url\" content=\"https:\/\/www.dynatos.com\/no\/cookie-policy\/\" \/>\n<meta property=\"og:site_name\" content=\"Dynatos\" \/>\n<meta property=\"article:modified_time\" content=\"2026-04-07T09:15:02+00:00\" \/>\n<meta name=\"twitter:card\" content=\"summary_large_image\" \/>\n<script type=\"application\/ld+json\" class=\"yoast-schema-graph\">{\"@context\":\"https:\\\/\\\/schema.org\",\"@graph\":[{\"@type\":\"WebPage\",\"@id\":\"https:\\\/\\\/www.dynatos.com\\\/no\\\/cookie-policy\\\/\",\"url\":\"https:\\\/\\\/www.dynatos.com\\\/no\\\/cookie-policy\\\/\",\"name\":\"Informasjonskapsler - Dynatos\",\"isPartOf\":{\"@id\":\"https:\\\/\\\/www.dynatos.com\\\/no\\\/#website\"},\"datePublished\":\"2024-09-10T10:44:15+00:00\",\"dateModified\":\"2026-04-07T09:15:02+00:00\",\"description\":\"Vi bruker ulike typer informasjonskapsler p\u00e5 nettstedet v\u00e5rt. Vi mener det er viktig at du har kontroll over personvernet ditt p\u00e5 nettet.\",\"inLanguage\":\"nb-NO\",\"potentialAction\":[{\"@type\":\"ReadAction\",\"target\":[\"https:\\\/\\\/www.dynatos.com\\\/no\\\/cookie-policy\\\/\"]}]},{\"@type\":\"WebSite\",\"@id\":\"https:\\\/\\\/www.dynatos.com\\\/no\\\/#website\",\"url\":\"https:\\\/\\\/www.dynatos.com\\\/no\\\/\",\"name\":\"Dynatos\",\"description\":\"Intelligent Finance Automation\",\"potentialAction\":[{\"@type\":\"SearchAction\",\"target\":{\"@type\":\"EntryPoint\",\"urlTemplate\":\"https:\\\/\\\/www.dynatos.com\\\/no\\\/?s={search_term_string}\"},\"query-input\":{\"@type\":\"PropertyValueSpecification\",\"valueRequired\":true,\"valueName\":\"search_term_string\"}}],\"inLanguage\":\"nb-NO\"}]}<\/script>\n<!-- \/ Yoast SEO Premium plugin. -->","yoast_head_json":{"title":"Informasjonskapsler - Dynatos","description":"Vi bruker ulike typer informasjonskapsler p\u00e5 nettstedet v\u00e5rt. Vi mener det er viktig at du har kontroll over personvernet ditt p\u00e5 nettet.","robots":{"index":"noindex","follow":"follow"},"og_locale":"nb_NO","og_type":"article","og_title":"Informasjonskapsler","og_description":"Vi bruker ulike typer informasjonskapsler p\u00e5 nettstedet v\u00e5rt. Vi mener det er viktig at du har kontroll over personvernet ditt p\u00e5 nettet.","og_url":"https:\/\/www.dynatos.com\/no\/cookie-policy\/","og_site_name":"Dynatos","article_modified_time":"2026-04-07T09:15:02+00:00","twitter_card":"summary_large_image","schema":{"@context":"https:\/\/schema.org","@graph":[{"@type":"WebPage","@id":"https:\/\/www.dynatos.com\/no\/cookie-policy\/","url":"https:\/\/www.dynatos.com\/no\/cookie-policy\/","name":"Informasjonskapsler - Dynatos","isPartOf":{"@id":"https:\/\/www.dynatos.com\/no\/#website"},"datePublished":"2024-09-10T10:44:15+00:00","dateModified":"2026-04-07T09:15:02+00:00","description":"Vi bruker ulike typer informasjonskapsler p\u00e5 nettstedet v\u00e5rt. Vi mener det er viktig at du har kontroll over personvernet ditt p\u00e5 nettet.","inLanguage":"nb-NO","potentialAction":[{"@type":"ReadAction","target":["https:\/\/www.dynatos.com\/no\/cookie-policy\/"]}]},{"@type":"WebSite","@id":"https:\/\/www.dynatos.com\/no\/#website","url":"https:\/\/www.dynatos.com\/no\/","name":"Dynatos","description":"Intelligent Finance Automation","potentialAction":[{"@type":"SearchAction","target":{"@type":"EntryPoint","urlTemplate":"https:\/\/www.dynatos.com\/no\/?s={search_term_string}"},"query-input":{"@type":"PropertyValueSpecification","valueRequired":true,"valueName":"search_term_string"}}],"inLanguage":"nb-NO"}]}},"jetpack_sharing_enabled":true,"_links":{"self":[{"href":"https:\/\/www.dynatos.com\/no\/wp-json\/wp\/v2\/pages\/59461","targetHints":{"allow":["GET"]}}],"collection":[{"href":"https:\/\/www.dynatos.com\/no\/wp-json\/wp\/v2\/pages"}],"about":[{"href":"https:\/\/www.dynatos.com\/no\/wp-json\/wp\/v2\/types\/page"}],"author":[{"embeddable":true,"href":"https:\/\/www.dynatos.com\/no\/wp-json\/wp\/v2\/users\/13"}],"replies":[{"embeddable":true,"href":"https:\/\/www.dynatos.com\/no\/wp-json\/wp\/v2\/comments?post=59461"}],"version-history":[{"count":0,"href":"https:\/\/www.dynatos.com\/no\/wp-json\/wp\/v2\/pages\/59461\/revisions"}],"wp:attachment":[{"href":"https:\/\/www.dynatos.com\/no\/wp-json\/wp\/v2\/media?parent=59461"}],"curies":[{"name":"wp","href":"https:\/\/api.w.org\/{rel}","templated":true}]}}