{"id":59427,"date":"2024-04-20T11:32:30","date_gmt":"2024-04-20T09:32:30","guid":{"rendered":"https:\/\/www.dynatos.com\/company\/"},"modified":"2026-04-07T13:14:18","modified_gmt":"2026-04-07T11:14:18","slug":"company","status":"publish","type":"page","link":"https:\/\/www.dynatos.com\/no\/company\/","title":{"rendered":"Selskap"},"content":{"rendered":"<section class=\"l-section wpb_row us_custom_00115de6 height_medium\"><div class=\"l-section-h i-cf\"><div class=\"g-cols vc_row via_flex valign_top type_default stacking_default\"><div class=\"vc_col-sm-7 wpb_column vc_column_container\"><div class=\"vc_column-inner\"><div class=\"wpb_wrapper\"><div id=\"breadcrumbs\"><\/div><div class=\"wpb_text_column us_custom_cdd035e8\"><div class=\"wpb_wrapper\">\n<\/div><\/div><div class=\"w-separator size_small\"><\/div><div class=\"wpb_text_column\"><div class=\"wpb_wrapper\"><h1>Dynatos<\/h1>\n<\/div><\/div><div class=\"wpb_text_column us_custom_f44e772f\"><div class=\"wpb_wrapper\"><p>M\u00e5lbare resultater, merkbar effekt!<\/p>\n<\/div><\/div><div class=\"w-separator size_small\"><\/div><div class=\"wpb_text_column\"><div class=\"wpb_wrapper\"><p>Enten du \u00f8nsker \u00e5 l\u00e6re mer om selskapet v\u00e5rt, utforske spennende karrieremuligheter eller etablere et verdifullt partnerskap, tilbyr vi et dynamisk og innovativt milj\u00f8 med fokus p\u00e5 \u00e5 lykkes med optimalisering av finans- og innkj\u00f8psprosesser. Alle initiativer er forankret i beste praksis i bransjen og tilpasset for \u00e5 levere konkrete og m\u00e5lbare resultater.<\/p>\n<\/div><\/div><div class=\"w-separator size_small\"><\/div><div class=\"w-btn-wrapper align_none\"><a class=\"w-btn us-btn-style_2\" href=\"\/no\/contact\/\"><span class=\"w-btn-label\">Ta kontakt<\/span><\/a><\/div><\/div><\/div><\/div><div class=\"vc_col-sm-5 wpb_column vc_column_container has_bg_color\"><div class=\"vc_column-inner us_custom_eef4bbb8\"><div class=\"wpb_wrapper\"><div class=\"w-vwrapper align_none valign_top\" style=\"--vwrapper-gap:1.3rem\"><div class=\"w-image us_custom_7a007450 box-shadow move-with-mouse-3 has_ratio align_none\"><div class=\"w-image-h\"><div style=\"padding-bottom:72.9927%\"><\/div><img decoding=\"async\" width=\"600\" height=\"400\" src=\"https:\/\/www.dynatos.com\/wp-content\/uploads\/2024\/07\/Dynatos-Kick-off-24-RVM-RVM_3590-small-600x400.jpg\" class=\"attachment-medium size-medium\" alt=\"\" loading=\"lazy\" \/><\/div><\/div><div class=\"w-image us_custom_139ba1d8 box-shadow move-with-mouse-3 has_ratio align_none\"><div class=\"w-image-h\"><div style=\"padding-bottom:200%\"><\/div><img decoding=\"async\" width=\"300\" height=\"400\" src=\"https:\/\/www.dynatos.com\/wp-content\/uploads\/2024\/07\/CHRISTIAN-RVM-810_6852-bewerkt-bewerkt-36-300x400.jpg\" class=\"attachment-medium size-medium\" alt=\"\" loading=\"lazy\" \/><\/div><\/div><div class=\"w-image us_custom_714f3ae5 box-shadow move-with-mouse-3 has_ratio align_none\"><div class=\"w-image-h\"><div style=\"padding-bottom:100%\"><\/div><img decoding=\"async\" width=\"600\" height=\"400\" src=\"https:\/\/www.dynatos.com\/wp-content\/uploads\/2024\/07\/Dynatos-Kick-off-24-RVM-_FVV3344-small-600x400.jpg\" class=\"attachment-medium size-medium\" alt=\"\" loading=\"lazy\" \/><\/div><\/div><\/div><div class=\"w-hwrapper us_custom_b0f678a3 box-shadow move-with-mouse-1 valign_middle align_none\" style=\"--hwrapper-gap:0.5rem\"><div class=\"w-image us_custom_27cd3f53 center-vertically has_height align_left\"><div target=\"_blank\" class=\"w-image-h\"><img decoding=\"async\" src=\"https:\/\/www.dynatos.com\/wp-content\/uploads\/2024\/08\/Since-dyn-fa.svg\" class=\"attachment-us_350_350 size-us_350_350\" alt=\"\" loading=\"lazy\" \/><\/div><\/div><div class=\"w-vwrapper align_none valign_top\" style=\"--vwrapper-gap:-1rem\"><div class=\"wpb_text_column us_custom_8d4690c5 has_text_color\"><div class=\"wpb_wrapper\"><p><strong>2010<\/strong><\/p>\n<\/div><\/div><div class=\"wpb_text_column us_custom_48e71eab has_text_color\"><div class=\"wpb_wrapper\"><p>siden<\/p>\n<\/div><\/div><\/div><\/div><div class=\"w-hwrapper us_custom_c42d0400 box-shadow move-with-mouse-1 valign_middle align_none\" style=\"--hwrapper-gap:0.5rem\"><div class=\"w-image us_custom_27cd3f53 center-vertically has_height align_left\"><div target=\"_blank\" class=\"w-image-h\"><img decoding=\"async\" src=\"https:\/\/www.dynatos.com\/wp-content\/uploads\/2024\/08\/part-dyn-fa.svg\" class=\"attachment-us_350_350 size-us_350_350\" alt=\"\" loading=\"lazy\" \/><\/div><\/div><div class=\"w-vwrapper align_none valign_top\" style=\"--vwrapper-gap:-1rem\"><div class=\"wpb_text_column us_custom_8d4690c5 has_text_color\"><div class=\"wpb_wrapper\"><p><strong>+50<\/strong><\/p>\n<\/div><\/div><div class=\"wpb_text_column us_custom_48e71eab has_text_color\"><div class=\"wpb_wrapper\"><p>Internasjonale partnere<\/p>\n<\/div><\/div><\/div><\/div><div class=\"w-hwrapper us_custom_8515b7c3 box-shadow move-with-mouse-1 valign_middle align_none\" style=\"--hwrapper-gap:0.5rem\"><div class=\"w-image us_custom_27cd3f53 center-vertically has_height align_left\"><div target=\"_blank\" class=\"w-image-h\"><img decoding=\"async\" src=\"https:\/\/www.dynatos.com\/wp-content\/uploads\/2024\/08\/hand-dyn-fa.svg\" class=\"attachment-us_350_350 size-us_350_350\" alt=\"\" loading=\"lazy\" \/><\/div><\/div><div class=\"w-vwrapper align_none valign_top\" style=\"--vwrapper-gap:-1rem\"><div class=\"wpb_text_column us_custom_8d4690c5 has_text_color\"><div class=\"wpb_wrapper\"><p><strong>3<\/strong><\/p>\n<\/div><\/div><div class=\"wpb_text_column us_custom_48e71eab has_text_color\"><div class=\"wpb_wrapper\"><p>partnertyper<\/p>\n<\/div><\/div><\/div><\/div><\/div><\/div><\/div><\/div><\/div><\/section><section class=\"l-section wpb_row dark-blue-gradient-grid-inner height_medium\"><div class=\"l-section-h i-cf\"><div class=\"g-cols vc_row via_flex valign_top type_default stacking_default\"><div class=\"vc_col-sm-6 wpb_column vc_column_container\"><div class=\"vc_column-inner\"><div class=\"wpb_wrapper\"><div class=\"wpb_text_column\"><div class=\"wpb_wrapper\"><h2>Bli kjent med oss<\/h2>\n<p>Dynatos har en sterk lidenskap for \u00e5 transformere finans- og innkj\u00f8psprosesser gjennom innovasjon og kompetanse. V\u00e5re kontorer fungerer som kunnskaps- og samarbeidsnav, der dedikerte fagpersoner jobber sammen for \u00e5 levere avanserte l\u00f8sninger til kundene v\u00e5re.<\/p>\n<p>Utforsk v\u00e5re kontorer og se hvordan du kan bli en del av v\u00e5r reise.<\/p>\n<\/div><\/div><\/div><\/div><\/div><div class=\"vc_col-sm-6 wpb_column vc_column_container\"><div class=\"vc_column-inner\"><div class=\"wpb_wrapper\"><div class=\"g-cols wpb_row via_flex valign_top type_default stacking_default\"><div class=\"vc_col-sm-6 wpb_column vc_column_container\"><div class=\"vc_column-inner us_custom_b6a72ce1\"><div class=\"wpb_wrapper\"><div class=\"w-iconbox iconpos_top style_default color_custom align_left\"><div class=\"w-iconbox-icon\" style=\"font-size:1rem;--icon-color:#FF8E04;\"><i class=\"far fa-chair-office\"><\/i><\/div><div class=\"w-iconbox-meta\"><h3 class=\"w-iconbox-title\" style=\"font-size:1rem;\">Om Dynatos<\/h3><div class=\"w-iconbox-text\"><p>Dynatos driver transformasjon av finans og innkj\u00f8p ved hjelp av kompetanse og innovative teknologier, og leverer fremtidsrettede l\u00f8sninger til internasjonale kunder.<\/p>\n<\/div><\/div><\/div><div class=\"w-separator size_custom\" style=\"height:1rem\"><\/div><div class=\"w-btn-wrapper align_none\"><a class=\"w-btn us-btn-style_13 arrow-right-after\" href=\"\/no\/company\/about-us\/\"><span class=\"w-btn-label\">Les mer<\/span><\/a><\/div><\/div><\/div><\/div><div class=\"vc_col-sm-6 wpb_column vc_column_container\"><div class=\"vc_column-inner us_custom_b6a72ce1\"><div class=\"wpb_wrapper\"><div class=\"w-iconbox us_custom_5089b866 iconpos_top style_default color_custom align_left\"><div class=\"w-iconbox-icon\" style=\"font-size:1rem;--icon-color:#FF8E04;\"><i class=\"far fa-building\"><\/i><\/div><div class=\"w-iconbox-meta\"><h3 class=\"w-iconbox-title\" style=\"font-size:1rem;\">V\u00e5re kontorer<\/h3><div class=\"w-iconbox-text\"><p>Vi opererer fra internasjonale kontorer i Nederland, Belgia, Tyskland, Danmark, Norge, Slovakia, Polen og Spania, og leverer lokal kompetanse og innsikt.<\/p>\n<\/div><\/div><\/div><div class=\"w-separator size_custom\" style=\"height:1rem\"><\/div><div class=\"w-btn-wrapper align_none\"><a class=\"w-btn us-btn-style_13 arrow-right-after\" href=\"\/no\/company\/our-offices\/\"><span class=\"w-btn-label\">Les mer<\/span><\/a><\/div><\/div><\/div><\/div><\/div><div class=\"g-cols wpb_row via_flex valign_top type_default stacking_default\"><div class=\"vc_col-sm-12 wpb_column vc_column_container\"><div class=\"vc_column-inner us_custom_b6a72ce1\"><div class=\"wpb_wrapper\"><div class=\"w-iconbox iconpos_top style_default color_custom align_left\"><div class=\"w-iconbox-icon\" style=\"font-size:1rem;--icon-color:#FF8E04;\"><i class=\"far fa-briefcase\"><\/i><\/div><div class=\"w-iconbox-meta\"><h3 class=\"w-iconbox-title\" style=\"font-size:1rem;\">Jobb hos Dynatos<\/h3><div class=\"w-iconbox-text\"><p>Hos Dynatos tilbyr vi et samarbeidspreget milj\u00f8 der dine ferdigheter og ideer bidrar til \u00e5 forme fremtiden for finans og innkj\u00f8p.<\/p>\n<\/div><\/div><\/div><div class=\"w-separator size_custom\" style=\"height:1rem\"><\/div><div class=\"w-btn-wrapper align_none\"><a class=\"w-btn us-btn-style_13 arrow-right-after\" href=\"\/no\/careers\/\"><span class=\"w-btn-label\">Les mer<\/span><\/a><\/div><\/div><\/div><\/div><\/div><\/div><\/div><\/div><\/div><\/div><\/section><section class=\"l-section wpb_row dark-blue-gradient-grid-inner height_medium\"><div class=\"l-section-h i-cf\"><div class=\"g-cols vc_row via_flex valign_top type_default stacking_default\"><div class=\"vc_col-sm-6 wpb_column vc_column_container\"><div class=\"vc_column-inner\"><div class=\"wpb_wrapper\"><div class=\"wpb_text_column\"><div class=\"wpb_wrapper\"><h2>Partnere<\/h2>\n<p>Dynatos bygger sin suksess p\u00e5 sterke partnerskap med bransjeledere som deler v\u00e5rt fokus p\u00e5 kvalitet og innovasjon. Fra globale teknologileverand\u00f8rer til spesialiserte tjenestepartnere er samarbeidspartnerne v\u00e5re avgj\u00f8rende for \u00e5 levere h\u00f8y verdi til kundene v\u00e5re.<\/p>\n<p>\u00d8nsker du \u00e5 bli en del av v\u00e5rt nettverk og bidra til felles suksess, kan du utforske hvordan du kan bli partner og samarbeide med oss om transformative l\u00f8sninger.<\/p>\n<\/div><\/div><\/div><\/div><\/div><div class=\"vc_col-sm-6 wpb_column vc_column_container\"><div class=\"vc_column-inner\"><div class=\"wpb_wrapper\"><div class=\"g-cols wpb_row via_flex valign_top type_default stacking_default\"><div class=\"vc_col-sm-6 wpb_column vc_column_container\"><div class=\"vc_column-inner us_custom_b6a72ce1\"><div class=\"wpb_wrapper\"><div class=\"w-iconbox iconpos_top style_default color_custom align_left\"><div class=\"w-iconbox-icon\" style=\"font-size:1rem;--icon-color:#FF8E04;\"><i class=\"far fa-handshake-alt\"><\/i><\/div><div class=\"w-iconbox-meta\"><h3 class=\"w-iconbox-title\" style=\"font-size:1rem;\">Partnere<\/h3><div class=\"w-iconbox-text\"><p>Vi samarbeider med partnere for \u00e5 sikre at kundene v\u00e5re f\u00e5r tilgang til moderne teknologi, ekspertst\u00f8tte og lokal kunnskap innen finans- og innkj\u00f8pstransformasjon.<\/p>\n<\/div><\/div><\/div><div class=\"w-separator size_custom\" style=\"height:1rem\"><\/div><div class=\"w-btn-wrapper align_none\"><a class=\"w-btn us-btn-style_13 arrow-right-after\" href=\"\/no\/company\/partnerships\/\"><span class=\"w-btn-label\">Les mer<\/span><\/a><\/div><\/div><\/div><\/div><div class=\"vc_col-sm-6 wpb_column vc_column_container\"><div class=\"vc_column-inner us_custom_b6a72ce1\"><div class=\"wpb_wrapper\"><div class=\"w-iconbox us_custom_5089b866 iconpos_top style_default color_custom align_left\"><div class=\"w-iconbox-icon\" style=\"font-size:1rem;--icon-color:#FF8E04;\"><i class=\"far fa-hands-helping\"><\/i><\/div><div class=\"w-iconbox-meta\"><h3 class=\"w-iconbox-title\" style=\"font-size:1rem;\">Bli partner<\/h3><div class=\"w-iconbox-text\"><p>Bli Dynatos-partner og bli en del av et nettverk av bransjeledere som jobber for innovative l\u00f8sninger og gjensidig suksess.<\/p>\n<\/div><\/div><\/div><div class=\"w-separator size_custom\" style=\"height:1rem\"><\/div><div class=\"w-btn-wrapper align_none\"><a class=\"w-btn us-btn-style_13 arrow-right-after\" href=\"\/no\/company\/become-a-partner\/\"><span class=\"w-btn-label\">Les mer<\/span><\/a><\/div><\/div><\/div><\/div><\/div><\/div><\/div><\/div><\/div><\/div><\/section>\n","protected":false},"excerpt":{"rendered":"Dynatos M\u00e5lbare resultater, merkbar effekt! Enten du \u00f8nsker \u00e5 l\u00e6re mer om selskapet v\u00e5rt, utforske spennende karrieremuligheter eller etablere et...","protected":false},"author":13,"featured_media":0,"parent":0,"menu_order":5,"comment_status":"closed","ping_status":"closed","template":"","meta":{"_acf_changed":false,"content-type":"","inline_featured_image":false,"footnotes":""},"class_list":["post-59427","page","type-page","status-publish","hentry"],"acf":[],"yoast_head":"<!-- This site is optimized with the Yoast SEO Premium plugin v27.3 (Yoast SEO v27.3) - https:\/\/yoast.com\/product\/yoast-seo-premium-wordpress\/ -->\n<title>Selskap - Dynatos<\/title>\n<meta name=\"description\" content=\"Dynatos fornyer \u00f8konomiprosesser gjennom sterke partnerskap og et samarbeidsorientert internasjonalt team, og leverer fremtidsrettede l\u00f8sninger.\" \/>\n<meta name=\"robots\" content=\"index, follow, max-snippet:-1, max-image-preview:large, max-video-preview:-1\" \/>\n<link rel=\"canonical\" href=\"https:\/\/www.dynatos.com\/no\/company\/\" \/>\n<meta property=\"og:locale\" content=\"nb_NO\" \/>\n<meta property=\"og:type\" content=\"article\" \/>\n<meta property=\"og:title\" content=\"Selskap\" \/>\n<meta property=\"og:description\" content=\"Dynatos fornyer \u00f8konomiprosesser gjennom sterke partnerskap og et samarbeidsorientert internasjonalt team, og leverer fremtidsrettede l\u00f8sninger.\" \/>\n<meta property=\"og:url\" content=\"https:\/\/www.dynatos.com\/no\/company\/\" \/>\n<meta property=\"og:site_name\" content=\"Dynatos\" \/>\n<meta property=\"article:modified_time\" content=\"2026-04-07T11:14:18+00:00\" \/>\n<meta name=\"twitter:card\" content=\"summary_large_image\" \/>\n<script type=\"application\/ld+json\" class=\"yoast-schema-graph\">{\"@context\":\"https:\\\/\\\/schema.org\",\"@graph\":[{\"@type\":\"WebPage\",\"@id\":\"https:\\\/\\\/www.dynatos.com\\\/no\\\/company\\\/\",\"url\":\"https:\\\/\\\/www.dynatos.com\\\/no\\\/company\\\/\",\"name\":\"Selskap - Dynatos\",\"isPartOf\":{\"@id\":\"https:\\\/\\\/www.dynatos.com\\\/no\\\/#website\"},\"datePublished\":\"2024-04-20T09:32:30+00:00\",\"dateModified\":\"2026-04-07T11:14:18+00:00\",\"description\":\"Dynatos fornyer \u00f8konomiprosesser gjennom sterke partnerskap og et samarbeidsorientert internasjonalt team, og leverer fremtidsrettede l\u00f8sninger.\",\"inLanguage\":\"nb-NO\",\"potentialAction\":[{\"@type\":\"ReadAction\",\"target\":[\"https:\\\/\\\/www.dynatos.com\\\/no\\\/company\\\/\"]}]},{\"@type\":\"WebSite\",\"@id\":\"https:\\\/\\\/www.dynatos.com\\\/no\\\/#website\",\"url\":\"https:\\\/\\\/www.dynatos.com\\\/no\\\/\",\"name\":\"Dynatos\",\"description\":\"Intelligent Finance Automation\",\"potentialAction\":[{\"@type\":\"SearchAction\",\"target\":{\"@type\":\"EntryPoint\",\"urlTemplate\":\"https:\\\/\\\/www.dynatos.com\\\/no\\\/?s={search_term_string}\"},\"query-input\":{\"@type\":\"PropertyValueSpecification\",\"valueRequired\":true,\"valueName\":\"search_term_string\"}}],\"inLanguage\":\"nb-NO\"}]}<\/script>\n<!-- \/ Yoast SEO Premium plugin. -->","yoast_head_json":{"title":"Selskap - Dynatos","description":"Dynatos fornyer \u00f8konomiprosesser gjennom sterke partnerskap og et samarbeidsorientert internasjonalt team, og leverer fremtidsrettede l\u00f8sninger.","robots":{"index":"index","follow":"follow","max-snippet":"max-snippet:-1","max-image-preview":"max-image-preview:large","max-video-preview":"max-video-preview:-1"},"canonical":"https:\/\/www.dynatos.com\/no\/company\/","og_locale":"nb_NO","og_type":"article","og_title":"Selskap","og_description":"Dynatos fornyer \u00f8konomiprosesser gjennom sterke partnerskap og et samarbeidsorientert internasjonalt team, og leverer fremtidsrettede l\u00f8sninger.","og_url":"https:\/\/www.dynatos.com\/no\/company\/","og_site_name":"Dynatos","article_modified_time":"2026-04-07T11:14:18+00:00","twitter_card":"summary_large_image","schema":{"@context":"https:\/\/schema.org","@graph":[{"@type":"WebPage","@id":"https:\/\/www.dynatos.com\/no\/company\/","url":"https:\/\/www.dynatos.com\/no\/company\/","name":"Selskap - Dynatos","isPartOf":{"@id":"https:\/\/www.dynatos.com\/no\/#website"},"datePublished":"2024-04-20T09:32:30+00:00","dateModified":"2026-04-07T11:14:18+00:00","description":"Dynatos fornyer \u00f8konomiprosesser gjennom sterke partnerskap og et samarbeidsorientert internasjonalt team, og leverer fremtidsrettede l\u00f8sninger.","inLanguage":"nb-NO","potentialAction":[{"@type":"ReadAction","target":["https:\/\/www.dynatos.com\/no\/company\/"]}]},{"@type":"WebSite","@id":"https:\/\/www.dynatos.com\/no\/#website","url":"https:\/\/www.dynatos.com\/no\/","name":"Dynatos","description":"Intelligent Finance Automation","potentialAction":[{"@type":"SearchAction","target":{"@type":"EntryPoint","urlTemplate":"https:\/\/www.dynatos.com\/no\/?s={search_term_string}"},"query-input":{"@type":"PropertyValueSpecification","valueRequired":true,"valueName":"search_term_string"}}],"inLanguage":"nb-NO"}]}},"jetpack_sharing_enabled":true,"_links":{"self":[{"href":"https:\/\/www.dynatos.com\/no\/wp-json\/wp\/v2\/pages\/59427","targetHints":{"allow":["GET"]}}],"collection":[{"href":"https:\/\/www.dynatos.com\/no\/wp-json\/wp\/v2\/pages"}],"about":[{"href":"https:\/\/www.dynatos.com\/no\/wp-json\/wp\/v2\/types\/page"}],"author":[{"embeddable":true,"href":"https:\/\/www.dynatos.com\/no\/wp-json\/wp\/v2\/users\/13"}],"replies":[{"embeddable":true,"href":"https:\/\/www.dynatos.com\/no\/wp-json\/wp\/v2\/comments?post=59427"}],"version-history":[{"count":1,"href":"https:\/\/www.dynatos.com\/no\/wp-json\/wp\/v2\/pages\/59427\/revisions"}],"predecessor-version":[{"id":65422,"href":"https:\/\/www.dynatos.com\/no\/wp-json\/wp\/v2\/pages\/59427\/revisions\/65422"}],"wp:attachment":[{"href":"https:\/\/www.dynatos.com\/no\/wp-json\/wp\/v2\/media?parent=59427"}],"curies":[{"name":"wp","href":"https:\/\/api.w.org\/{rel}","templated":true}]}}