{"id":46260,"date":"2024-09-24T12:08:35","date_gmt":"2024-09-24T10:08:35","guid":{"rendered":"https:\/\/www.dynatos.com\/?page_id=46260"},"modified":"2026-04-07T13:59:36","modified_gmt":"2026-04-07T11:59:36","slug":"eventos","status":"publish","type":"page","link":"https:\/\/www.dynatos.com\/es\/resources\/eventos\/","title":{"rendered":"Eventos"},"content":{"rendered":"<section class=\"l-section wpb_row us_custom_9490d1b6 has_text_color height_medium\"><div class=\"l-section-h i-cf\"><div class=\"g-cols vc_row via_flex valign_top type_default stacking_default\"><div class=\"vc_col-sm-12 wpb_column vc_column_container\"><div class=\"vc_column-inner\"><div class=\"wpb_wrapper\"><div id=\"breadcrumbs\"><\/div><div class=\"wpb_text_column us_custom_cdd035e8\"><div class=\"wpb_wrapper\">\n<\/div><\/div><div class=\"g-cols wpb_row via_flex valign_middle type_default stacking_default\"><div class=\"vc_col-sm-6 wpb_column vc_column_container\"><div class=\"vc_column-inner\"><div class=\"wpb_wrapper\"><div class=\"w-separator size_small\"><\/div><h1 class=\"w-text us_custom_9de87d4e\"><span class=\"w-text-h\"><span class=\"w-text-value\">Eventos<\/span><\/span><\/h1><div class=\"wpb_text_column us_custom_112cb6e6\"><div class=\"wpb_wrapper\"><p>Descubra eventos, capacitaciones, seminarios web y m\u00e1s de Dynatos. Nuestros eventos est\u00e1n dise\u00f1ados para compartir nuestro conocimiento de productos y procesos con usted. Aqu\u00ed puede encontrar todos nuestros pr\u00f3ximos eventos.<\/p>\n<\/div><\/div><div class=\"w-separator size_small\"><\/div><div class=\"w-popup w-btn-wrapper align_none\"><button class=\"w-popup-trigger type_btn w-btn us-btn-style_1\" aria-label=\"Recibe notificaciones y s\u00e9 el primero\" type=\"button\"><span class=\"w-btn-label\">Recibe notificaciones y s\u00e9 el primero<\/span><\/button><div class=\"w-popup-overlay\" style=\"background:rgba(0,0,0,0.85);\"><\/div><div class=\"w-popup-wrap layout_default\" role=\"dialog\" aria-modal=\"true\" aria-label=\"Ventana emergente\" style=\"--title-color:var(--color-content-heading);--title-bg-color:#ffffff;--content-color:var(--color-content-text);--content-bg-color:var(--color-content-bg-grad, var(--color-content-bg) );--popup-border-radius:20px;--popup-width:600px;--popup-padding:5%;\"><button aria-label=\"Cerrar\" class=\"w-popup-closer\" type=\"button\"><\/button><div class=\"w-popup-box animation_fadeIn closerpos_outside with_title\"><div class=\"w-popup-box-h\"><div class=\"w-popup-box-title\">Recibe nuestras \u00faltimas publicaciones de blog y actualizaciones<\/div><div class=\"w-popup-box-content\"><p>\n\t\t\t\t\t\t<script>\n\t\t\t\t\t\t\twindow.hsFormsOnReady = window.hsFormsOnReady || [];\n\t\t\t\t\t\t\twindow.hsFormsOnReady.push(()=>{\n\t\t\t\t\t\t\t\thbspt.forms.create({\n\t\t\t\t\t\t\t\t\tportalId: 25303047,\n\t\t\t\t\t\t\t\t\tformId: \"606d6788-fc70-415f-9898-9907947ebcdd\",\n\t\t\t\t\t\t\t\t\ttarget: \"#hbspt-form-1777451807000-7822673267\",\n\t\t\t\t\t\t\t\t\tregion: \"eu1\",\n\t\t\t\t\t\t\t\t\t\n\t\t\t\t\t\t\t})});\n\t\t\t\t\t\t<\/script>\n\t\t\t\t\t\t<div class=\"hbspt-form\" id=\"hbspt-form-1777451807000-7822673267\"><\/div>\n<\/div><\/div><\/div><\/div><\/div><div class=\"w-separator hide_on_default hide_on_laptops hide_on_tablets size_large\"><\/div><div class=\"w-image us_custom_efc52fc9 hide_on_mobiles has_height align_none\"><div class=\"w-image-h\"><img decoding=\"async\" width=\"600\" height=\"400\" src=\"https:\/\/www.dynatos.com\/wp-content\/uploads\/2024\/04\/pattern-secondary-base-dots.svg\" class=\"attachment-medium size-medium\" alt=\"\" loading=\"lazy\" \/><\/div><\/div><\/div><\/div><\/div><div class=\"vc_col-sm-6 wpb_column vc_column_container\"><div class=\"vc_column-inner\"><div class=\"wpb_wrapper\"><div class=\"w-post-elm post_image us_custom_5e8a7298 has_ratio\"><img decoding=\"async\" width=\"600\" height=\"400\" src=\"https:\/\/www.dynatos.com\/wp-content\/uploads\/2024\/10\/Dynatos-accelerate2024-RVM_3612-Verbeterd-NRlogo-600x400.jpg\" class=\"attachment-medium size-medium wp-post-image\" alt=\"\" \/><div style=\"padding-bottom:47.3684%\"><\/div><\/div><div class=\"w-image us_custom_a1fbe832 has_height align_none\"><div class=\"w-image-h\"><img decoding=\"async\" width=\"1024\" height=\"1024\" src=\"https:\/\/www.dynatos.com\/wp-content\/uploads\/2024\/04\/pattern-left-top.svg\" class=\"attachment-large size-large\" alt=\"\" loading=\"lazy\" \/><\/div><\/div><\/div><\/div><\/div><\/div><\/div><\/div><\/div><\/div><\/div><\/section><section class=\"l-section wpb_row us_custom_887a049b height_medium\"><div class=\"l-section-h i-cf\"><div class=\"g-cols vc_row via_flex valign_top type_default stacking_default\"><div class=\"vc_col-sm-12 wpb_column vc_column_container\"><div class=\"vc_column-inner\"><div class=\"wpb_wrapper\"><div class=\"w-separator size_medium\"><\/div><div class=\"wpb_text_column\"><div class=\"wpb_wrapper\"><h2>Eventos Virtuales Pr\u00f3ximos y a Demanda<\/h2>\n<\/div><\/div><div class=\"w-separator size_small\"><\/div><div class=\"wpb_text_column\"><div class=\"wpb_wrapper\"><style>:root{ --columns:2;} @media (max-width:768px){:root{ --columns:1;} }<\/style><div id=\"ajax-grid-results\"><div class=\"w-grid type_grid post-type-archive--blog cols_2\" id=\"us_custom_grid\" style=\"--gap:0.5rem;\" data-filterable=\"true\"><div class=\"w-grid-list\">\t<\/div> <!-- END .w-grid-list --><p>No related Events available.<\/p><div class=\"w-grid-preloader\">\t<div class=\"g-preloader type_1\"><div><\/div><\/div><\/div><nav class=\"pagination navigation\" role=\"navigation\"><div class=\"nav-links\"><\/div><\/nav><\/div><\/div>\n<\/div><\/div><div class=\"w-separator size_small\"><\/div><div class=\"w-btn-wrapper align_center\"><a class=\"w-btn us-btn-style_1\" href=\"https:\/\/dynatos.com\/es\/on-demand\/\"><span class=\"w-btn-label\">Mira eventos anteriores a pedido<\/span><\/a><\/div><\/div><\/div><\/div><\/div><\/div><\/section>\n","protected":false},"excerpt":{"rendered":"EventosDescubra eventos, capacitaciones, seminarios web y m\u00e1s de Dynatos. Nuestros eventos est\u00e1n dise\u00f1ados para compartir nuestro conocimiento de productos y...","protected":false},"author":13,"featured_media":47175,"parent":43283,"menu_order":3,"comment_status":"closed","ping_status":"closed","template":"","meta":{"_acf_changed":false,"content-type":"","inline_featured_image":false,"footnotes":""},"class_list":["post-46260","page","type-page","status-publish","has-post-thumbnail","hentry"],"acf":[],"yoast_head":"<!-- This site is optimized with the Yoast SEO Premium plugin v27.3 (Yoast SEO v27.3) - https:\/\/yoast.com\/product\/yoast-seo-premium-wordpress\/ -->\n<title>Eventos - Dynatos<\/title>\n<meta name=\"description\" content=\"Descubre los eventos, formaciones, webinars y m\u00e1s de Dynatos. Nuestros eventos est\u00e1n dise\u00f1ados para compartir contigo nuestro conocimiento de productos y procesos.\" \/>\n<meta name=\"robots\" content=\"index, follow, max-snippet:-1, max-image-preview:large, max-video-preview:-1\" \/>\n<link rel=\"canonical\" href=\"https:\/\/www.dynatos.com\/es\/resources\/eventos\/\" \/>\n<meta property=\"og:locale\" content=\"es_ES\" \/>\n<meta property=\"og:type\" content=\"article\" \/>\n<meta property=\"og:title\" content=\"Eventos\" \/>\n<meta property=\"og:description\" content=\"Descubre los eventos, formaciones, webinars y m\u00e1s de Dynatos. Nuestros eventos est\u00e1n dise\u00f1ados para compartir contigo nuestro conocimiento de productos y procesos.\" \/>\n<meta property=\"og:url\" content=\"https:\/\/www.dynatos.com\/es\/resources\/eventos\/\" \/>\n<meta property=\"og:site_name\" content=\"Dynatos\" \/>\n<meta property=\"article:modified_time\" content=\"2026-04-07T11:59:36+00:00\" \/>\n<meta property=\"og:image\" content=\"https:\/\/www.dynatos.com\/wp-content\/uploads\/2024\/10\/Dynatos-accelerate2024-RVM_3612-Verbeterd-NRlogo.jpg\" \/>\n\t<meta property=\"og:image:width\" content=\"2048\" \/>\n\t<meta property=\"og:image:height\" content=\"1365\" \/>\n\t<meta property=\"og:image:type\" content=\"image\/jpeg\" \/>\n<meta name=\"twitter:card\" content=\"summary_large_image\" \/>\n<script type=\"application\/ld+json\" class=\"yoast-schema-graph\">{\"@context\":\"https:\\\/\\\/schema.org\",\"@graph\":[{\"@type\":\"WebPage\",\"@id\":\"https:\\\/\\\/www.dynatos.com\\\/es\\\/resources\\\/eventos\\\/\",\"url\":\"https:\\\/\\\/www.dynatos.com\\\/es\\\/resources\\\/eventos\\\/\",\"name\":\"Eventos - Dynatos\",\"isPartOf\":{\"@id\":\"https:\\\/\\\/www.dynatos.com\\\/es\\\/#website\"},\"primaryImageOfPage\":{\"@id\":\"https:\\\/\\\/www.dynatos.com\\\/es\\\/resources\\\/eventos\\\/#primaryimage\"},\"image\":{\"@id\":\"https:\\\/\\\/www.dynatos.com\\\/es\\\/resources\\\/eventos\\\/#primaryimage\"},\"thumbnailUrl\":\"https:\\\/\\\/www.dynatos.com\\\/wp-content\\\/uploads\\\/2024\\\/10\\\/Dynatos-accelerate2024-RVM_3612-Verbeterd-NRlogo.jpg\",\"datePublished\":\"2024-09-24T10:08:35+00:00\",\"dateModified\":\"2026-04-07T11:59:36+00:00\",\"description\":\"Descubre los eventos, formaciones, webinars y m\u00e1s de Dynatos. Nuestros eventos est\u00e1n dise\u00f1ados para compartir contigo nuestro conocimiento de productos y procesos.\",\"breadcrumb\":{\"@id\":\"https:\\\/\\\/www.dynatos.com\\\/es\\\/resources\\\/eventos\\\/#breadcrumb\"},\"inLanguage\":\"es\",\"potentialAction\":[{\"@type\":\"ReadAction\",\"target\":[\"https:\\\/\\\/www.dynatos.com\\\/es\\\/resources\\\/eventos\\\/\"]}]},{\"@type\":\"ImageObject\",\"inLanguage\":\"es\",\"@id\":\"https:\\\/\\\/www.dynatos.com\\\/es\\\/resources\\\/eventos\\\/#primaryimage\",\"url\":\"https:\\\/\\\/www.dynatos.com\\\/wp-content\\\/uploads\\\/2024\\\/10\\\/Dynatos-accelerate2024-RVM_3612-Verbeterd-NRlogo.jpg\",\"contentUrl\":\"https:\\\/\\\/www.dynatos.com\\\/wp-content\\\/uploads\\\/2024\\\/10\\\/Dynatos-accelerate2024-RVM_3612-Verbeterd-NRlogo.jpg\",\"width\":2048,\"height\":1365},{\"@type\":\"BreadcrumbList\",\"@id\":\"https:\\\/\\\/www.dynatos.com\\\/es\\\/resources\\\/eventos\\\/#breadcrumb\",\"itemListElement\":[{\"@type\":\"ListItem\",\"position\":1,\"name\":\"Resources\",\"item\":\"https:\\\/\\\/www.dynatos.com\\\/es\\\/resources\\\/\"},{\"@type\":\"ListItem\",\"position\":2,\"name\":\"Eventos\"}]},{\"@type\":\"WebSite\",\"@id\":\"https:\\\/\\\/www.dynatos.com\\\/es\\\/#website\",\"url\":\"https:\\\/\\\/www.dynatos.com\\\/es\\\/\",\"name\":\"Dynatos\",\"description\":\"Intelligent Finance Automation\",\"potentialAction\":[{\"@type\":\"SearchAction\",\"target\":{\"@type\":\"EntryPoint\",\"urlTemplate\":\"https:\\\/\\\/www.dynatos.com\\\/es\\\/?s={search_term_string}\"},\"query-input\":{\"@type\":\"PropertyValueSpecification\",\"valueRequired\":true,\"valueName\":\"search_term_string\"}}],\"inLanguage\":\"es\"}]}<\/script>\n<!-- \/ Yoast SEO Premium plugin. -->","yoast_head_json":{"title":"Eventos - Dynatos","description":"Descubre los eventos, formaciones, webinars y m\u00e1s de Dynatos. Nuestros eventos est\u00e1n dise\u00f1ados para compartir contigo nuestro conocimiento de productos y procesos.","robots":{"index":"index","follow":"follow","max-snippet":"max-snippet:-1","max-image-preview":"max-image-preview:large","max-video-preview":"max-video-preview:-1"},"canonical":"https:\/\/www.dynatos.com\/es\/resources\/eventos\/","og_locale":"es_ES","og_type":"article","og_title":"Eventos","og_description":"Descubre los eventos, formaciones, webinars y m\u00e1s de Dynatos. Nuestros eventos est\u00e1n dise\u00f1ados para compartir contigo nuestro conocimiento de productos y procesos.","og_url":"https:\/\/www.dynatos.com\/es\/resources\/eventos\/","og_site_name":"Dynatos","article_modified_time":"2026-04-07T11:59:36+00:00","og_image":[{"width":2048,"height":1365,"url":"https:\/\/www.dynatos.com\/wp-content\/uploads\/2024\/10\/Dynatos-accelerate2024-RVM_3612-Verbeterd-NRlogo.jpg","type":"image\/jpeg"}],"twitter_card":"summary_large_image","schema":{"@context":"https:\/\/schema.org","@graph":[{"@type":"WebPage","@id":"https:\/\/www.dynatos.com\/es\/resources\/eventos\/","url":"https:\/\/www.dynatos.com\/es\/resources\/eventos\/","name":"Eventos - Dynatos","isPartOf":{"@id":"https:\/\/www.dynatos.com\/es\/#website"},"primaryImageOfPage":{"@id":"https:\/\/www.dynatos.com\/es\/resources\/eventos\/#primaryimage"},"image":{"@id":"https:\/\/www.dynatos.com\/es\/resources\/eventos\/#primaryimage"},"thumbnailUrl":"https:\/\/www.dynatos.com\/wp-content\/uploads\/2024\/10\/Dynatos-accelerate2024-RVM_3612-Verbeterd-NRlogo.jpg","datePublished":"2024-09-24T10:08:35+00:00","dateModified":"2026-04-07T11:59:36+00:00","description":"Descubre los eventos, formaciones, webinars y m\u00e1s de Dynatos. Nuestros eventos est\u00e1n dise\u00f1ados para compartir contigo nuestro conocimiento de productos y procesos.","breadcrumb":{"@id":"https:\/\/www.dynatos.com\/es\/resources\/eventos\/#breadcrumb"},"inLanguage":"es","potentialAction":[{"@type":"ReadAction","target":["https:\/\/www.dynatos.com\/es\/resources\/eventos\/"]}]},{"@type":"ImageObject","inLanguage":"es","@id":"https:\/\/www.dynatos.com\/es\/resources\/eventos\/#primaryimage","url":"https:\/\/www.dynatos.com\/wp-content\/uploads\/2024\/10\/Dynatos-accelerate2024-RVM_3612-Verbeterd-NRlogo.jpg","contentUrl":"https:\/\/www.dynatos.com\/wp-content\/uploads\/2024\/10\/Dynatos-accelerate2024-RVM_3612-Verbeterd-NRlogo.jpg","width":2048,"height":1365},{"@type":"BreadcrumbList","@id":"https:\/\/www.dynatos.com\/es\/resources\/eventos\/#breadcrumb","itemListElement":[{"@type":"ListItem","position":1,"name":"Resources","item":"https:\/\/www.dynatos.com\/es\/resources\/"},{"@type":"ListItem","position":2,"name":"Eventos"}]},{"@type":"WebSite","@id":"https:\/\/www.dynatos.com\/es\/#website","url":"https:\/\/www.dynatos.com\/es\/","name":"Dynatos","description":"Intelligent Finance Automation","potentialAction":[{"@type":"SearchAction","target":{"@type":"EntryPoint","urlTemplate":"https:\/\/www.dynatos.com\/es\/?s={search_term_string}"},"query-input":{"@type":"PropertyValueSpecification","valueRequired":true,"valueName":"search_term_string"}}],"inLanguage":"es"}]}},"_links":{"self":[{"href":"https:\/\/www.dynatos.com\/es\/wp-json\/wp\/v2\/pages\/46260","targetHints":{"allow":["GET"]}}],"collection":[{"href":"https:\/\/www.dynatos.com\/es\/wp-json\/wp\/v2\/pages"}],"about":[{"href":"https:\/\/www.dynatos.com\/es\/wp-json\/wp\/v2\/types\/page"}],"author":[{"embeddable":true,"href":"https:\/\/www.dynatos.com\/es\/wp-json\/wp\/v2\/users\/13"}],"replies":[{"embeddable":true,"href":"https:\/\/www.dynatos.com\/es\/wp-json\/wp\/v2\/comments?post=46260"}],"version-history":[{"count":1,"href":"https:\/\/www.dynatos.com\/es\/wp-json\/wp\/v2\/pages\/46260\/revisions"}],"predecessor-version":[{"id":65464,"href":"https:\/\/www.dynatos.com\/es\/wp-json\/wp\/v2\/pages\/46260\/revisions\/65464"}],"up":[{"embeddable":true,"href":"https:\/\/www.dynatos.com\/es\/wp-json\/wp\/v2\/pages\/43283"}],"wp:featuredmedia":[{"embeddable":true,"href":"https:\/\/www.dynatos.com\/es\/wp-json\/wp\/v2\/media\/47175"}],"wp:attachment":[{"href":"https:\/\/www.dynatos.com\/es\/wp-json\/wp\/v2\/media?parent=46260"}],"curies":[{"name":"wp","href":"https:\/\/api.w.org\/{rel}","templated":true}]}}