{"id":43995,"date":"2024-07-04T10:20:32","date_gmt":"2024-07-04T08:20:32","guid":{"rendered":"https:\/\/www.dynatos.com\/company\/open-application\/"},"modified":"2026-04-07T13:59:49","modified_gmt":"2026-04-07T11:59:49","slug":"open-application","status":"publish","type":"page","link":"https:\/\/www.dynatos.com\/es\/company\/open-application\/","title":{"rendered":"Solicitud Abierta"},"content":{"rendered":"<section class=\"l-section wpb_row us_custom_9490d1b6 has_text_color height_medium\"><div class=\"l-section-h i-cf\"><div class=\"g-cols vc_row via_flex valign_top type_default stacking_default\"><div class=\"vc_col-sm-12 wpb_column vc_column_container\"><div class=\"vc_column-inner\"><div class=\"wpb_wrapper\"><div id=\"breadcrumbs\"><\/div><div class=\"wpb_text_column us_custom_cdd035e8\"><div class=\"wpb_wrapper\">\n<\/div><\/div><div class=\"g-cols wpb_row via_flex valign_middle type_default stacking_default\"><div class=\"vc_col-sm-6 wpb_column vc_column_container\"><div class=\"vc_column-inner\"><div class=\"wpb_wrapper\"><div class=\"w-separator size_small\"><\/div><div class=\"wpb_text_column us_custom_9de87d4e\"><div class=\"wpb_wrapper\"><h1>Solicitud Abierta<\/h1>\n<\/div><\/div><div class=\"wpb_text_column us_custom_60ba3dc7\"><div class=\"wpb_wrapper\"><p>Siempre estamos buscando talento.<\/p>\n<\/div><\/div><div class=\"w-separator size_small\"><\/div><div class=\"w-popup w-btn-wrapper align_none\"><button class=\"w-popup-trigger type_btn w-btn us-btn-style_1\" aria-label=\"Recibe notificaciones y s\u00e9 el primero\" type=\"button\"><span class=\"w-btn-label\">Recibe notificaciones y s\u00e9 el primero<\/span><\/button><div class=\"w-popup-overlay\" style=\"background:rgba(0,0,0,0.85);\"><\/div><div class=\"w-popup-wrap layout_default\" role=\"dialog\" aria-modal=\"true\" aria-label=\"Ventana emergente\" style=\"--title-color:var(--color-content-heading);--title-bg-color:#ffffff;--content-color:var(--color-content-text);--content-bg-color:var(--color-content-bg-grad, var(--color-content-bg) );--popup-border-radius:20px;--popup-width:600px;--popup-padding:5%;\"><button aria-label=\"Cerrar\" class=\"w-popup-closer\" type=\"button\"><\/button><div class=\"w-popup-box animation_fadeIn closerpos_outside with_title\"><div class=\"w-popup-box-h\"><div class=\"w-popup-box-title\">Recibe nuestras \u00faltimas publicaciones de blog y actualizaciones<\/div><div class=\"w-popup-box-content\"><p>\n\t\t\t\t\t\t<script>\n\t\t\t\t\t\t\twindow.hsFormsOnReady = window.hsFormsOnReady || [];\n\t\t\t\t\t\t\twindow.hsFormsOnReady.push(()=>{\n\t\t\t\t\t\t\t\thbspt.forms.create({\n\t\t\t\t\t\t\t\t\tportalId: 25303047,\n\t\t\t\t\t\t\t\t\tformId: \"606d6788-fc70-415f-9898-9907947ebcdd\",\n\t\t\t\t\t\t\t\t\ttarget: \"#hbspt-form-1777716185000-7976935752\",\n\t\t\t\t\t\t\t\t\tregion: \"eu1\",\n\t\t\t\t\t\t\t\t\t\n\t\t\t\t\t\t\t})});\n\t\t\t\t\t\t<\/script>\n\t\t\t\t\t\t<div class=\"hbspt-form\" id=\"hbspt-form-1777716185000-7976935752\"><\/div>\n<\/div><\/div><\/div><\/div><\/div><div class=\"w-separator hide_on_default hide_on_laptops hide_on_tablets size_large\"><\/div><div class=\"w-image us_custom_efc52fc9 hide_on_mobiles has_height align_none\"><div class=\"w-image-h\"><img decoding=\"async\" width=\"600\" height=\"400\" src=\"https:\/\/www.dynatos.com\/wp-content\/uploads\/2024\/04\/pattern-secondary-base-dots.svg\" class=\"attachment-medium size-medium\" alt=\"\" loading=\"lazy\" \/><\/div><\/div><\/div><\/div><\/div><div class=\"vc_col-sm-6 wpb_column vc_column_container\"><div class=\"vc_column-inner\"><div class=\"wpb_wrapper\"><div class=\"w-image us_custom_5e8a7298 has_ratio align_none\"><div class=\"w-image-h\"><div style=\"padding-bottom:36%\"><\/div><img decoding=\"async\" width=\"600\" height=\"400\" src=\"https:\/\/www.dynatos.com\/wp-content\/uploads\/2024\/07\/Dynatos-Kick-off-24-RVM-_FVV3339-small-600x400.jpg\" class=\"attachment-medium size-medium\" alt=\"\" loading=\"lazy\" \/><\/div><\/div><div class=\"w-image us_custom_a1fbe832 has_height align_none\"><div class=\"w-image-h\"><img decoding=\"async\" width=\"1024\" height=\"1024\" src=\"https:\/\/www.dynatos.com\/wp-content\/uploads\/2024\/04\/pattern-left-top.svg\" class=\"attachment-large size-large\" alt=\"\" loading=\"lazy\" \/><\/div><\/div><\/div><\/div><\/div><\/div><\/div><\/div><\/div><\/div><\/div><\/section><section class=\"l-section wpb_row height_medium\"><div class=\"l-section-h i-cf\"><div class=\"g-cols vc_row via_flex valign_top type_default stacking_default\"><div class=\"vc_col-sm-12 wpb_column vc_column_container\"><div class=\"vc_column-inner\"><div class=\"wpb_wrapper\"><div class=\"w-vwrapper us_custom_1c329240 align_none valign_top\" id=\"register\"><div class=\"wpb_text_column\"><div class=\"wpb_wrapper\"><h2>Cu\u00e9ntanos m\u00e1s sobre ti<\/h2>\n<\/div><\/div><div class=\"w-separator size_custom\" style=\"height:1rem\"><\/div><div class=\"wpb_text_column\"><div class=\"wpb_wrapper\">\n\t\t\t\t\t\t<script>\n\t\t\t\t\t\t\twindow.hsFormsOnReady = window.hsFormsOnReady || [];\n\t\t\t\t\t\t\twindow.hsFormsOnReady.push(()=>{\n\t\t\t\t\t\t\t\thbspt.forms.create({\n\t\t\t\t\t\t\t\t\tportalId: 25303047,\n\t\t\t\t\t\t\t\t\tformId: \"7e02ce09-af5e-468e-8c01-f3210537aa50\",\n\t\t\t\t\t\t\t\t\ttarget: \"#hbspt-form-1777716185000-8514815211\",\n\t\t\t\t\t\t\t\t\tregion: \"eu1\",\n\t\t\t\t\t\t\t\t\t\n\t\t\t\t\t\t\t})});\n\t\t\t\t\t\t<\/script>\n\t\t\t\t\t\t<div class=\"hbspt-form\" id=\"hbspt-form-1777716185000-8514815211\"><\/div>\n<\/div><\/div><\/div><\/div><\/div><\/div><\/div><\/div><\/section>\n","protected":false},"excerpt":{"rendered":"Solicitud Abierta Siempre estamos buscando talento. Recibe notificaciones y s\u00e9 el primeroRecibe nuestras \u00faltimas publicaciones de blog y actualizaciones Cu\u00e9ntanos...","protected":false},"author":13,"featured_media":0,"parent":43312,"menu_order":1,"comment_status":"closed","ping_status":"closed","template":"","meta":{"_acf_changed":false,"content-type":"","inline_featured_image":false,"footnotes":""},"class_list":["post-43995","page","type-page","status-publish","hentry"],"acf":[],"yoast_head":"<!-- This site is optimized with the Yoast SEO Premium plugin v27.5 (Yoast SEO v27.5) - https:\/\/yoast.com\/product\/yoast-seo-premium-wordpress\/ -->\n<title>Solicitud Abierta - Dynatos<\/title>\n<meta name=\"description\" content=\"Siempre estamos buscando talento. Cu\u00e9ntanos m\u00e1s sobre ti y nos pondremos en contacto contigo pronto.\" \/>\n<meta name=\"robots\" content=\"index, follow, max-snippet:-1, max-image-preview:large, max-video-preview:-1\" \/>\n<link rel=\"canonical\" href=\"https:\/\/www.dynatos.com\/es\/company\/open-application\/\" \/>\n<meta property=\"og:locale\" content=\"es_ES\" \/>\n<meta property=\"og:type\" content=\"article\" \/>\n<meta property=\"og:title\" content=\"Solicitud Abierta\" \/>\n<meta property=\"og:description\" content=\"Siempre estamos buscando talento. Cu\u00e9ntanos m\u00e1s sobre ti y nos pondremos en contacto contigo pronto.\" \/>\n<meta property=\"og:url\" content=\"https:\/\/www.dynatos.com\/es\/company\/open-application\/\" \/>\n<meta property=\"og:site_name\" content=\"Dynatos\" \/>\n<meta property=\"article:modified_time\" content=\"2026-04-07T11:59:49+00:00\" \/>\n<meta name=\"twitter:card\" content=\"summary_large_image\" \/>\n<script type=\"application\/ld+json\" class=\"yoast-schema-graph\">{\"@context\":\"https:\\\/\\\/schema.org\",\"@graph\":[{\"@type\":\"WebPage\",\"@id\":\"https:\\\/\\\/www.dynatos.com\\\/es\\\/company\\\/open-application\\\/\",\"url\":\"https:\\\/\\\/www.dynatos.com\\\/es\\\/company\\\/open-application\\\/\",\"name\":\"Solicitud Abierta - Dynatos\",\"isPartOf\":{\"@id\":\"https:\\\/\\\/www.dynatos.com\\\/es\\\/#website\"},\"datePublished\":\"2024-07-04T08:20:32+00:00\",\"dateModified\":\"2026-04-07T11:59:49+00:00\",\"description\":\"Siempre estamos buscando talento. Cu\u00e9ntanos m\u00e1s sobre ti y nos pondremos en contacto contigo pronto.\",\"breadcrumb\":{\"@id\":\"https:\\\/\\\/www.dynatos.com\\\/es\\\/company\\\/open-application\\\/#breadcrumb\"},\"inLanguage\":\"es\",\"potentialAction\":[{\"@type\":\"ReadAction\",\"target\":[\"https:\\\/\\\/www.dynatos.com\\\/es\\\/company\\\/open-application\\\/\"]}]},{\"@type\":\"BreadcrumbList\",\"@id\":\"https:\\\/\\\/www.dynatos.com\\\/es\\\/company\\\/open-application\\\/#breadcrumb\",\"itemListElement\":[{\"@type\":\"ListItem\",\"position\":1,\"name\":\"Compa\u00f1\u00eda\",\"item\":\"https:\\\/\\\/www.dynatos.com\\\/es\\\/company\\\/\"},{\"@type\":\"ListItem\",\"position\":2,\"name\":\"Solicitud Abierta\"}]},{\"@type\":\"WebSite\",\"@id\":\"https:\\\/\\\/www.dynatos.com\\\/es\\\/#website\",\"url\":\"https:\\\/\\\/www.dynatos.com\\\/es\\\/\",\"name\":\"Dynatos\",\"description\":\"Intelligent Finance Automation\",\"potentialAction\":[{\"@type\":\"SearchAction\",\"target\":{\"@type\":\"EntryPoint\",\"urlTemplate\":\"https:\\\/\\\/www.dynatos.com\\\/es\\\/?s={search_term_string}\"},\"query-input\":{\"@type\":\"PropertyValueSpecification\",\"valueRequired\":true,\"valueName\":\"search_term_string\"}}],\"inLanguage\":\"es\"}]}<\/script>\n<!-- \/ Yoast SEO Premium plugin. -->","yoast_head_json":{"title":"Solicitud Abierta - Dynatos","description":"Siempre estamos buscando talento. Cu\u00e9ntanos m\u00e1s sobre ti y nos pondremos en contacto contigo pronto.","robots":{"index":"index","follow":"follow","max-snippet":"max-snippet:-1","max-image-preview":"max-image-preview:large","max-video-preview":"max-video-preview:-1"},"canonical":"https:\/\/www.dynatos.com\/es\/company\/open-application\/","og_locale":"es_ES","og_type":"article","og_title":"Solicitud Abierta","og_description":"Siempre estamos buscando talento. Cu\u00e9ntanos m\u00e1s sobre ti y nos pondremos en contacto contigo pronto.","og_url":"https:\/\/www.dynatos.com\/es\/company\/open-application\/","og_site_name":"Dynatos","article_modified_time":"2026-04-07T11:59:49+00:00","twitter_card":"summary_large_image","schema":{"@context":"https:\/\/schema.org","@graph":[{"@type":"WebPage","@id":"https:\/\/www.dynatos.com\/es\/company\/open-application\/","url":"https:\/\/www.dynatos.com\/es\/company\/open-application\/","name":"Solicitud Abierta - Dynatos","isPartOf":{"@id":"https:\/\/www.dynatos.com\/es\/#website"},"datePublished":"2024-07-04T08:20:32+00:00","dateModified":"2026-04-07T11:59:49+00:00","description":"Siempre estamos buscando talento. Cu\u00e9ntanos m\u00e1s sobre ti y nos pondremos en contacto contigo pronto.","breadcrumb":{"@id":"https:\/\/www.dynatos.com\/es\/company\/open-application\/#breadcrumb"},"inLanguage":"es","potentialAction":[{"@type":"ReadAction","target":["https:\/\/www.dynatos.com\/es\/company\/open-application\/"]}]},{"@type":"BreadcrumbList","@id":"https:\/\/www.dynatos.com\/es\/company\/open-application\/#breadcrumb","itemListElement":[{"@type":"ListItem","position":1,"name":"Compa\u00f1\u00eda","item":"https:\/\/www.dynatos.com\/es\/company\/"},{"@type":"ListItem","position":2,"name":"Solicitud Abierta"}]},{"@type":"WebSite","@id":"https:\/\/www.dynatos.com\/es\/#website","url":"https:\/\/www.dynatos.com\/es\/","name":"Dynatos","description":"Intelligent Finance Automation","potentialAction":[{"@type":"SearchAction","target":{"@type":"EntryPoint","urlTemplate":"https:\/\/www.dynatos.com\/es\/?s={search_term_string}"},"query-input":{"@type":"PropertyValueSpecification","valueRequired":true,"valueName":"search_term_string"}}],"inLanguage":"es"}]}},"_links":{"self":[{"href":"https:\/\/www.dynatos.com\/es\/wp-json\/wp\/v2\/pages\/43995","targetHints":{"allow":["GET"]}}],"collection":[{"href":"https:\/\/www.dynatos.com\/es\/wp-json\/wp\/v2\/pages"}],"about":[{"href":"https:\/\/www.dynatos.com\/es\/wp-json\/wp\/v2\/types\/page"}],"author":[{"embeddable":true,"href":"https:\/\/www.dynatos.com\/es\/wp-json\/wp\/v2\/users\/13"}],"replies":[{"embeddable":true,"href":"https:\/\/www.dynatos.com\/es\/wp-json\/wp\/v2\/comments?post=43995"}],"version-history":[{"count":2,"href":"https:\/\/www.dynatos.com\/es\/wp-json\/wp\/v2\/pages\/43995\/revisions"}],"predecessor-version":[{"id":65472,"href":"https:\/\/www.dynatos.com\/es\/wp-json\/wp\/v2\/pages\/43995\/revisions\/65472"}],"up":[{"embeddable":true,"href":"https:\/\/www.dynatos.com\/es\/wp-json\/wp\/v2\/pages\/43312"}],"wp:attachment":[{"href":"https:\/\/www.dynatos.com\/es\/wp-json\/wp\/v2\/media?parent=43995"}],"curies":[{"name":"wp","href":"https:\/\/api.w.org\/{rel}","templated":true}]}}