{"id":43312,"date":"2024-04-20T11:32:30","date_gmt":"2024-04-20T09:32:30","guid":{"rendered":"https:\/\/www.dynatos.com\/company\/"},"modified":"2024-12-09T19:51:34","modified_gmt":"2024-12-09T18:51:34","slug":"company","status":"publish","type":"page","link":"https:\/\/www.dynatos.com\/es\/company\/","title":{"rendered":"Compa\u00f1\u00eda"},"content":{"rendered":"<section class=\"l-section wpb_row us_custom_789ebb0d height_medium\"><div class=\"l-section-h i-cf\"><div class=\"g-cols vc_row via_flex valign_top type_default stacking_default\"><div class=\"vc_col-sm-7 wpb_column vc_column_container\"><div class=\"vc_column-inner\"><div class=\"wpb_wrapper\"><div id=\"breadcrumbs\"><\/div><div class=\"wpb_text_column us_custom_cdd035e8\"><div class=\"wpb_wrapper\">\n<\/div><\/div><div class=\"w-separator size_small\"><\/div><div class=\"wpb_text_column\"><div class=\"wpb_wrapper\"><h1>Compa\u00f1\u00eda<\/h1>\n<\/div><\/div><div class=\"wpb_text_column us_custom_f44e772f\"><div class=\"wpb_wrapper\"><p>Impulsando la innovaci\u00f3n en los procesos financieros a trav\u00e9s de s\u00f3lidas asociaciones y equipos de expertos internacionales colaborativos.<\/p>\n<\/div><\/div><div class=\"w-separator size_small\"><\/div><div class=\"wpb_text_column\"><div class=\"wpb_wrapper\"><p>Ya sea que desees saber m\u00e1s sobre nosotros, unirte a nuestro equipo o asociarte con nosotros, ofrecemos un entorno din\u00e1mico comprometido con la excelencia y el conocimiento en finanzas y adquisiciones.<\/p>\n<\/div><\/div><div class=\"w-separator size_small\"><\/div><div class=\"w-btn-wrapper align_none\"><a class=\"w-btn us-btn-style_2\" href=\"\/es\/contact\/\"><span class=\"w-btn-label\">Hablemos<\/span><\/a><\/div><\/div><\/div><\/div><div class=\"vc_col-sm-5 wpb_column vc_column_container has_bg_color\"><div class=\"vc_column-inner us_custom_eef4bbb8\"><div class=\"wpb_wrapper\"><div class=\"w-vwrapper align_none valign_top\" style=\"--vwrapper-gap:1.3rem\"><div class=\"w-image us_custom_7a007450 box-shadow move-with-mouse-3 has_ratio align_none\"><div class=\"w-image-h\"><div style=\"padding-bottom:72.9927%\"><\/div><img decoding=\"async\" width=\"600\" height=\"400\" src=\"https:\/\/www.dynatos.com\/wp-content\/uploads\/2024\/07\/Dynatos-Kick-off-24-RVM-RVM_3590-small-600x400.jpg\" class=\"attachment-medium size-medium\" alt=\"\" loading=\"lazy\" \/><\/div><\/div><div class=\"w-image us_custom_139ba1d8 box-shadow move-with-mouse-3 has_ratio align_none\"><div class=\"w-image-h\"><div style=\"padding-bottom:200%\"><\/div><img decoding=\"async\" width=\"300\" height=\"400\" src=\"https:\/\/www.dynatos.com\/wp-content\/uploads\/2024\/07\/CHRISTIAN-RVM-810_6852-bewerkt-bewerkt-36-300x400.jpg\" class=\"attachment-medium size-medium\" alt=\"\" loading=\"lazy\" \/><\/div><\/div><div class=\"w-image us_custom_714f3ae5 box-shadow move-with-mouse-3 has_ratio align_none\"><div class=\"w-image-h\"><div style=\"padding-bottom:100%\"><\/div><img decoding=\"async\" width=\"600\" height=\"400\" src=\"https:\/\/www.dynatos.com\/wp-content\/uploads\/2024\/07\/Dynatos-Kick-off-24-RVM-_FVV3344-small-600x400.jpg\" class=\"attachment-medium size-medium\" alt=\"\" loading=\"lazy\" \/><\/div><\/div><\/div><div class=\"w-hwrapper us_custom_b0f678a3 box-shadow move-with-mouse-1 valign_middle align_none\" style=\"--hwrapper-gap:0.5rem\"><div class=\"w-image us_custom_27cd3f53 center-vertically has_height align_left\"><div target=\"_blank\" class=\"w-image-h\"><img decoding=\"async\" src=\"https:\/\/www.dynatos.com\/wp-content\/uploads\/2024\/08\/Since-dyn-fa.svg\" class=\"attachment-us_350_350 size-us_350_350\" alt=\"\" loading=\"lazy\" \/><\/div><\/div><div class=\"w-vwrapper align_none valign_top\" style=\"--vwrapper-gap:-1rem\"><div class=\"wpb_text_column us_custom_8d4690c5 has_text_color\"><div class=\"wpb_wrapper\"><p><strong>2010<\/strong><\/p>\n<\/div><\/div><div class=\"wpb_text_column us_custom_48e71eab has_text_color\"><div class=\"wpb_wrapper\"><p>Desde<\/p>\n<\/div><\/div><\/div><\/div><div class=\"w-hwrapper us_custom_c42d0400 box-shadow move-with-mouse-1 valign_middle align_none\" style=\"--hwrapper-gap:0.5rem\"><div class=\"w-image us_custom_27cd3f53 center-vertically has_height align_left\"><div target=\"_blank\" class=\"w-image-h\"><img decoding=\"async\" src=\"https:\/\/www.dynatos.com\/wp-content\/uploads\/2024\/08\/part-dyn-fa.svg\" class=\"attachment-us_350_350 size-us_350_350\" alt=\"\" loading=\"lazy\" \/><\/div><\/div><div class=\"w-vwrapper align_none valign_top\" style=\"--vwrapper-gap:-1rem\"><div class=\"wpb_text_column us_custom_8d4690c5 has_text_color\"><div class=\"wpb_wrapper\"><p><strong>+50<\/strong><\/p>\n<\/div><\/div><div class=\"wpb_text_column us_custom_48e71eab has_text_color\"><div class=\"wpb_wrapper\"><p>Socios internacionales<\/p>\n<\/div><\/div><\/div><\/div><div class=\"w-hwrapper us_custom_8515b7c3 box-shadow move-with-mouse-1 valign_middle align_none\" style=\"--hwrapper-gap:0.5rem\"><div class=\"w-image us_custom_27cd3f53 center-vertically has_height align_left\"><div target=\"_blank\" class=\"w-image-h\"><img decoding=\"async\" src=\"https:\/\/www.dynatos.com\/wp-content\/uploads\/2024\/08\/hand-dyn-fa.svg\" class=\"attachment-us_350_350 size-us_350_350\" alt=\"\" loading=\"lazy\" \/><\/div><\/div><div class=\"w-vwrapper align_none valign_top\" style=\"--vwrapper-gap:-1rem\"><div class=\"wpb_text_column us_custom_8d4690c5 has_text_color\"><div class=\"wpb_wrapper\"><p><strong>3<\/strong><\/p>\n<\/div><\/div><div class=\"wpb_text_column us_custom_48e71eab has_text_color\"><div class=\"wpb_wrapper\"><p>Tipos de socios<\/p>\n<\/div><\/div><\/div><\/div><\/div><\/div><\/div><\/div><\/div><\/section><section class=\"l-section wpb_row dark-blue-gradient-grid-inner height_medium\"><div class=\"l-section-h i-cf\"><div class=\"g-cols vc_row via_flex valign_top type_default stacking_default\"><div class=\"vc_col-sm-6 wpb_column vc_column_container\"><div class=\"vc_column-inner\"><div class=\"wpb_wrapper\"><div class=\"wpb_text_column\"><div class=\"wpb_wrapper\"><h2>Con\u00f3cenos<\/h2>\n<p>Dynatos es apasionado en transformar los procesos financieros a trav\u00e9s de la innovaci\u00f3n y la experiencia. Nuestras oficinas internacionales sirven como centros de conocimiento y colaboraci\u00f3n. Aqu\u00ed, profesionales dedicados trabajan juntos para ofrecer soluciones de vanguardia a nuestros clientes.<\/p>\n<p>Explora nuestras oficinas y descubre c\u00f3mo puedes ser parte de nuestro viaje.<\/p>\n<\/div><\/div><\/div><\/div><\/div><div class=\"vc_col-sm-6 wpb_column vc_column_container\"><div class=\"vc_column-inner\"><div class=\"wpb_wrapper\"><div class=\"g-cols wpb_row via_flex valign_top type_default stacking_default\"><div class=\"vc_col-sm-6 wpb_column vc_column_container\"><div class=\"vc_column-inner us_custom_b6a72ce1\"><div class=\"wpb_wrapper\"><div class=\"w-iconbox iconpos_top style_default color_custom align_left\"><div class=\"w-iconbox-icon\" style=\"font-size:1rem;--icon-color:#FF8E04;\"><i class=\"far fa-chair-office\"><\/i><\/div><div class=\"w-iconbox-meta\"><h3 class=\"w-iconbox-title\" style=\"font-size:1rem;\">Acerca de Dynatos<\/h3><div class=\"w-iconbox-text\"><p>Dynatos impulsa la transformaci\u00f3n de las finanzas y adquisiciones con experiencia y tecnolog\u00edas innovadoras, ofreciendo soluciones a prueba de futuro y experiencias excepcionales para clientes internacionales.<\/p>\n<\/div><\/div><\/div><div class=\"w-separator size_custom\" style=\"height:1rem\"><\/div><div class=\"w-btn-wrapper align_none\"><a class=\"w-btn us-btn-style_13 arrow-right-after\" href=\"\/es\/company\/about-us\/\"><span class=\"w-btn-label\">Leer m\u00e1s<\/span><\/a><\/div><\/div><\/div><\/div><div class=\"vc_col-sm-6 wpb_column vc_column_container\"><div class=\"vc_column-inner us_custom_b6a72ce1\"><div class=\"wpb_wrapper\"><div class=\"w-iconbox us_custom_5089b866 iconpos_top style_default color_custom align_left\"><div class=\"w-iconbox-icon\" style=\"font-size:1rem;--icon-color:#FF8E04;\"><i class=\"far fa-building\"><\/i><\/div><div class=\"w-iconbox-meta\"><h3 class=\"w-iconbox-title\" style=\"font-size:1rem;\">Nuestras oficinas<\/h3><div class=\"w-iconbox-text\"><p>Operamos desde oficinas estrat\u00e9gicamente ubicadas a nivel internacional, incluyendo los Pa\u00edses Bajos, B\u00e9lgica, Alemania, Dinamarca, Noruega, Polonia y Espa\u00f1a, para ofrecer conocimientos y experiencia localizados.<\/p>\n<\/div><\/div><\/div><div class=\"w-separator size_custom\" style=\"height:1rem\"><\/div><div class=\"w-btn-wrapper align_none\"><a class=\"w-btn us-btn-style_13 arrow-right-after\" href=\"\/es\/company\/our-offices\/\"><span class=\"w-btn-label\">Leer m\u00e1s<\/span><\/a><\/div><\/div><\/div><\/div><\/div><div class=\"g-cols wpb_row via_flex valign_top type_default stacking_default\"><div class=\"vc_col-sm-12 wpb_column vc_column_container\"><div class=\"vc_column-inner us_custom_b6a72ce1\"><div class=\"wpb_wrapper\"><div class=\"w-iconbox iconpos_top style_default color_custom align_left\"><div class=\"w-iconbox-icon\" style=\"font-size:1rem;--icon-color:#FF8E04;\"><i class=\"far fa-briefcase\"><\/i><\/div><div class=\"w-iconbox-meta\"><h3 class=\"w-iconbox-title\" style=\"font-size:1rem;\">Trabaja en Dynatos<\/h3><div class=\"w-iconbox-text\"><p>En Dynatos, ofrecemos un entorno colaborativo donde tus habilidades e ideas contribuyen a dar forma al futuro de las finanzas y las adquisiciones.<\/p>\n<\/div><\/div><\/div><div class=\"w-separator size_custom\" style=\"height:1rem\"><\/div><div class=\"w-btn-wrapper align_none\"><a class=\"w-btn us-btn-style_13 arrow-right-after\" href=\"\/es\/careers\/\"><span class=\"w-btn-label\">Leer m\u00e1s<\/span><\/a><\/div><\/div><\/div><\/div><\/div><\/div><\/div><\/div><\/div><\/div><\/section><section class=\"l-section wpb_row dark-blue-gradient-grid-inner height_medium\"><div class=\"l-section-h i-cf\"><div class=\"g-cols vc_row via_flex valign_top type_default stacking_default\"><div class=\"vc_col-sm-6 wpb_column vc_column_container\"><div class=\"vc_column-inner\"><div class=\"wpb_wrapper\"><div class=\"wpb_text_column\"><div class=\"wpb_wrapper\"><h2>Socios<\/h2>\n<p>Dynatos prospera gracias a s\u00f3lidas asociaciones con l\u00edderes de la industria que comparten nuestro compromiso con la excelencia y la innovaci\u00f3n.<\/p>\n<p>Desde l\u00edderes globales en tecnolog\u00eda hasta proveedores de servicios especializados, nuestros socios son cruciales para ofrecer un valor excepcional a nuestros clientes. Si deseas unirte a nuestra red y contribuir al \u00e9xito compartido, explora c\u00f3mo puedes convertirte en socio y colaborar con nosotros en soluciones transformadoras.<\/p>\n<\/div><\/div><\/div><\/div><\/div><div class=\"vc_col-sm-6 wpb_column vc_column_container\"><div class=\"vc_column-inner\"><div class=\"wpb_wrapper\"><div class=\"g-cols wpb_row via_flex valign_top type_default stacking_default\"><div class=\"vc_col-sm-6 wpb_column vc_column_container\"><div class=\"vc_column-inner us_custom_b6a72ce1\"><div class=\"wpb_wrapper\"><div class=\"w-iconbox iconpos_top style_default color_custom align_left\"><div class=\"w-iconbox-icon\" style=\"font-size:1rem;--icon-color:#FF8E04;\"><i class=\"far fa-handshake-alt\"><\/i><\/div><div class=\"w-iconbox-meta\"><h3 class=\"w-iconbox-title\" style=\"font-size:1rem;\">Asociaciones<\/h3><div class=\"w-iconbox-text\"><p>Colaboramos con socios para asegurar que nuestros clientes reciban tecnolog\u00eda de vanguardia, soporte experto y conocimiento local para la transformaci\u00f3n financiera.<\/p>\n<\/div><\/div><\/div><div class=\"w-separator size_custom\" style=\"height:1rem\"><\/div><div class=\"w-btn-wrapper align_none\"><a class=\"w-btn us-btn-style_13 arrow-right-after\" href=\"\/es\/company\/partnerships\/\"><span class=\"w-btn-label\">Leer m\u00e1s<\/span><\/a><\/div><\/div><\/div><\/div><div class=\"vc_col-sm-6 wpb_column vc_column_container\"><div class=\"vc_column-inner us_custom_b6a72ce1\"><div class=\"wpb_wrapper\"><div class=\"w-iconbox us_custom_5089b866 iconpos_top style_default color_custom align_left\"><div class=\"w-iconbox-icon\" style=\"font-size:1rem;--icon-color:#FF8E04;\"><i class=\"far fa-hands-helping\"><\/i><\/div><div class=\"w-iconbox-meta\"><h3 class=\"w-iconbox-title\" style=\"font-size:1rem;\">Convi\u00e9rtete en socio<\/h3><div class=\"w-iconbox-text\"><p>Convi\u00e9rtete en un socio de Dynatos y \u00fanete a una red de l\u00edderes de la industria comprometidos con la entrega de soluciones innovadoras y el impulso del \u00e9xito mutuo.<\/p>\n<\/div><\/div><\/div><div class=\"w-separator size_custom\" style=\"height:1rem\"><\/div><div class=\"w-btn-wrapper align_none\"><a class=\"w-btn us-btn-style_13 arrow-right-after\" href=\"\/es\/company\/become-a-partner\/\"><span class=\"w-btn-label\">Leer m\u00e1s<\/span><\/a><\/div><\/div><\/div><\/div><\/div><\/div><\/div><\/div><\/div><\/div><\/section>\n","protected":false},"excerpt":{"rendered":"Compa\u00f1\u00eda Impulsando la innovaci\u00f3n en los procesos financieros a trav\u00e9s de s\u00f3lidas asociaciones y equipos de expertos internacionales colaborativos. Ya...","protected":false},"author":13,"featured_media":0,"parent":0,"menu_order":5,"comment_status":"closed","ping_status":"closed","template":"","meta":{"_acf_changed":false,"content-type":"","inline_featured_image":false,"footnotes":""},"class_list":["post-43312","page","type-page","status-publish","hentry"],"acf":[],"yoast_head":"<!-- This site is optimized with the Yoast SEO Premium plugin v27.3 (Yoast SEO v27.3) - https:\/\/yoast.com\/product\/yoast-seo-premium-wordpress\/ -->\n<title>Compa\u00f1\u00eda - Dynatos<\/title>\n<meta name=\"description\" content=\"Dynatos innova en los procesos financieros con s\u00f3lidas asociaciones y un equipo internacional colaborativo, ofreciendo soluciones a prueba de futuro.\" \/>\n<meta name=\"robots\" content=\"index, follow, max-snippet:-1, max-image-preview:large, max-video-preview:-1\" \/>\n<link rel=\"canonical\" href=\"https:\/\/www.dynatos.com\/es\/company\/\" \/>\n<meta property=\"og:locale\" content=\"es_ES\" \/>\n<meta property=\"og:type\" content=\"article\" \/>\n<meta property=\"og:title\" content=\"Compa\u00f1\u00eda\" \/>\n<meta property=\"og:description\" content=\"Dynatos innova en los procesos financieros con s\u00f3lidas asociaciones y un equipo internacional colaborativo, ofreciendo soluciones a prueba de futuro.\" \/>\n<meta property=\"og:url\" content=\"https:\/\/www.dynatos.com\/es\/company\/\" \/>\n<meta property=\"og:site_name\" content=\"Dynatos\" \/>\n<meta property=\"article:modified_time\" content=\"2024-12-09T18:51:34+00:00\" \/>\n<meta name=\"twitter:card\" content=\"summary_large_image\" \/>\n<script type=\"application\/ld+json\" class=\"yoast-schema-graph\">{\"@context\":\"https:\\\/\\\/schema.org\",\"@graph\":[{\"@type\":\"WebPage\",\"@id\":\"https:\\\/\\\/www.dynatos.com\\\/es\\\/company\\\/\",\"url\":\"https:\\\/\\\/www.dynatos.com\\\/es\\\/company\\\/\",\"name\":\"Compa\u00f1\u00eda - Dynatos\",\"isPartOf\":{\"@id\":\"https:\\\/\\\/www.dynatos.com\\\/es\\\/#website\"},\"datePublished\":\"2024-04-20T09:32:30+00:00\",\"dateModified\":\"2024-12-09T18:51:34+00:00\",\"description\":\"Dynatos innova en los procesos financieros con s\u00f3lidas asociaciones y un equipo internacional colaborativo, ofreciendo soluciones a prueba de futuro.\",\"inLanguage\":\"es\",\"potentialAction\":[{\"@type\":\"ReadAction\",\"target\":[\"https:\\\/\\\/www.dynatos.com\\\/es\\\/company\\\/\"]}]},{\"@type\":\"WebSite\",\"@id\":\"https:\\\/\\\/www.dynatos.com\\\/es\\\/#website\",\"url\":\"https:\\\/\\\/www.dynatos.com\\\/es\\\/\",\"name\":\"Dynatos\",\"description\":\"Intelligent Finance Automation\",\"potentialAction\":[{\"@type\":\"SearchAction\",\"target\":{\"@type\":\"EntryPoint\",\"urlTemplate\":\"https:\\\/\\\/www.dynatos.com\\\/es\\\/?s={search_term_string}\"},\"query-input\":{\"@type\":\"PropertyValueSpecification\",\"valueRequired\":true,\"valueName\":\"search_term_string\"}}],\"inLanguage\":\"es\"}]}<\/script>\n<!-- \/ Yoast SEO Premium plugin. -->","yoast_head_json":{"title":"Compa\u00f1\u00eda - Dynatos","description":"Dynatos innova en los procesos financieros con s\u00f3lidas asociaciones y un equipo internacional colaborativo, ofreciendo soluciones a prueba de futuro.","robots":{"index":"index","follow":"follow","max-snippet":"max-snippet:-1","max-image-preview":"max-image-preview:large","max-video-preview":"max-video-preview:-1"},"canonical":"https:\/\/www.dynatos.com\/es\/company\/","og_locale":"es_ES","og_type":"article","og_title":"Compa\u00f1\u00eda","og_description":"Dynatos innova en los procesos financieros con s\u00f3lidas asociaciones y un equipo internacional colaborativo, ofreciendo soluciones a prueba de futuro.","og_url":"https:\/\/www.dynatos.com\/es\/company\/","og_site_name":"Dynatos","article_modified_time":"2024-12-09T18:51:34+00:00","twitter_card":"summary_large_image","schema":{"@context":"https:\/\/schema.org","@graph":[{"@type":"WebPage","@id":"https:\/\/www.dynatos.com\/es\/company\/","url":"https:\/\/www.dynatos.com\/es\/company\/","name":"Compa\u00f1\u00eda - Dynatos","isPartOf":{"@id":"https:\/\/www.dynatos.com\/es\/#website"},"datePublished":"2024-04-20T09:32:30+00:00","dateModified":"2024-12-09T18:51:34+00:00","description":"Dynatos innova en los procesos financieros con s\u00f3lidas asociaciones y un equipo internacional colaborativo, ofreciendo soluciones a prueba de futuro.","inLanguage":"es","potentialAction":[{"@type":"ReadAction","target":["https:\/\/www.dynatos.com\/es\/company\/"]}]},{"@type":"WebSite","@id":"https:\/\/www.dynatos.com\/es\/#website","url":"https:\/\/www.dynatos.com\/es\/","name":"Dynatos","description":"Intelligent Finance Automation","potentialAction":[{"@type":"SearchAction","target":{"@type":"EntryPoint","urlTemplate":"https:\/\/www.dynatos.com\/es\/?s={search_term_string}"},"query-input":{"@type":"PropertyValueSpecification","valueRequired":true,"valueName":"search_term_string"}}],"inLanguage":"es"}]}},"_links":{"self":[{"href":"https:\/\/www.dynatos.com\/es\/wp-json\/wp\/v2\/pages\/43312","targetHints":{"allow":["GET"]}}],"collection":[{"href":"https:\/\/www.dynatos.com\/es\/wp-json\/wp\/v2\/pages"}],"about":[{"href":"https:\/\/www.dynatos.com\/es\/wp-json\/wp\/v2\/types\/page"}],"author":[{"embeddable":true,"href":"https:\/\/www.dynatos.com\/es\/wp-json\/wp\/v2\/users\/13"}],"replies":[{"embeddable":true,"href":"https:\/\/www.dynatos.com\/es\/wp-json\/wp\/v2\/comments?post=43312"}],"version-history":[{"count":0,"href":"https:\/\/www.dynatos.com\/es\/wp-json\/wp\/v2\/pages\/43312\/revisions"}],"wp:attachment":[{"href":"https:\/\/www.dynatos.com\/es\/wp-json\/wp\/v2\/media?parent=43312"}],"curies":[{"name":"wp","href":"https:\/\/api.w.org\/{rel}","templated":true}]}}