{"id":43311,"date":"2024-04-20T11:32:30","date_gmt":"2024-04-20T09:32:30","guid":{"rendered":"https:\/\/www.dynatos.com\/company\/"},"modified":"2024-12-09T19:49:27","modified_gmt":"2024-12-09T18:49:27","slug":"company","status":"publish","type":"page","link":"https:\/\/www.dynatos.com\/de\/company\/","title":{"rendered":"Unternehmen"},"content":{"rendered":"<section class=\"l-section wpb_row us_custom_789ebb0d height_medium\"><div class=\"l-section-h i-cf\"><div class=\"g-cols vc_row via_flex valign_top type_default stacking_default\"><div class=\"vc_col-sm-7 wpb_column vc_column_container\"><div class=\"vc_column-inner\"><div class=\"wpb_wrapper\"><div id=\"breadcrumbs\"><\/div><div class=\"wpb_text_column us_custom_cdd035e8\"><div class=\"wpb_wrapper\">\n<\/div><\/div><div class=\"w-separator size_small\"><\/div><div class=\"wpb_text_column\"><div class=\"wpb_wrapper\"><h1>Unternehmen<\/h1>\n<\/div><\/div><div class=\"wpb_text_column us_custom_f44e772f\"><div class=\"wpb_wrapper\"><p>Innovation in Finanzprozessen vorantreiben durch starke Partnerschaften und kollaborative internationale Expertenteams.<\/p>\n<\/div><\/div><div class=\"w-separator size_small\"><\/div><div class=\"wpb_text_column\"><div class=\"wpb_wrapper\"><p>Egal, ob Sie mehr \u00fcber uns erfahren, unserem Team beitreten oder eine Partnerschaft mit uns eingehen m\u00f6chten, wir bieten ein dynamisches Umfeld, das sich der Exzellenz und dem Wissen in Finanzen und Beschaffung verschrieben hat.<\/p>\n<\/div><\/div><div class=\"w-separator size_small\"><\/div><div class=\"w-btn-wrapper align_none\"><a class=\"w-btn us-btn-style_2\" href=\"\/de\/contact\/\"><span class=\"w-btn-label\">Lass uns reden<\/span><\/a><\/div><\/div><\/div><\/div><div class=\"vc_col-sm-5 wpb_column vc_column_container has_bg_color\"><div class=\"vc_column-inner us_custom_eef4bbb8\"><div class=\"wpb_wrapper\"><div class=\"w-vwrapper align_none valign_top\" style=\"--vwrapper-gap:1.3rem\"><div class=\"w-image us_custom_7a007450 box-shadow move-with-mouse-3 has_ratio align_none\"><div class=\"w-image-h\"><div style=\"padding-bottom:72.9927%\"><\/div><img decoding=\"async\" width=\"600\" height=\"400\" src=\"https:\/\/www.dynatos.com\/wp-content\/uploads\/2024\/07\/Dynatos-Kick-off-24-RVM-RVM_3590-small-600x400.jpg\" class=\"attachment-medium size-medium\" alt=\"\" loading=\"lazy\" \/><\/div><\/div><div class=\"w-image us_custom_139ba1d8 box-shadow move-with-mouse-3 has_ratio align_none\"><div class=\"w-image-h\"><div style=\"padding-bottom:200%\"><\/div><img decoding=\"async\" width=\"300\" height=\"400\" src=\"https:\/\/www.dynatos.com\/wp-content\/uploads\/2024\/07\/CHRISTIAN-RVM-810_6852-bewerkt-bewerkt-36-300x400.jpg\" class=\"attachment-medium size-medium\" alt=\"\" loading=\"lazy\" \/><\/div><\/div><div class=\"w-image us_custom_714f3ae5 box-shadow move-with-mouse-3 has_ratio align_none\"><div class=\"w-image-h\"><div style=\"padding-bottom:100%\"><\/div><img decoding=\"async\" width=\"600\" height=\"400\" src=\"https:\/\/www.dynatos.com\/wp-content\/uploads\/2024\/07\/Dynatos-Kick-off-24-RVM-_FVV3344-small-600x400.jpg\" class=\"attachment-medium size-medium\" alt=\"\" loading=\"lazy\" \/><\/div><\/div><\/div><div class=\"w-hwrapper us_custom_b0f678a3 box-shadow move-with-mouse-1 valign_middle align_none\" style=\"--hwrapper-gap:0.5rem\"><div class=\"w-image us_custom_27cd3f53 center-vertically has_height align_left\"><div target=\"_blank\" class=\"w-image-h\"><img decoding=\"async\" src=\"https:\/\/www.dynatos.com\/wp-content\/uploads\/2024\/08\/Since-dyn-fa.svg\" class=\"attachment-us_350_350 size-us_350_350\" alt=\"\" loading=\"lazy\" \/><\/div><\/div><div class=\"w-vwrapper align_none valign_top\" style=\"--vwrapper-gap:-1rem\"><div class=\"wpb_text_column us_custom_8d4690c5 has_text_color\"><div class=\"wpb_wrapper\"><p><strong>2010<\/strong><\/p>\n<\/div><\/div><div class=\"wpb_text_column us_custom_48e71eab has_text_color\"><div class=\"wpb_wrapper\"><p>Seit<\/p>\n<\/div><\/div><\/div><\/div><div class=\"w-hwrapper us_custom_c42d0400 box-shadow move-with-mouse-1 valign_middle align_none\" style=\"--hwrapper-gap:0.5rem\"><div class=\"w-image us_custom_27cd3f53 center-vertically has_height align_left\"><div target=\"_blank\" class=\"w-image-h\"><img decoding=\"async\" src=\"https:\/\/www.dynatos.com\/wp-content\/uploads\/2024\/08\/part-dyn-fa.svg\" class=\"attachment-us_350_350 size-us_350_350\" alt=\"\" loading=\"lazy\" \/><\/div><\/div><div class=\"w-vwrapper align_none valign_top\" style=\"--vwrapper-gap:-1rem\"><div class=\"wpb_text_column us_custom_8d4690c5 has_text_color\"><div class=\"wpb_wrapper\"><p><strong>+50<\/strong><\/p>\n<\/div><\/div><div class=\"wpb_text_column us_custom_48e71eab has_text_color\"><div class=\"wpb_wrapper\"><p>Internationale Partner<\/p>\n<\/div><\/div><\/div><\/div><div class=\"w-hwrapper us_custom_8515b7c3 box-shadow move-with-mouse-1 valign_middle align_none\" style=\"--hwrapper-gap:0.5rem\"><div class=\"w-image us_custom_27cd3f53 center-vertically has_height align_left\"><div target=\"_blank\" class=\"w-image-h\"><img decoding=\"async\" src=\"https:\/\/www.dynatos.com\/wp-content\/uploads\/2024\/08\/hand-dyn-fa.svg\" class=\"attachment-us_350_350 size-us_350_350\" alt=\"\" loading=\"lazy\" \/><\/div><\/div><div class=\"w-vwrapper align_none valign_top\" style=\"--vwrapper-gap:-1rem\"><div class=\"wpb_text_column us_custom_8d4690c5 has_text_color\"><div class=\"wpb_wrapper\"><p><strong>3<\/strong><\/p>\n<\/div><\/div><div class=\"wpb_text_column us_custom_48e71eab has_text_color\"><div class=\"wpb_wrapper\"><p>Partnertypen<\/p>\n<\/div><\/div><\/div><\/div><\/div><\/div><\/div><\/div><\/div><\/section><section class=\"l-section wpb_row dark-blue-gradient-grid-inner height_medium\"><div class=\"l-section-h i-cf\"><div class=\"g-cols vc_row via_flex valign_top type_default stacking_default\"><div class=\"vc_col-sm-6 wpb_column vc_column_container\"><div class=\"vc_column-inner\"><div class=\"wpb_wrapper\"><div class=\"wpb_text_column\"><div class=\"wpb_wrapper\"><h2>Lernen Sie uns kennen<\/h2>\n<p>Dynatos ist leidenschaftlich darin, Finanzprozesse durch Innovation und Fachwissen zu transformieren. Unsere internationalen B\u00fcros dienen als Zentren des Wissens und der Zusammenarbeit. Hier arbeiten engagierte Fachleute zusammen, um unseren Kunden erstklassige L\u00f6sungen zu bieten.<\/p>\n<p>Entdecken Sie unsere B\u00fcros und erfahren Sie, wie Sie Teil unserer Reise werden k\u00f6nnen.<\/p>\n<\/div><\/div><\/div><\/div><\/div><div class=\"vc_col-sm-6 wpb_column vc_column_container\"><div class=\"vc_column-inner\"><div class=\"wpb_wrapper\"><div class=\"g-cols wpb_row via_flex valign_top type_default stacking_default\"><div class=\"vc_col-sm-6 wpb_column vc_column_container\"><div class=\"vc_column-inner us_custom_b6a72ce1\"><div class=\"wpb_wrapper\"><div class=\"w-iconbox iconpos_top style_default color_custom align_left\"><div class=\"w-iconbox-icon\" style=\"font-size:1rem;--icon-color:#FF8E04;\"><i class=\"far fa-chair-office\"><\/i><\/div><div class=\"w-iconbox-meta\"><h3 class=\"w-iconbox-title\" style=\"font-size:1rem;\">\u00dcber Dynatos<\/h3><div class=\"w-iconbox-text\"><p>Dynatos treibt die Transformation von Finanzen und Beschaffung mit Fachwissen und innovativen Technologien voran und bietet zukunftssichere L\u00f6sungen sowie au\u00dfergew\u00f6hnliche internationale Kundenerfahrungen.<\/p>\n<\/div><\/div><\/div><div class=\"w-separator size_custom\" style=\"height:1rem\"><\/div><div class=\"w-btn-wrapper align_none\"><a class=\"w-btn us-btn-style_13 arrow-right-after\" href=\"\/de\/company\/about-us\/\"><span class=\"w-btn-label\">Mehr erfahren<\/span><\/a><\/div><\/div><\/div><\/div><div class=\"vc_col-sm-6 wpb_column vc_column_container\"><div class=\"vc_column-inner us_custom_b6a72ce1\"><div class=\"wpb_wrapper\"><div class=\"w-iconbox us_custom_5089b866 iconpos_top style_default color_custom align_left\"><div class=\"w-iconbox-icon\" style=\"font-size:1rem;--icon-color:#FF8E04;\"><i class=\"far fa-building\"><\/i><\/div><div class=\"w-iconbox-meta\"><h3 class=\"w-iconbox-title\" style=\"font-size:1rem;\">Unsere B\u00fcros<\/h3><div class=\"w-iconbox-text\"><p>Wir arbeiten von strategisch international gelegenen B\u00fcros aus, einschlie\u00dflich der Niederlande, Belgien, Deutschland, D\u00e4nemark, Norwegen, Polen und Spanien, um lokales Fachwissen und Know-how zu liefern.<\/p>\n<\/div><\/div><\/div><div class=\"w-separator size_custom\" style=\"height:1rem\"><\/div><div class=\"w-btn-wrapper align_none\"><a class=\"w-btn us-btn-style_13 arrow-right-after\" href=\"\/de\/company\/our-offices\/\"><span class=\"w-btn-label\">Mehr erfahren<\/span><\/a><\/div><\/div><\/div><\/div><\/div><div class=\"g-cols wpb_row via_flex valign_top type_default stacking_default\"><div class=\"vc_col-sm-12 wpb_column vc_column_container\"><div class=\"vc_column-inner us_custom_b6a72ce1\"><div class=\"wpb_wrapper\"><div class=\"w-iconbox iconpos_top style_default color_custom align_left\"><div class=\"w-iconbox-icon\" style=\"font-size:1rem;--icon-color:#FF8E04;\"><i class=\"far fa-briefcase\"><\/i><\/div><div class=\"w-iconbox-meta\"><h3 class=\"w-iconbox-title\" style=\"font-size:1rem;\">Arbeiten bei Dynatos<\/h3><div class=\"w-iconbox-text\"><p>Bei Dynatos bieten wir ein kollaboratives Umfeld, in dem deine F\u00e4higkeiten und Ideen dazu beitragen, die Zukunft von Finanzen und Beschaffung zu gestalten.<\/p>\n<\/div><\/div><\/div><div class=\"w-separator size_custom\" style=\"height:1rem\"><\/div><div class=\"w-btn-wrapper align_none\"><a class=\"w-btn us-btn-style_13 arrow-right-after\" href=\"\/de\/careers\/\"><span class=\"w-btn-label\">Mehr erfahren<\/span><\/a><\/div><\/div><\/div><\/div><\/div><\/div><\/div><\/div><\/div><\/div><\/section><section class=\"l-section wpb_row dark-blue-gradient-grid-inner height_medium\"><div class=\"l-section-h i-cf\"><div class=\"g-cols vc_row via_flex valign_top type_default stacking_default\"><div class=\"vc_col-sm-6 wpb_column vc_column_container\"><div class=\"vc_column-inner\"><div class=\"wpb_wrapper\"><div class=\"wpb_text_column\"><div class=\"wpb_wrapper\"><h2>Partner<\/h2>\n<p>Dynatos gedeiht durch starke Partnerschaften mit Branchenf\u00fchrern, die unser Engagement f\u00fcr Exzellenz und Innovation teilen.<\/p>\n<p>Von globalen Technologief\u00fchrern bis hin zu spezialisierten Dienstleistern sind unsere Partner entscheidend, um unseren Kunden au\u00dfergew\u00f6hnlichen Mehrwert zu bieten. Wenn Sie unserem Netzwerk beitreten und zum gemeinsamen Erfolg beitragen m\u00f6chten, erfahren Sie, wie Sie Partner werden und mit uns an transformativen L\u00f6sungen arbeiten k\u00f6nnen.<\/p>\n<\/div><\/div><\/div><\/div><\/div><div class=\"vc_col-sm-6 wpb_column vc_column_container\"><div class=\"vc_column-inner\"><div class=\"wpb_wrapper\"><div class=\"g-cols wpb_row via_flex valign_top type_default stacking_default\"><div class=\"vc_col-sm-6 wpb_column vc_column_container\"><div class=\"vc_column-inner us_custom_b6a72ce1\"><div class=\"wpb_wrapper\"><div class=\"w-iconbox iconpos_top style_default color_custom align_left\"><div class=\"w-iconbox-icon\" style=\"font-size:1rem;--icon-color:#FF8E04;\"><i class=\"far fa-handshake-alt\"><\/i><\/div><div class=\"w-iconbox-meta\"><h3 class=\"w-iconbox-title\" style=\"font-size:1rem;\">Partnerschaften<\/h3><div class=\"w-iconbox-text\"><p>Wir arbeiten mit Partnern zusammen, um sicherzustellen, dass unsere Kunden modernste Technologie, fachkundige Unterst\u00fctzung und lokales Wissen f\u00fcr die finanzielle Transformation erhalten.<\/p>\n<\/div><\/div><\/div><div class=\"w-separator size_custom\" style=\"height:1rem\"><\/div><div class=\"w-btn-wrapper align_none\"><a class=\"w-btn us-btn-style_13 arrow-right-after\" href=\"\/de\/company\/partnerships\/\"><span class=\"w-btn-label\">Mehr erfahren<\/span><\/a><\/div><\/div><\/div><\/div><div class=\"vc_col-sm-6 wpb_column vc_column_container\"><div class=\"vc_column-inner us_custom_b6a72ce1\"><div class=\"wpb_wrapper\"><div class=\"w-iconbox us_custom_5089b866 iconpos_top style_default color_custom align_left\"><div class=\"w-iconbox-icon\" style=\"font-size:1rem;--icon-color:#FF8E04;\"><i class=\"far fa-hands-helping\"><\/i><\/div><div class=\"w-iconbox-meta\"><h3 class=\"w-iconbox-title\" style=\"font-size:1rem;\">Werden Sie Partner<\/h3><div class=\"w-iconbox-text\"><p>Werden Sie ein Dynatos-Partner und schlie\u00dfen Sie sich einem Netzwerk von Branchenf\u00fchrern an, die sich der Bereitstellung innovativer L\u00f6sungen und dem gemeinsamen Erfolg verschrieben haben.<\/p>\n<\/div><\/div><\/div><div class=\"w-separator size_custom\" style=\"height:1rem\"><\/div><div class=\"w-btn-wrapper align_none\"><a class=\"w-btn us-btn-style_13 arrow-right-after\" href=\"\/de\/company\/become-a-partner\/\"><span class=\"w-btn-label\">Mehr erfahren<\/span><\/a><\/div><\/div><\/div><\/div><\/div><\/div><\/div><\/div><\/div><\/div><\/section>\n","protected":false},"excerpt":{"rendered":"Unternehmen Innovation in Finanzprozessen vorantreiben durch starke Partnerschaften und kollaborative internationale Expertenteams. Egal, ob Sie mehr \u00fcber uns erfahren, unserem...","protected":false},"author":13,"featured_media":0,"parent":0,"menu_order":5,"comment_status":"closed","ping_status":"closed","template":"","meta":{"_acf_changed":false,"content-type":"","inline_featured_image":false,"footnotes":""},"class_list":["post-43311","page","type-page","status-publish","hentry"],"acf":[],"yoast_head":"<!-- This site is optimized with the Yoast SEO Premium plugin v27.3 (Yoast SEO v27.3) - https:\/\/yoast.com\/product\/yoast-seo-premium-wordpress\/ -->\n<title>Unternehmen - Dynatos<\/title>\n<meta name=\"description\" content=\"Dynatos innoviert Finanzprozesse durch starke Partnerschaften und ein kollaboratives internationales Team und bietet zukunftssichere L\u00f6sungen an.\" \/>\n<meta name=\"robots\" content=\"index, follow, max-snippet:-1, max-image-preview:large, max-video-preview:-1\" \/>\n<link rel=\"canonical\" href=\"https:\/\/www.dynatos.com\/de\/company\/\" \/>\n<meta property=\"og:locale\" content=\"de_DE\" \/>\n<meta property=\"og:type\" content=\"article\" \/>\n<meta property=\"og:title\" content=\"Unternehmen\" \/>\n<meta property=\"og:description\" content=\"Dynatos innoviert Finanzprozesse durch starke Partnerschaften und ein kollaboratives internationales Team und bietet zukunftssichere L\u00f6sungen an.\" \/>\n<meta property=\"og:url\" content=\"https:\/\/www.dynatos.com\/de\/company\/\" \/>\n<meta property=\"og:site_name\" content=\"Dynatos\" \/>\n<meta property=\"article:modified_time\" content=\"2024-12-09T18:49:27+00:00\" \/>\n<meta name=\"twitter:card\" content=\"summary_large_image\" \/>\n<script type=\"application\/ld+json\" class=\"yoast-schema-graph\">{\"@context\":\"https:\\\/\\\/schema.org\",\"@graph\":[{\"@type\":\"WebPage\",\"@id\":\"https:\\\/\\\/www.dynatos.com\\\/de\\\/company\\\/\",\"url\":\"https:\\\/\\\/www.dynatos.com\\\/de\\\/company\\\/\",\"name\":\"Unternehmen - Dynatos\",\"isPartOf\":{\"@id\":\"https:\\\/\\\/www.dynatos.com\\\/de\\\/#website\"},\"datePublished\":\"2024-04-20T09:32:30+00:00\",\"dateModified\":\"2024-12-09T18:49:27+00:00\",\"description\":\"Dynatos innoviert Finanzprozesse durch starke Partnerschaften und ein kollaboratives internationales Team und bietet zukunftssichere L\u00f6sungen an.\",\"inLanguage\":\"de\",\"potentialAction\":[{\"@type\":\"ReadAction\",\"target\":[\"https:\\\/\\\/www.dynatos.com\\\/de\\\/company\\\/\"]}]},{\"@type\":\"WebSite\",\"@id\":\"https:\\\/\\\/www.dynatos.com\\\/de\\\/#website\",\"url\":\"https:\\\/\\\/www.dynatos.com\\\/de\\\/\",\"name\":\"Dynatos\",\"description\":\"Intelligent Finance Automation\",\"potentialAction\":[{\"@type\":\"SearchAction\",\"target\":{\"@type\":\"EntryPoint\",\"urlTemplate\":\"https:\\\/\\\/www.dynatos.com\\\/de\\\/?s={search_term_string}\"},\"query-input\":{\"@type\":\"PropertyValueSpecification\",\"valueRequired\":true,\"valueName\":\"search_term_string\"}}],\"inLanguage\":\"de\"}]}<\/script>\n<!-- \/ Yoast SEO Premium plugin. -->","yoast_head_json":{"title":"Unternehmen - Dynatos","description":"Dynatos innoviert Finanzprozesse durch starke Partnerschaften und ein kollaboratives internationales Team und bietet zukunftssichere L\u00f6sungen an.","robots":{"index":"index","follow":"follow","max-snippet":"max-snippet:-1","max-image-preview":"max-image-preview:large","max-video-preview":"max-video-preview:-1"},"canonical":"https:\/\/www.dynatos.com\/de\/company\/","og_locale":"de_DE","og_type":"article","og_title":"Unternehmen","og_description":"Dynatos innoviert Finanzprozesse durch starke Partnerschaften und ein kollaboratives internationales Team und bietet zukunftssichere L\u00f6sungen an.","og_url":"https:\/\/www.dynatos.com\/de\/company\/","og_site_name":"Dynatos","article_modified_time":"2024-12-09T18:49:27+00:00","twitter_card":"summary_large_image","schema":{"@context":"https:\/\/schema.org","@graph":[{"@type":"WebPage","@id":"https:\/\/www.dynatos.com\/de\/company\/","url":"https:\/\/www.dynatos.com\/de\/company\/","name":"Unternehmen - Dynatos","isPartOf":{"@id":"https:\/\/www.dynatos.com\/de\/#website"},"datePublished":"2024-04-20T09:32:30+00:00","dateModified":"2024-12-09T18:49:27+00:00","description":"Dynatos innoviert Finanzprozesse durch starke Partnerschaften und ein kollaboratives internationales Team und bietet zukunftssichere L\u00f6sungen an.","inLanguage":"de","potentialAction":[{"@type":"ReadAction","target":["https:\/\/www.dynatos.com\/de\/company\/"]}]},{"@type":"WebSite","@id":"https:\/\/www.dynatos.com\/de\/#website","url":"https:\/\/www.dynatos.com\/de\/","name":"Dynatos","description":"Intelligent Finance Automation","potentialAction":[{"@type":"SearchAction","target":{"@type":"EntryPoint","urlTemplate":"https:\/\/www.dynatos.com\/de\/?s={search_term_string}"},"query-input":{"@type":"PropertyValueSpecification","valueRequired":true,"valueName":"search_term_string"}}],"inLanguage":"de"}]}},"_links":{"self":[{"href":"https:\/\/www.dynatos.com\/de\/wp-json\/wp\/v2\/pages\/43311","targetHints":{"allow":["GET"]}}],"collection":[{"href":"https:\/\/www.dynatos.com\/de\/wp-json\/wp\/v2\/pages"}],"about":[{"href":"https:\/\/www.dynatos.com\/de\/wp-json\/wp\/v2\/types\/page"}],"author":[{"embeddable":true,"href":"https:\/\/www.dynatos.com\/de\/wp-json\/wp\/v2\/users\/13"}],"replies":[{"embeddable":true,"href":"https:\/\/www.dynatos.com\/de\/wp-json\/wp\/v2\/comments?post=43311"}],"version-history":[{"count":0,"href":"https:\/\/www.dynatos.com\/de\/wp-json\/wp\/v2\/pages\/43311\/revisions"}],"wp:attachment":[{"href":"https:\/\/www.dynatos.com\/de\/wp-json\/wp\/v2\/media?parent=43311"}],"curies":[{"name":"wp","href":"https:\/\/api.w.org\/{rel}","templated":true}]}}