{"id":43282,"date":"2024-04-20T11:32:03","date_gmt":"2024-04-20T09:32:03","guid":{"rendered":"https:\/\/www.dynatos.com\/resources\/"},"modified":"2024-12-09T19:57:07","modified_gmt":"2024-12-09T18:57:07","slug":"resources","status":"publish","type":"page","link":"https:\/\/www.dynatos.com\/de\/resources\/","title":{"rendered":"Resources"},"content":{"rendered":"<section class=\"l-section wpb_row us_custom_00115de6 height_medium\"><div class=\"l-section-h i-cf\"><div class=\"g-cols vc_row via_flex valign_top type_default stacking_default\"><div class=\"vc_col-sm-7 wpb_column vc_column_container\"><div class=\"vc_column-inner\"><div class=\"wpb_wrapper\"><div id=\"breadcrumbs\"><\/div><div class=\"wpb_text_column us_custom_cdd035e8\"><div class=\"wpb_wrapper\">\n<\/div><\/div><div class=\"w-separator size_small\"><\/div><div class=\"wpb_text_column\"><div class=\"wpb_wrapper\"><h1>Ressourcen<\/h1>\n<\/div><\/div><div class=\"wpb_text_column us_custom_f44e772f\"><div class=\"wpb_wrapper\"><p>Inhalte erstellt und Veranstaltungen organisiert von Branchenexperten mit einer Leidenschaft f\u00fcr Finanzen und Beschaffung.<\/p>\n<\/div><\/div><div class=\"w-separator size_small\"><\/div><div class=\"wpb_text_column\"><div class=\"wpb_wrapper\"><p>Wir bieten von Experten erstellte Inhalte und Veranstaltungen mit Fokus auf Finanzen und Beschaffung, die wertvolle Einblicke und Werkzeuge f\u00fcr die Transformation bieten.<\/p>\n<\/div><\/div><div class=\"w-separator size_small\"><\/div><div class=\"w-btn-wrapper align_none\"><a class=\"w-btn us-btn-style_2\" href=\"\/de\/contact\/\"><span class=\"w-btn-label\">Lassen Sie uns reden<\/span><\/a><\/div><\/div><\/div><\/div><div class=\"vc_col-sm-5 wpb_column vc_column_container has_bg_color\"><div class=\"vc_column-inner us_custom_eef4bbb8\"><div class=\"wpb_wrapper\"><div class=\"w-vwrapper align_none valign_top\" style=\"--vwrapper-gap:1.3rem\"><div class=\"w-image us_custom_7a007450 box-shadow move-with-mouse-3 has_ratio align_none\"><div class=\"w-image-h\"><div style=\"padding-bottom:72.9927%\"><\/div><img decoding=\"async\" width=\"600\" height=\"400\" src=\"https:\/\/www.dynatos.com\/wp-content\/uploads\/2024\/07\/076-Dynatos_Customer_Care_Event_MeginZondervan-edit-600x400.jpg\" class=\"attachment-medium size-medium\" alt=\"\" loading=\"lazy\" \/><\/div><\/div><div class=\"w-image us_custom_139ba1d8 box-shadow move-with-mouse-3 has_ratio align_none\"><div class=\"w-image-h\"><div style=\"padding-bottom:200%\"><\/div><img decoding=\"async\" width=\"407\" height=\"400\" src=\"https:\/\/www.dynatos.com\/wp-content\/uploads\/2024\/07\/015-Dynatos_Customer_Care_Event_MeginZondervan-edit-407x400.jpg\" class=\"attachment-medium size-medium\" alt=\"\" loading=\"lazy\" \/><\/div><\/div><div class=\"w-image us_custom_714f3ae5 box-shadow move-with-mouse-3 has_ratio align_none\"><div class=\"w-image-h\"><div style=\"padding-bottom:100%\"><\/div><img decoding=\"async\" width=\"600\" height=\"400\" src=\"https:\/\/www.dynatos.com\/wp-content\/uploads\/2024\/07\/Dynatos-Kick-off-24-RVM-_FVV3493-small-600x400.jpg\" class=\"attachment-medium size-medium\" alt=\"\" loading=\"lazy\" \/><\/div><\/div><\/div><div class=\"w-hwrapper us_custom_b0f678a3 box-shadow move-with-mouse-1 valign_middle align_none\" style=\"--hwrapper-gap:0.5rem\"><div class=\"w-image us_custom_27cd3f53 center-vertically has_height align_left\"><div target=\"_blank\" class=\"w-image-h\"><img decoding=\"async\" src=\"https:\/\/www.dynatos.com\/wp-content\/uploads\/2024\/08\/resources-dyn.svg\" class=\"attachment-us_350_350 size-us_350_350\" alt=\"\" loading=\"lazy\" \/><\/div><\/div><div class=\"w-vwrapper align_none valign_top\" style=\"--vwrapper-gap:-1rem\"><div class=\"wpb_text_column us_custom_8d4690c5 has_text_color\"><div class=\"wpb_wrapper\"><p><strong>+150<\/strong><\/p>\n<\/div><\/div><div class=\"wpb_text_column us_custom_48e71eab has_text_color\"><div class=\"wpb_wrapper\"><p>Online-Ressourcen<\/p>\n<\/div><\/div><\/div><\/div><div class=\"w-hwrapper us_custom_c42d0400 box-shadow move-with-mouse-1 valign_middle align_none\" style=\"--hwrapper-gap:0.5rem\"><div class=\"w-image us_custom_27cd3f53 center-vertically has_height align_left\"><div target=\"_blank\" class=\"w-image-h\"><img decoding=\"async\" src=\"https:\/\/www.dynatos.com\/wp-content\/uploads\/2024\/08\/knowledge-categories.svg\" class=\"attachment-us_350_350 size-us_350_350\" alt=\"\" loading=\"lazy\" \/><\/div><\/div><div class=\"w-vwrapper align_none valign_top\" style=\"--vwrapper-gap:-1rem\"><div class=\"wpb_text_column us_custom_8d4690c5 has_text_color\"><div class=\"wpb_wrapper\"><p><strong>9<\/strong><\/p>\n<\/div><\/div><div class=\"wpb_text_column us_custom_48e71eab has_text_color\"><div class=\"wpb_wrapper\"><p>Wissenskategorien<\/p>\n<\/div><\/div><\/div><\/div><div class=\"w-hwrapper us_custom_8515b7c3 box-shadow move-with-mouse-1 valign_middle align_none\" style=\"--hwrapper-gap:0.5rem\"><div class=\"w-image us_custom_27cd3f53 center-vertically has_height align_left\"><div target=\"_blank\" class=\"w-image-h\"><img decoding=\"async\" src=\"https:\/\/www.dynatos.com\/wp-content\/uploads\/2024\/08\/expert-tribes.svg\" class=\"attachment-us_350_350 size-us_350_350\" alt=\"\" loading=\"lazy\" \/><\/div><\/div><div class=\"w-vwrapper align_none valign_top\" style=\"--vwrapper-gap:-1rem\"><div class=\"wpb_text_column us_custom_8d4690c5 has_text_color\"><div class=\"wpb_wrapper\"><p><strong>6<\/strong><\/p>\n<\/div><\/div><div class=\"wpb_text_column us_custom_48e71eab has_text_color\"><div class=\"wpb_wrapper\"><p>interne Expertengruppen<\/p>\n<\/div><\/div><\/div><\/div><\/div><\/div><\/div><\/div><\/div><\/section><section class=\"l-section wpb_row dark-blue-gradient-grid-inner height_medium\"><div class=\"l-section-h i-cf\"><div class=\"g-cols vc_row via_flex valign_top type_default stacking_default\"><div class=\"vc_col-sm-6 wpb_column vc_column_container\"><div class=\"vc_column-inner\"><div class=\"wpb_wrapper\"><div class=\"wpb_text_column\"><div class=\"wpb_wrapper\"><h2>Teilnehmen<\/h2>\n<p>Treten Sie mit Branchenf\u00fchrern in Kontakt durch unsere Veranstaltungen, die sich auf die Transformation von Finanzen und Beschaffung konzentrieren. Erhalten Sie wertvolle Einblicke und Strategien, um Ihre Gesch\u00e4ftsabl\u00e4ufe zu verbessern.<\/p>\n<p>Nehmen Sie an Live-Sitzungen teil oder greifen Sie auf On-Demand-Aufzeichnungen zu, um messbare Ergebnisse zu erzielen.<\/p>\n<\/div><\/div><\/div><\/div><\/div><div class=\"vc_col-sm-6 wpb_column vc_column_container\"><div class=\"vc_column-inner\"><div class=\"wpb_wrapper\"><div class=\"g-cols wpb_row via_flex valign_top type_default stacking_default\"><div class=\"vc_col-sm-6 wpb_column vc_column_container\"><div class=\"vc_column-inner us_custom_b6a72ce1\"><div class=\"wpb_wrapper\"><div class=\"w-iconbox iconpos_top style_default color_custom align_left\"><div class=\"w-iconbox-icon\" style=\"font-size:1rem;--icon-color:#FF8E04;\"><i class=\"far fa-calendar-day\"><\/i><\/div><div class=\"w-iconbox-meta\"><h3 class=\"w-iconbox-title\" style=\"font-size:1rem;\">Veranstaltungen<\/h3><div class=\"w-iconbox-text\"><p>Unsere kommenden Webinare, Kundenveranstaltungen und Endnutzersitzungen bieten wertvolle Einblicke und praktische Strategien f\u00fcr die Transformation von Finanzen und Beschaffung.<\/p>\n<\/div><\/div><\/div><div class=\"w-separator size_custom\" style=\"height:1rem\"><\/div><div class=\"w-btn-wrapper align_none\"><a class=\"w-btn us-btn-style_13 arrow-right-after\" href=\"\/de\/resources\/events\/\"><span class=\"w-btn-label\">Mehr lesen<\/span><\/a><\/div><\/div><\/div><\/div><div class=\"vc_col-sm-6 wpb_column vc_column_container\"><div class=\"vc_column-inner us_custom_b6a72ce1\"><div class=\"wpb_wrapper\"><div class=\"w-iconbox us_custom_5089b866 iconpos_top style_default color_custom align_left\"><div class=\"w-iconbox-icon\" style=\"font-size:1rem;--icon-color:#FF8E04;\"><i class=\"far fa-users-class\"><\/i><\/div><div class=\"w-iconbox-meta\"><h3 class=\"w-iconbox-title\" style=\"font-size:1rem;\">On-demand (Webinar)<\/h3><div class=\"w-iconbox-text\"><p>Greifen Sie auf unsere On-Demand-Bibliothek mit aufgezeichneten Webinaren, Experteneinblicken und praktischen Strategien f\u00fcr die Transformation von Finanzen und Beschaffung zu.<\/p>\n<\/div><\/div><\/div><div class=\"w-separator size_custom\" style=\"height:1rem\"><\/div><div class=\"w-btn-wrapper align_none\"><a class=\"w-btn us-btn-style_13 arrow-right-after\" href=\"\/de\/resources\/on-demand\/\"><span class=\"w-btn-label\">Mehr lesen<\/span><\/a><\/div><\/div><\/div><\/div><\/div><\/div><\/div><\/div><\/div><\/div><\/section><section class=\"l-section wpb_row dark-blue-gradient-grid-inner height_medium\"><div class=\"l-section-h i-cf\"><div class=\"g-cols vc_row via_flex valign_top type_default stacking_default\"><div class=\"vc_col-sm-6 wpb_column vc_column_container\"><div class=\"vc_column-inner\"><div class=\"wpb_wrapper\"><div class=\"wpb_text_column\"><div class=\"wpb_wrapper\"><h2>Entdecken<\/h2>\n<p>Erkunden Sie ein reiches Wissen in unserem Portfolio, unseren Blogs und Downloads. Erhalten Sie Einblicke von Branchenexperten und greifen Sie auf wertvolle Werkzeuge zu, um Ihre Finanz- und Beschaffungstransformation voranzutreiben.<\/p>\n<p>Entdecken Sie praktische L\u00f6sungen und innovative Strategien, um Ihre Gesch\u00e4ftsabl\u00e4ufe zu verbessern. Beginnen Sie noch heute mit der Erkundung und entfalten Sie Ihr Potenzial.<\/p>\n<\/div><\/div><\/div><\/div><\/div><div class=\"vc_col-sm-6 wpb_column vc_column_container\"><div class=\"vc_column-inner\"><div class=\"wpb_wrapper\"><div class=\"g-cols wpb_row via_flex valign_top type_default stacking_default\"><div class=\"vc_col-sm-6 wpb_column vc_column_container\"><div class=\"vc_column-inner us_custom_b6a72ce1\"><div class=\"wpb_wrapper\"><div class=\"w-iconbox iconpos_top style_default color_custom align_left\"><div class=\"w-iconbox-icon\" style=\"font-size:1rem;--icon-color:#FF8E04;\"><i class=\"far fa-album-collection\"><\/i><\/div><div class=\"w-iconbox-meta\"><h3 class=\"w-iconbox-title\" style=\"font-size:1rem;\">Referenzen<\/h3><div class=\"w-iconbox-text\"><p>Entdecken Sie unser Portfolio, um Fallstudien, Erfolgsgeschichten und innovative L\u00f6sungen zu finden, die unser Fachwissen zeigen.<\/p>\n<\/div><\/div><\/div><div class=\"w-separator size_custom\" style=\"height:1rem\"><\/div><div class=\"w-btn-wrapper align_none\"><a class=\"w-btn us-btn-style_13 arrow-right-after\" href=\"\/de\/resources\/portfolio\/\"><span class=\"w-btn-label\">Mehr lesen<\/span><\/a><\/div><\/div><\/div><\/div><div class=\"vc_col-sm-6 wpb_column vc_column_container\"><div class=\"vc_column-inner us_custom_b6a72ce1\"><div class=\"wpb_wrapper\"><div class=\"w-iconbox us_custom_5089b866 iconpos_top style_default color_custom align_left\"><div class=\"w-iconbox-icon\" style=\"font-size:1rem;--icon-color:#FF8E04;\"><i class=\"far fa-cloud-download\"><\/i><\/div><div class=\"w-iconbox-meta\"><h3 class=\"w-iconbox-title\" style=\"font-size:1rem;\">Downloads<\/h3><div class=\"w-iconbox-text\"><p>Laden Sie unsere Whitepapers, eBooks, Infografiken, Leitf\u00e4den und Datenbl\u00e4tter herunter, die wertvolle Einblicke bieten.<\/p>\n<\/div><\/div><\/div><div class=\"w-separator size_custom\" style=\"height:1rem\"><\/div><div class=\"w-btn-wrapper align_none\"><a class=\"w-btn us-btn-style_13 arrow-right-after\" href=\"\/de\/resources\/downloads\/\"><span class=\"w-btn-label\">Mehr lesen<\/span><\/a><\/div><\/div><\/div><\/div><\/div><div class=\"g-cols wpb_row via_flex valign_top type_default stacking_default\"><div class=\"vc_col-sm-12 wpb_column vc_column_container\"><div class=\"vc_column-inner us_custom_b6a72ce1\"><div class=\"wpb_wrapper\"><div class=\"w-iconbox iconpos_top style_default color_custom align_left\"><div class=\"w-iconbox-icon\" style=\"font-size:1rem;--icon-color:#FF8E04;\"><i class=\"far fa-newspaper\"><\/i><\/div><div class=\"w-iconbox-meta\"><h3 class=\"w-iconbox-title\" style=\"font-size:1rem;\">Blog<\/h3><div class=\"w-iconbox-text\"><p>Unser Blog-Bereich bietet die neuesten Einblicke und Aktualisierungen zur Transformation von Finanzen und Beschaffung. Verpassen Sie nicht unseren Live-Blog f\u00fcr Entwicklungen zu den E-Rechnungsmandaten.<\/p>\n<\/div><\/div><\/div><div class=\"w-separator size_custom\" style=\"height:1rem\"><\/div><div class=\"w-btn-wrapper align_none\"><a class=\"w-btn us-btn-style_13 arrow-right-after\" href=\"\/de\/resources\/blog\/\"><span class=\"w-btn-label\">Mehr lesen<\/span><\/a><\/div><\/div><\/div><\/div><\/div><\/div><\/div><\/div><\/div><\/div><\/section>\n","protected":false},"excerpt":{"rendered":"Ressourcen Inhalte erstellt und Veranstaltungen organisiert von Branchenexperten mit einer Leidenschaft f\u00fcr Finanzen und Beschaffung. Wir bieten von Experten erstellte...","protected":false},"author":13,"featured_media":0,"parent":0,"menu_order":3,"comment_status":"closed","ping_status":"closed","template":"","meta":{"_acf_changed":false,"content-type":"","inline_featured_image":false,"footnotes":""},"class_list":["post-43282","page","type-page","status-publish","hentry"],"acf":[],"yoast_head":"<!-- This site is optimized with the Yoast SEO Premium plugin v27.3 (Yoast SEO v27.3) - https:\/\/yoast.com\/product\/yoast-seo-premium-wordpress\/ -->\n<title>Resources - Dynatos<\/title>\n<meta name=\"description\" content=\"Inhalte erstellt und Veranstaltungen von Branchenexperten mit einer Leidenschaft f\u00fcr Finanzen und Beschaffung.\" \/>\n<meta name=\"robots\" content=\"index, follow, max-snippet:-1, max-image-preview:large, max-video-preview:-1\" \/>\n<link rel=\"canonical\" href=\"https:\/\/www.dynatos.com\/de\/resources\/\" \/>\n<meta property=\"og:locale\" content=\"de_DE\" \/>\n<meta property=\"og:type\" content=\"article\" \/>\n<meta property=\"og:title\" content=\"Resources\" \/>\n<meta property=\"og:description\" content=\"Inhalte erstellt und Veranstaltungen von Branchenexperten mit einer Leidenschaft f\u00fcr Finanzen und Beschaffung.\" \/>\n<meta property=\"og:url\" content=\"https:\/\/www.dynatos.com\/de\/resources\/\" \/>\n<meta property=\"og:site_name\" content=\"Dynatos\" \/>\n<meta property=\"article:modified_time\" content=\"2024-12-09T18:57:07+00:00\" \/>\n<meta name=\"twitter:card\" content=\"summary_large_image\" \/>\n<script type=\"application\/ld+json\" class=\"yoast-schema-graph\">{\"@context\":\"https:\\\/\\\/schema.org\",\"@graph\":[{\"@type\":\"WebPage\",\"@id\":\"https:\\\/\\\/www.dynatos.com\\\/de\\\/resources\\\/\",\"url\":\"https:\\\/\\\/www.dynatos.com\\\/de\\\/resources\\\/\",\"name\":\"Resources - Dynatos\",\"isPartOf\":{\"@id\":\"https:\\\/\\\/www.dynatos.com\\\/de\\\/#website\"},\"datePublished\":\"2024-04-20T09:32:03+00:00\",\"dateModified\":\"2024-12-09T18:57:07+00:00\",\"description\":\"Inhalte erstellt und Veranstaltungen von Branchenexperten mit einer Leidenschaft f\u00fcr Finanzen und Beschaffung.\",\"inLanguage\":\"de\",\"potentialAction\":[{\"@type\":\"ReadAction\",\"target\":[\"https:\\\/\\\/www.dynatos.com\\\/de\\\/resources\\\/\"]}]},{\"@type\":\"WebSite\",\"@id\":\"https:\\\/\\\/www.dynatos.com\\\/de\\\/#website\",\"url\":\"https:\\\/\\\/www.dynatos.com\\\/de\\\/\",\"name\":\"Dynatos\",\"description\":\"Intelligent Finance Automation\",\"potentialAction\":[{\"@type\":\"SearchAction\",\"target\":{\"@type\":\"EntryPoint\",\"urlTemplate\":\"https:\\\/\\\/www.dynatos.com\\\/de\\\/?s={search_term_string}\"},\"query-input\":{\"@type\":\"PropertyValueSpecification\",\"valueRequired\":true,\"valueName\":\"search_term_string\"}}],\"inLanguage\":\"de\"}]}<\/script>\n<!-- \/ Yoast SEO Premium plugin. -->","yoast_head_json":{"title":"Resources - Dynatos","description":"Inhalte erstellt und Veranstaltungen von Branchenexperten mit einer Leidenschaft f\u00fcr Finanzen und Beschaffung.","robots":{"index":"index","follow":"follow","max-snippet":"max-snippet:-1","max-image-preview":"max-image-preview:large","max-video-preview":"max-video-preview:-1"},"canonical":"https:\/\/www.dynatos.com\/de\/resources\/","og_locale":"de_DE","og_type":"article","og_title":"Resources","og_description":"Inhalte erstellt und Veranstaltungen von Branchenexperten mit einer Leidenschaft f\u00fcr Finanzen und Beschaffung.","og_url":"https:\/\/www.dynatos.com\/de\/resources\/","og_site_name":"Dynatos","article_modified_time":"2024-12-09T18:57:07+00:00","twitter_card":"summary_large_image","schema":{"@context":"https:\/\/schema.org","@graph":[{"@type":"WebPage","@id":"https:\/\/www.dynatos.com\/de\/resources\/","url":"https:\/\/www.dynatos.com\/de\/resources\/","name":"Resources - Dynatos","isPartOf":{"@id":"https:\/\/www.dynatos.com\/de\/#website"},"datePublished":"2024-04-20T09:32:03+00:00","dateModified":"2024-12-09T18:57:07+00:00","description":"Inhalte erstellt und Veranstaltungen von Branchenexperten mit einer Leidenschaft f\u00fcr Finanzen und Beschaffung.","inLanguage":"de","potentialAction":[{"@type":"ReadAction","target":["https:\/\/www.dynatos.com\/de\/resources\/"]}]},{"@type":"WebSite","@id":"https:\/\/www.dynatos.com\/de\/#website","url":"https:\/\/www.dynatos.com\/de\/","name":"Dynatos","description":"Intelligent Finance Automation","potentialAction":[{"@type":"SearchAction","target":{"@type":"EntryPoint","urlTemplate":"https:\/\/www.dynatos.com\/de\/?s={search_term_string}"},"query-input":{"@type":"PropertyValueSpecification","valueRequired":true,"valueName":"search_term_string"}}],"inLanguage":"de"}]}},"_links":{"self":[{"href":"https:\/\/www.dynatos.com\/de\/wp-json\/wp\/v2\/pages\/43282","targetHints":{"allow":["GET"]}}],"collection":[{"href":"https:\/\/www.dynatos.com\/de\/wp-json\/wp\/v2\/pages"}],"about":[{"href":"https:\/\/www.dynatos.com\/de\/wp-json\/wp\/v2\/types\/page"}],"author":[{"embeddable":true,"href":"https:\/\/www.dynatos.com\/de\/wp-json\/wp\/v2\/users\/13"}],"replies":[{"embeddable":true,"href":"https:\/\/www.dynatos.com\/de\/wp-json\/wp\/v2\/comments?post=43282"}],"version-history":[{"count":0,"href":"https:\/\/www.dynatos.com\/de\/wp-json\/wp\/v2\/pages\/43282\/revisions"}],"wp:attachment":[{"href":"https:\/\/www.dynatos.com\/de\/wp-json\/wp\/v2\/media?parent=43282"}],"curies":[{"name":"wp","href":"https:\/\/api.w.org\/{rel}","templated":true}]}}